{"id":75,"date":"2023-06-21T08:15:53","date_gmt":"2023-06-21T08:15:53","guid":{"rendered":"https:\/\/larrysgaragedoorrepair.com\/es\/?page_id=75"},"modified":"2023-09-01T17:26:25","modified_gmt":"2023-09-01T17:26:25","slug":"sobre-nosotras","status":"publish","type":"page","link":"https:\/\/larrysgaragedoorrepair.com\/es\/sobre-nosotras","title":{"rendered":"Sobre nosotras"},"content":{"rendered":"<p>[et_pb_section fb_built=&#8221;1&#8243; fullwidth=&#8221;on&#8221; _builder_version=&#8221;4.21.0&#8243; _module_preset=&#8221;default&#8221; global_colors_info=&#8221;{}&#8221;][et_pb_fullwidth_image src=&#8221;https:\/\/larrysgaragedoorrepair.com\/es\/wp-content\/uploads\/2023\/09\/ABOUT.jpg&#8221; alt=&#8221;About Larry\u2019s Garage Door Repair&#8221; title_text=&#8221;ABOUT&#8221; _builder_version=&#8221;4.22.1&#8243; _module_preset=&#8221;default&#8221; hover_enabled=&#8221;0&#8243; global_colors_info=&#8221;{}&#8221; sticky_enabled=&#8221;0&#8243;][\/et_pb_fullwidth_image][\/et_pb_section][et_pb_section fb_built=&#8221;1&#8243; _builder_version=&#8221;4.21.0&#8243; _module_preset=&#8221;default&#8221; background_image=&#8221;https:\/\/larrysgaragedoorrepair.com\/es\/wp-content\/uploads\/2023\/07\/shape-2.png&#8221; parallax=&#8221;on&#8221; parallax_method=&#8221;off&#8221; global_colors_info=&#8221;{}&#8221;][et_pb_row column_structure=&#8221;1_3,2_3&#8243; _builder_version=&#8221;4.21.0&#8243; _module_preset=&#8221;default&#8221; global_colors_info=&#8221;{}&#8221;][et_pb_column type=&#8221;1_3&#8243; _builder_version=&#8221;4.21.0&#8243; _module_preset=&#8221;default&#8221; global_colors_info=&#8221;{}&#8221;][et_pb_image src=&#8221;https:\/\/larrysgaragedoorrepair.com\/es\/wp-content\/uploads\/2023\/07\/7a.jpg&#8221; alt=&#8221;About Larry&#8221; title_text=&#8221;7a&#8221; _builder_version=&#8221;4.22.1&#8243; _module_preset=&#8221;default&#8221; animation_style=&#8221;slide&#8221; animation_direction=&#8221;left&#8221; border_width_all=&#8221;10px&#8221; border_color_all=&#8221;#FFFFFF&#8221; box_shadow_style=&#8221;preset1&#8243; global_colors_info=&#8221;{}&#8221;][\/et_pb_image][\/et_pb_column][et_pb_column type=&#8221;2_3&#8243; _builder_version=&#8221;4.21.0&#8243; _module_preset=&#8221;default&#8221; global_colors_info=&#8221;{}&#8221;][et_pb_text _builder_version=&#8221;4.22.1&#8243; _module_preset=&#8221;default&#8221; header_2_font=&#8221;Merriweather|700|||||||&#8221; header_2_text_color=&#8221;#000000&#8243; custom_margin=&#8221;||16px|||&#8221; animation_style=&#8221;slide&#8221; global_colors_info=&#8221;{}&#8221;]<\/p>\n<h2>Acerca de Larry<\/h2>\n<p>[\/et_pb_text][et_pb_text _builder_version=&#8221;4.22.1&#8243; _module_preset=&#8221;default&#8221; text_font=&#8221;Poppins||||||||&#8221; text_text_color=&#8221;#000000&#8243; text_font_size=&#8221;16px&#8221; animation_style=&#8221;slide&#8221; global_colors_info=&#8221;{}&#8221;]Bienvenido a Larry Garage Door, donde la excelencia es nuestra promesa y la satisfacci\u00f3n del cliente es nuestra principal prioridad.<\/p>\n<p>Larry, la fuerza impulsora de nuestro \u00e9xito, no ha escatimado esfuerzos para garantizar que nuestros clientes reciban las mejores ofertas en sus puertas de garaje. Ya sean puertas manuales o autom\u00e1ticas, las manejamos todas, asegur\u00e1ndonos de que sean m\u00e1s fuertes y confiables que nunca.<\/p>\n<p>Nuestra reputaci\u00f3n como instaladores de puertas de garaje robustas y confiables del vecindario nos precede. Compare nuestros precios y servicios con otros y ver\u00e1 por qu\u00e9 somos los ganadores innegables.<\/p>\n<p>Nuestra colecci\u00f3n de puertas de garaje ha obtenido un gran reconocimiento y puede explorar varias muestras en nuestro sitio web para presenciar la calidad excepcional de nuestra mano de obra.[\/et_pb_text][\/et_pb_column][\/et_pb_row][\/et_pb_section][et_pb_section fb_built=&#8221;1&#8243; _builder_version=&#8221;4.21.0&#8243; _module_preset=&#8221;default&#8221; global_colors_info=&#8221;{}&#8221;][et_pb_row column_structure=&#8221;2_3,1_3&#8243; _builder_version=&#8221;4.21.0&#8243; _module_preset=&#8221;default&#8221; global_colors_info=&#8221;{}&#8221;][et_pb_column type=&#8221;2_3&#8243; _builder_version=&#8221;4.21.0&#8243; _module_preset=&#8221;default&#8221; global_colors_info=&#8221;{}&#8221;][et_pb_text _builder_version=&#8221;4.22.1&#8243; _module_preset=&#8221;default&#8221; text_font=&#8221;Poppins||||||||&#8221; text_text_color=&#8221;#000000&#8243; text_font_size=&#8221;16px&#8221; animation_style=&#8221;slide&#8221; global_colors_info=&#8221;{}&#8221;]Pero eso no es todo: nuestro equipo se esfuerza solucionando desaf\u00edos que otros consideraban imposibles. Nunca renunciamos a encontrar soluciones, garantizando que incluso los problemas m\u00e1s complejos sean cosa del pasado.<\/p>\n<p>Con nosotros, sus necesidades de puertas de garaje residenciales est\u00e1n bien atendidas, ya que ofrecemos precios inmejorables sin comprometer la calidad. Y como pioneros en la industria, nos esforzamos continuamente por optimizar el proceso de instalaci\u00f3n, haci\u00e9ndolo m\u00e1s simple y rentable para nuestros valiosos clientes.<\/p>\n<p>Bajo nuestra gu\u00eda experta, sea testigo de un espacio vac\u00edo transformado en un garaje bien dise\u00f1ado, que refleja nuestra dedicaci\u00f3n a la perfecci\u00f3n y la artesan\u00eda.<\/p>\n<p>Elija Larry Garage Door para obtener un servicio excepcional, precios inmejorables y una experiencia incomparable en el \u00e1mbito de las puertas de garaje. \u00a1Experimenta la diferencia hoy![\/et_pb_text][et_pb_button button_url=&#8221;@ET-DC@eyJkeW5hbWljIjp0cnVlLCJjb250ZW50IjoicG9zdF9saW5rX3VybF9wYWdlIiwic2V0dGluZ3MiOnsicG9zdF9pZCI6IjcwIn19@&#8221; button_text=&#8221;Contacto&#8221; button_alignment=&#8221;left&#8221; _builder_version=&#8221;4.22.1&#8243; _dynamic_attributes=&#8221;button_url&#8221; _module_preset=&#8221;default&#8221; custom_button=&#8221;on&#8221; button_text_color=&#8221;#FFFFFF&#8221; button_bg_color=&#8221;#ba2d2d&#8221; button_font=&#8221;Poppins||||||||&#8221; button_use_icon=&#8221;off&#8221; custom_margin=&#8221;8px||||false|false&#8221; animation_style=&#8221;roll&#8221; box_shadow_style=&#8221;preset4&#8243; global_colors_info=&#8221;{}&#8221; button_bg_color__hover_enabled=&#8221;on|hover&#8221; button_bg_color__hover=&#8221;#000000&#8243; button_bg_enable_color__hover=&#8221;on&#8221;][\/et_pb_button][\/et_pb_column][et_pb_column type=&#8221;1_3&#8243; _builder_version=&#8221;4.21.0&#8243; _module_preset=&#8221;default&#8221; global_colors_info=&#8221;{}&#8221;][et_pb_image src=&#8221;https:\/\/larrysgaragedoorrepair.com\/es\/wp-content\/uploads\/2023\/07\/6a.jpg&#8221; alt=&#8221;About &#8211; Larry&#8221; title_text=&#8221;6a&#8221; _builder_version=&#8221;4.22.1&#8243; _module_preset=&#8221;default&#8221; animation_style=&#8221;slide&#8221; animation_direction=&#8221;right&#8221; border_width_all=&#8221;10px&#8221; border_color_all=&#8221;#FFFFFF&#8221; box_shadow_style=&#8221;preset1&#8243; global_colors_info=&#8221;{}&#8221;][\/et_pb_image][\/et_pb_column][\/et_pb_row][\/et_pb_section]<\/p>\n","protected":false},"excerpt":{"rendered":"<p>Acerca de LarryBienvenido a Larry Garage Door, donde la excelencia es nuestra promesa y la satisfacci\u00f3n del cliente es nuestra principal prioridad. Larry, la fuerza impulsora de nuestro \u00e9xito, no ha escatimado esfuerzos para garantizar que nuestros clientes reciban las mejores ofertas en sus puertas de garaje. Ya sean puertas manuales o autom\u00e1ticas, las manejamos [&hellip;]<\/p>\n","protected":false},"author":1,"featured_media":0,"parent":0,"menu_order":0,"comment_status":"closed","ping_status":"closed","template":"","meta":{"_et_pb_use_builder":"on","_et_pb_old_content":"<!-- wp:divi\/placeholder \/-->","_et_gb_content_width":"","footnotes":""},"class_list":["post-75","page","type-page","status-publish","hentry"],"yoast_head":"<!-- This site is optimized with the Yoast SEO plugin v27.4 - https:\/\/yoast.com\/product\/yoast-seo-wordpress\/ -->\n<title>Larry\u2019s Garage Door Repair | Servicio de emergencia profesional y confiable<\/title>\n<meta name=\"description\" content=\"Larry&#039;s Garage Door Repair ofrece servicios y reparaciones de emergencia de puertas de garaje profesionales y confiables. Nuestro equipo se especializa en servicio el mismo d\u00eda y ofrece un excelente servicio al cliente. \u00a1Cont\u00e1ctanos para cualquiera de tus necesidades!\" \/>\n<meta name=\"robots\" content=\"index, follow, max-snippet:-1, max-image-preview:large, max-video-preview:-1\" \/>\n<link rel=\"canonical\" href=\"https:\/\/larrysgaragedoorrepair.com\/es\/sobre-nosotras\" \/>\n<meta property=\"og:locale\" content=\"en_US\" \/>\n<meta property=\"og:type\" content=\"article\" \/>\n<meta property=\"og:title\" content=\"Larry\u2019s Garage Door Repair | Servicio de emergencia profesional y confiable\" \/>\n<meta property=\"og:description\" content=\"Larry&#039;s Garage Door Repair ofrece servicios y reparaciones de emergencia de puertas de garaje profesionales y confiables. Nuestro equipo se especializa en servicio el mismo d\u00eda y ofrece un excelente servicio al cliente. \u00a1Cont\u00e1ctanos para cualquiera de tus necesidades!\" \/>\n<meta property=\"og:url\" content=\"https:\/\/larrysgaragedoorrepair.com\/es\/sobre-nosotras\" \/>\n<meta property=\"og:site_name\" content=\"Larry&#039;s Garage Door Repair\" \/>\n<meta property=\"article:modified_time\" content=\"2023-09-01T17:26:25+00:00\" \/>\n<meta name=\"twitter:card\" content=\"summary_large_image\" \/>\n<meta name=\"twitter:label1\" content=\"Est. reading time\" \/>\n\t<meta name=\"twitter:data1\" content=\"2 minutes\" \/>\n<script type=\"application\/ld+json\" class=\"yoast-schema-graph\">{\"@context\":\"https:\\\/\\\/schema.org\",\"@graph\":[{\"@type\":\"WebPage\",\"@id\":\"https:\\\/\\\/larrysgaragedoorrepair.com\\\/es\\\/sobre-nosotras\",\"url\":\"https:\\\/\\\/larrysgaragedoorrepair.com\\\/es\\\/sobre-nosotras\",\"name\":\"Larry\u2019s Garage Door Repair | Servicio de emergencia profesional y confiable\",\"isPartOf\":{\"@id\":\"https:\\\/\\\/larrysgaragedoorrepair.com\\\/es\\\/#website\"},\"datePublished\":\"2023-06-21T08:15:53+00:00\",\"dateModified\":\"2023-09-01T17:26:25+00:00\",\"description\":\"Larry's Garage Door Repair ofrece servicios y reparaciones de emergencia de puertas de garaje profesionales y confiables. Nuestro equipo se especializa en servicio el mismo d\u00eda y ofrece un excelente servicio al cliente. \u00a1Cont\u00e1ctanos para cualquiera de tus necesidades!\",\"breadcrumb\":{\"@id\":\"https:\\\/\\\/larrysgaragedoorrepair.com\\\/es\\\/sobre-nosotras#breadcrumb\"},\"inLanguage\":\"en-US\",\"potentialAction\":[{\"@type\":\"ReadAction\",\"target\":[\"https:\\\/\\\/larrysgaragedoorrepair.com\\\/es\\\/sobre-nosotras\"]}]},{\"@type\":\"BreadcrumbList\",\"@id\":\"https:\\\/\\\/larrysgaragedoorrepair.com\\\/es\\\/sobre-nosotras#breadcrumb\",\"itemListElement\":[{\"@type\":\"ListItem\",\"position\":1,\"name\":\"Home\",\"item\":\"https:\\\/\\\/larrysgaragedoorrepair.com\\\/es\\\/\"},{\"@type\":\"ListItem\",\"position\":2,\"name\":\"Sobre nosotras\"}]},{\"@type\":\"WebSite\",\"@id\":\"https:\\\/\\\/larrysgaragedoorrepair.com\\\/es\\\/#website\",\"url\":\"https:\\\/\\\/larrysgaragedoorrepair.com\\\/es\\\/\",\"name\":\"Larry&#039;s Garage Door Repair\",\"description\":\"\",\"potentialAction\":[{\"@type\":\"SearchAction\",\"target\":{\"@type\":\"EntryPoint\",\"urlTemplate\":\"https:\\\/\\\/larrysgaragedoorrepair.com\\\/es\\\/?s={search_term_string}\"},\"query-input\":{\"@type\":\"PropertyValueSpecification\",\"valueRequired\":true,\"valueName\":\"search_term_string\"}}],\"inLanguage\":\"en-US\"}]}<\/script>\n<!-- \/ Yoast SEO plugin. -->","yoast_head_json":{"title":"Larry\u2019s Garage Door Repair | Servicio de emergencia profesional y confiable","description":"Larry's Garage Door Repair ofrece servicios y reparaciones de emergencia de puertas de garaje profesionales y confiables. Nuestro equipo se especializa en servicio el mismo d\u00eda y ofrece un excelente servicio al cliente. \u00a1Cont\u00e1ctanos para cualquiera de tus necesidades!","robots":{"index":"index","follow":"follow","max-snippet":"max-snippet:-1","max-image-preview":"max-image-preview:large","max-video-preview":"max-video-preview:-1"},"canonical":"https:\/\/larrysgaragedoorrepair.com\/es\/sobre-nosotras","og_locale":"en_US","og_type":"article","og_title":"Larry\u2019s Garage Door Repair | Servicio de emergencia profesional y confiable","og_description":"Larry's Garage Door Repair ofrece servicios y reparaciones de emergencia de puertas de garaje profesionales y confiables. Nuestro equipo se especializa en servicio el mismo d\u00eda y ofrece un excelente servicio al cliente. \u00a1Cont\u00e1ctanos para cualquiera de tus necesidades!","og_url":"https:\/\/larrysgaragedoorrepair.com\/es\/sobre-nosotras","og_site_name":"Larry&#039;s Garage Door Repair","article_modified_time":"2023-09-01T17:26:25+00:00","twitter_card":"summary_large_image","twitter_misc":{"Est. reading time":"2 minutes"},"schema":{"@context":"https:\/\/schema.org","@graph":[{"@type":"WebPage","@id":"https:\/\/larrysgaragedoorrepair.com\/es\/sobre-nosotras","url":"https:\/\/larrysgaragedoorrepair.com\/es\/sobre-nosotras","name":"Larry\u2019s Garage Door Repair | Servicio de emergencia profesional y confiable","isPartOf":{"@id":"https:\/\/larrysgaragedoorrepair.com\/es\/#website"},"datePublished":"2023-06-21T08:15:53+00:00","dateModified":"2023-09-01T17:26:25+00:00","description":"Larry's Garage Door Repair ofrece servicios y reparaciones de emergencia de puertas de garaje profesionales y confiables. Nuestro equipo se especializa en servicio el mismo d\u00eda y ofrece un excelente servicio al cliente. \u00a1Cont\u00e1ctanos para cualquiera de tus necesidades!","breadcrumb":{"@id":"https:\/\/larrysgaragedoorrepair.com\/es\/sobre-nosotras#breadcrumb"},"inLanguage":"en-US","potentialAction":[{"@type":"ReadAction","target":["https:\/\/larrysgaragedoorrepair.com\/es\/sobre-nosotras"]}]},{"@type":"BreadcrumbList","@id":"https:\/\/larrysgaragedoorrepair.com\/es\/sobre-nosotras#breadcrumb","itemListElement":[{"@type":"ListItem","position":1,"name":"Home","item":"https:\/\/larrysgaragedoorrepair.com\/es\/"},{"@type":"ListItem","position":2,"name":"Sobre nosotras"}]},{"@type":"WebSite","@id":"https:\/\/larrysgaragedoorrepair.com\/es\/#website","url":"https:\/\/larrysgaragedoorrepair.com\/es\/","name":"Larry&#039;s Garage Door Repair","description":"","potentialAction":[{"@type":"SearchAction","target":{"@type":"EntryPoint","urlTemplate":"https:\/\/larrysgaragedoorrepair.com\/es\/?s={search_term_string}"},"query-input":{"@type":"PropertyValueSpecification","valueRequired":true,"valueName":"search_term_string"}}],"inLanguage":"en-US"}]}},"_links":{"self":[{"href":"https:\/\/larrysgaragedoorrepair.com\/es\/wp-json\/wp\/v2\/pages\/75","targetHints":{"allow":["GET"]}}],"collection":[{"href":"https:\/\/larrysgaragedoorrepair.com\/es\/wp-json\/wp\/v2\/pages"}],"about":[{"href":"https:\/\/larrysgaragedoorrepair.com\/es\/wp-json\/wp\/v2\/types\/page"}],"author":[{"embeddable":true,"href":"https:\/\/larrysgaragedoorrepair.com\/es\/wp-json\/wp\/v2\/users\/1"}],"replies":[{"embeddable":true,"href":"https:\/\/larrysgaragedoorrepair.com\/es\/wp-json\/wp\/v2\/comments?post=75"}],"version-history":[{"count":20,"href":"https:\/\/larrysgaragedoorrepair.com\/es\/wp-json\/wp\/v2\/pages\/75\/revisions"}],"predecessor-version":[{"id":732,"href":"https:\/\/larrysgaragedoorrepair.com\/es\/wp-json\/wp\/v2\/pages\/75\/revisions\/732"}],"wp:attachment":[{"href":"https:\/\/larrysgaragedoorrepair.com\/es\/wp-json\/wp\/v2\/media?parent=75"}],"curies":[{"name":"wp","href":"https:\/\/api.w.org\/{rel}","templated":true}]}}