{"id":394,"date":"2023-07-12T17:35:24","date_gmt":"2023-07-12T17:35:24","guid":{"rendered":"https:\/\/larrysgaragedoorrepair.com\/es\/?page_id=394"},"modified":"2023-09-01T17:27:34","modified_gmt":"2023-09-01T17:27:34","slug":"reparacion-de-cables-de-puertas-de-garaje","status":"publish","type":"page","link":"https:\/\/larrysgaragedoorrepair.com\/es\/reparacion-de-cables-de-puertas-de-garaje","title":{"rendered":"Reparaci\u00f3n de cables de puertas de garaje"},"content":{"rendered":"<p>[et_pb_section fb_built=&#8221;1&#8243; fullwidth=&#8221;on&#8221; _builder_version=&#8221;4.21.0&#8243; _module_preset=&#8221;default&#8221; global_colors_info=&#8221;{}&#8221;][et_pb_fullwidth_image src=&#8221;https:\/\/larrysgaragedoorrepair.com\/es\/wp-content\/uploads\/2023\/09\/SERVICIOS.jpg&#8221; alt=&#8221;SERVICIOS&#8221; title_text=&#8221;SERVICIOS&#8221; _builder_version=&#8221;4.22.1&#8243; _module_preset=&#8221;default&#8221; hover_enabled=&#8221;0&#8243; global_colors_info=&#8221;{}&#8221; sticky_enabled=&#8221;0&#8243;][\/et_pb_fullwidth_image][\/et_pb_section][et_pb_section fb_built=&#8221;1&#8243; _builder_version=&#8221;4.21.0&#8243; _module_preset=&#8221;default&#8221; background_image=&#8221;https:\/\/larrysgaragedoorrepair.com\/es\/wp-content\/uploads\/2023\/07\/shape-2.png&#8221; parallax=&#8221;on&#8221; parallax_method=&#8221;off&#8221; global_colors_info=&#8221;{}&#8221;][et_pb_row column_structure=&#8221;1_3,1_3,1_3&#8243; _builder_version=&#8221;4.21.0&#8243; _module_preset=&#8221;default&#8221; global_colors_info=&#8221;{}&#8221;][et_pb_column type=&#8221;1_3&#8243; _builder_version=&#8221;4.21.0&#8243; _module_preset=&#8221;default&#8221; animation_style=&#8221;slide&#8221; animation_direction=&#8221;left&#8221; global_colors_info=&#8221;{}&#8221;][et_pb_image src=&#8221;https:\/\/larrysgaragedoorrepair.com\/es\/wp-content\/uploads\/2023\/07\/1a-5.jpg&#8221; alt=&#8221;Garage Door Cable Repair: Swift Solutions for Smooth Operations!&#8221; title_text=&#8221;1a&#8221; _builder_version=&#8221;4.22.1&#8243; _module_preset=&#8221;default&#8221; border_width_all=&#8221;10px&#8221; border_color_all=&#8221;#FFFFFF&#8221; box_shadow_style=&#8221;preset1&#8243; global_colors_info=&#8221;{}&#8221;][\/et_pb_image][\/et_pb_column][et_pb_column type=&#8221;1_3&#8243; _builder_version=&#8221;4.21.0&#8243; _module_preset=&#8221;default&#8221; animation_style=&#8221;slide&#8221; animation_direction=&#8221;left&#8221; global_colors_info=&#8221;{}&#8221;][et_pb_image src=&#8221;https:\/\/larrysgaragedoorrepair.com\/es\/wp-content\/uploads\/2023\/07\/repair2.jpg&#8221; alt=&#8221;Garage Door Cable Repair: Swift Solutions for Smooth Operations!&#8221; title_text=&#8221;repair2&#8243; _builder_version=&#8221;4.22.1&#8243; _module_preset=&#8221;default&#8221; border_width_all=&#8221;10px&#8221; border_color_all=&#8221;#FFFFFF&#8221; box_shadow_style=&#8221;preset1&#8243; global_colors_info=&#8221;{}&#8221;][\/et_pb_image][\/et_pb_column][et_pb_column type=&#8221;1_3&#8243; _builder_version=&#8221;4.21.0&#8243; _module_preset=&#8221;default&#8221; animation_style=&#8221;slide&#8221; animation_direction=&#8221;left&#8221; global_colors_info=&#8221;{}&#8221;][et_pb_image src=&#8221;https:\/\/larrysgaragedoorrepair.com\/es\/wp-content\/uploads\/2023\/07\/repair3.jpg&#8221; alt=&#8221;Swift Solutions for Smooth Operations!&#8221; title_text=&#8221;repair3&#8243; _builder_version=&#8221;4.22.1&#8243; _module_preset=&#8221;default&#8221; border_width_all=&#8221;10px&#8221; border_color_all=&#8221;#FFFFFF&#8221; box_shadow_style=&#8221;preset1&#8243; global_colors_info=&#8221;{}&#8221;][\/et_pb_image][\/et_pb_column][\/et_pb_row][et_pb_row _builder_version=&#8221;4.21.0&#8243; _module_preset=&#8221;default&#8221; global_colors_info=&#8221;{}&#8221;][et_pb_column type=&#8221;4_4&#8243; _builder_version=&#8221;4.21.0&#8243; _module_preset=&#8221;default&#8221; global_colors_info=&#8221;{}&#8221;][et_pb_text _builder_version=&#8221;4.22.1&#8243; _module_preset=&#8221;default&#8221; header_2_font=&#8221;Merriweather|700|||||||&#8221; header_2_text_align=&#8221;center&#8221; header_2_text_color=&#8221;#000000&#8243; header_2_line_height=&#8221;1.5em&#8221; custom_margin=&#8221;||16px|||&#8221; animation_style=&#8221;slide&#8221; global_colors_info=&#8221;{}&#8221;]<\/p>\n<h2>Reparaci\u00f3n de cables de puertas de garaje: \u00a1Soluciones r\u00e1pidas para un funcionamiento fluido!<\/h2>\n<p>[\/et_pb_text][et_pb_text _builder_version=&#8221;4.22.1&#8243; _module_preset=&#8221;default&#8221; text_font=&#8221;Poppins||||||||&#8221; text_text_color=&#8221;#000000&#8243; text_font_size=&#8221;16px&#8221; animation_style=&#8221;slide&#8221; global_colors_info=&#8221;{}&#8221;]\u00bfEl cable de la puerta de tu garaje te est\u00e1 causando dolores de cabeza? No se preocupe: \u00a1nuestro equipo de expertos est\u00e1 a su servicio para restaurar la funcionalidad de su puerta en poco tiempo!<\/p>\n<p>En Larry&#8217;s Garage Door Repair, conocemos la importancia de que el cable de la puerta de garaje funcione correctamente. Desempe\u00f1a un papel vital para garantizar operaciones fluidas y prevenir posibles accidentes. Nuestros t\u00e9cnicos capacitados est\u00e1n bien equipados para manejar cualquier problema con los cables, desde cables pelados hasta reemplazos completos.<\/p>\n<p>Entendemos que una puerta de garaje que no funciona correctamente puede alterar su rutina diaria, por eso priorizamos las reparaciones r\u00e1pidas y eficientes. Con nuestra atenci\u00f3n al detalle y dedicaci\u00f3n a la calidad, nos aseguramos de que su puerta de garaje vuelva a funcionar y funcione sin problemas.<\/p>\n<p>Cuente con nosotros para obtener servicios de reparaci\u00f3n de cables para puertas de garaje profesionales y confiables. Estamos a solo una llamada de distancia, listos para enfrentar cualquier desaf\u00edo que la puerta de su garaje pueda presentarnos. \u00a1Comun\u00edquese con nosotros ahora y experimente la diferencia de una puerta de garaje que funcione sin problemas![\/et_pb_text][\/et_pb_column][\/et_pb_row][\/et_pb_section]<\/p>\n","protected":false},"excerpt":{"rendered":"<p>Reparaci\u00f3n de cables de puertas de garaje: \u00a1Soluciones r\u00e1pidas para un funcionamiento fluido!\u00bfEl cable de la puerta de tu garaje te est\u00e1 causando dolores de cabeza? No se preocupe: \u00a1nuestro equipo de expertos est\u00e1 a su servicio para restaurar la funcionalidad de su puerta en poco tiempo! En Larry&#8217;s Garage Door Repair, conocemos la importancia [&hellip;]<\/p>\n","protected":false},"author":1,"featured_media":0,"parent":0,"menu_order":0,"comment_status":"closed","ping_status":"closed","template":"","meta":{"_et_pb_use_builder":"on","_et_pb_old_content":"<!-- wp:divi\/placeholder \/-->","_et_gb_content_width":"","footnotes":""},"class_list":["post-394","page","type-page","status-publish","hentry"],"yoast_head":"<!-- This site is optimized with the Yoast SEO plugin v27.4 - https:\/\/yoast.com\/product\/yoast-seo-wordpress\/ -->\n<title>Larry&#039;s Garage Door Repair | Servicios profesionales de reparaci\u00f3n de cables y emergencias<\/title>\n<meta name=\"description\" content=\"Conf\u00ede en los profesionales de Larry&#039;s Garage Door Repair para obtener servicios de reparaci\u00f3n de puertas de garaje de emergencia, r\u00e1pidos y confiables. Ofrecemos un excelente servicio al cliente y nuestro equipo experimentado puede encargarse de todas sus necesidades de reparaci\u00f3n de cables de puertas de garaje. \u00a1Cont\u00e1ctenos ahora y experimente la funcionalidad de la puerta de garaje sin complicaciones!\" \/>\n<meta name=\"robots\" content=\"index, follow, max-snippet:-1, max-image-preview:large, max-video-preview:-1\" \/>\n<link rel=\"canonical\" href=\"https:\/\/larrysgaragedoorrepair.com\/es\/reparacion-de-cables-de-puertas-de-garaje\" \/>\n<meta property=\"og:locale\" content=\"en_US\" \/>\n<meta property=\"og:type\" content=\"article\" \/>\n<meta property=\"og:title\" content=\"Larry&#039;s Garage Door Repair | Servicios profesionales de reparaci\u00f3n de cables y emergencias\" \/>\n<meta property=\"og:description\" content=\"Conf\u00ede en los profesionales de Larry&#039;s Garage Door Repair para obtener servicios de reparaci\u00f3n de puertas de garaje de emergencia, r\u00e1pidos y confiables. Ofrecemos un excelente servicio al cliente y nuestro equipo experimentado puede encargarse de todas sus necesidades de reparaci\u00f3n de cables de puertas de garaje. \u00a1Cont\u00e1ctenos ahora y experimente la funcionalidad de la puerta de garaje sin complicaciones!\" \/>\n<meta property=\"og:url\" content=\"https:\/\/larrysgaragedoorrepair.com\/es\/reparacion-de-cables-de-puertas-de-garaje\" \/>\n<meta property=\"og:site_name\" content=\"Larry&#039;s Garage Door Repair\" \/>\n<meta property=\"article:modified_time\" content=\"2023-09-01T17:27:34+00:00\" \/>\n<meta name=\"twitter:card\" content=\"summary_large_image\" \/>\n<meta name=\"twitter:label1\" content=\"Est. reading time\" \/>\n\t<meta name=\"twitter:data1\" content=\"2 minutes\" \/>\n<script type=\"application\/ld+json\" class=\"yoast-schema-graph\">{\"@context\":\"https:\\\/\\\/schema.org\",\"@graph\":[{\"@type\":\"WebPage\",\"@id\":\"https:\\\/\\\/larrysgaragedoorrepair.com\\\/es\\\/reparacion-de-cables-de-puertas-de-garaje\",\"url\":\"https:\\\/\\\/larrysgaragedoorrepair.com\\\/es\\\/reparacion-de-cables-de-puertas-de-garaje\",\"name\":\"Larry's Garage Door Repair | Servicios profesionales de reparaci\u00f3n de cables y emergencias\",\"isPartOf\":{\"@id\":\"https:\\\/\\\/larrysgaragedoorrepair.com\\\/es\\\/#website\"},\"datePublished\":\"2023-07-12T17:35:24+00:00\",\"dateModified\":\"2023-09-01T17:27:34+00:00\",\"description\":\"Conf\u00ede en los profesionales de Larry's Garage Door Repair para obtener servicios de reparaci\u00f3n de puertas de garaje de emergencia, r\u00e1pidos y confiables. Ofrecemos un excelente servicio al cliente y nuestro equipo experimentado puede encargarse de todas sus necesidades de reparaci\u00f3n de cables de puertas de garaje. \u00a1Cont\u00e1ctenos ahora y experimente la funcionalidad de la puerta de garaje sin complicaciones!\",\"breadcrumb\":{\"@id\":\"https:\\\/\\\/larrysgaragedoorrepair.com\\\/es\\\/reparacion-de-cables-de-puertas-de-garaje#breadcrumb\"},\"inLanguage\":\"en-US\",\"potentialAction\":[{\"@type\":\"ReadAction\",\"target\":[\"https:\\\/\\\/larrysgaragedoorrepair.com\\\/es\\\/reparacion-de-cables-de-puertas-de-garaje\"]}]},{\"@type\":\"BreadcrumbList\",\"@id\":\"https:\\\/\\\/larrysgaragedoorrepair.com\\\/es\\\/reparacion-de-cables-de-puertas-de-garaje#breadcrumb\",\"itemListElement\":[{\"@type\":\"ListItem\",\"position\":1,\"name\":\"Home\",\"item\":\"https:\\\/\\\/larrysgaragedoorrepair.com\\\/es\\\/\"},{\"@type\":\"ListItem\",\"position\":2,\"name\":\"Reparaci\u00f3n de cables de puertas de garaje\"}]},{\"@type\":\"WebSite\",\"@id\":\"https:\\\/\\\/larrysgaragedoorrepair.com\\\/es\\\/#website\",\"url\":\"https:\\\/\\\/larrysgaragedoorrepair.com\\\/es\\\/\",\"name\":\"Larry&#039;s Garage Door Repair\",\"description\":\"\",\"potentialAction\":[{\"@type\":\"SearchAction\",\"target\":{\"@type\":\"EntryPoint\",\"urlTemplate\":\"https:\\\/\\\/larrysgaragedoorrepair.com\\\/es\\\/?s={search_term_string}\"},\"query-input\":{\"@type\":\"PropertyValueSpecification\",\"valueRequired\":true,\"valueName\":\"search_term_string\"}}],\"inLanguage\":\"en-US\"}]}<\/script>\n<!-- \/ Yoast SEO plugin. -->","yoast_head_json":{"title":"Larry's Garage Door Repair | Servicios profesionales de reparaci\u00f3n de cables y emergencias","description":"Conf\u00ede en los profesionales de Larry's Garage Door Repair para obtener servicios de reparaci\u00f3n de puertas de garaje de emergencia, r\u00e1pidos y confiables. Ofrecemos un excelente servicio al cliente y nuestro equipo experimentado puede encargarse de todas sus necesidades de reparaci\u00f3n de cables de puertas de garaje. \u00a1Cont\u00e1ctenos ahora y experimente la funcionalidad de la puerta de garaje sin complicaciones!","robots":{"index":"index","follow":"follow","max-snippet":"max-snippet:-1","max-image-preview":"max-image-preview:large","max-video-preview":"max-video-preview:-1"},"canonical":"https:\/\/larrysgaragedoorrepair.com\/es\/reparacion-de-cables-de-puertas-de-garaje","og_locale":"en_US","og_type":"article","og_title":"Larry's Garage Door Repair | Servicios profesionales de reparaci\u00f3n de cables y emergencias","og_description":"Conf\u00ede en los profesionales de Larry's Garage Door Repair para obtener servicios de reparaci\u00f3n de puertas de garaje de emergencia, r\u00e1pidos y confiables. Ofrecemos un excelente servicio al cliente y nuestro equipo experimentado puede encargarse de todas sus necesidades de reparaci\u00f3n de cables de puertas de garaje. \u00a1Cont\u00e1ctenos ahora y experimente la funcionalidad de la puerta de garaje sin complicaciones!","og_url":"https:\/\/larrysgaragedoorrepair.com\/es\/reparacion-de-cables-de-puertas-de-garaje","og_site_name":"Larry&#039;s Garage Door Repair","article_modified_time":"2023-09-01T17:27:34+00:00","twitter_card":"summary_large_image","twitter_misc":{"Est. reading time":"2 minutes"},"schema":{"@context":"https:\/\/schema.org","@graph":[{"@type":"WebPage","@id":"https:\/\/larrysgaragedoorrepair.com\/es\/reparacion-de-cables-de-puertas-de-garaje","url":"https:\/\/larrysgaragedoorrepair.com\/es\/reparacion-de-cables-de-puertas-de-garaje","name":"Larry's Garage Door Repair | Servicios profesionales de reparaci\u00f3n de cables y emergencias","isPartOf":{"@id":"https:\/\/larrysgaragedoorrepair.com\/es\/#website"},"datePublished":"2023-07-12T17:35:24+00:00","dateModified":"2023-09-01T17:27:34+00:00","description":"Conf\u00ede en los profesionales de Larry's Garage Door Repair para obtener servicios de reparaci\u00f3n de puertas de garaje de emergencia, r\u00e1pidos y confiables. Ofrecemos un excelente servicio al cliente y nuestro equipo experimentado puede encargarse de todas sus necesidades de reparaci\u00f3n de cables de puertas de garaje. \u00a1Cont\u00e1ctenos ahora y experimente la funcionalidad de la puerta de garaje sin complicaciones!","breadcrumb":{"@id":"https:\/\/larrysgaragedoorrepair.com\/es\/reparacion-de-cables-de-puertas-de-garaje#breadcrumb"},"inLanguage":"en-US","potentialAction":[{"@type":"ReadAction","target":["https:\/\/larrysgaragedoorrepair.com\/es\/reparacion-de-cables-de-puertas-de-garaje"]}]},{"@type":"BreadcrumbList","@id":"https:\/\/larrysgaragedoorrepair.com\/es\/reparacion-de-cables-de-puertas-de-garaje#breadcrumb","itemListElement":[{"@type":"ListItem","position":1,"name":"Home","item":"https:\/\/larrysgaragedoorrepair.com\/es\/"},{"@type":"ListItem","position":2,"name":"Reparaci\u00f3n de cables de puertas de garaje"}]},{"@type":"WebSite","@id":"https:\/\/larrysgaragedoorrepair.com\/es\/#website","url":"https:\/\/larrysgaragedoorrepair.com\/es\/","name":"Larry&#039;s Garage Door Repair","description":"","potentialAction":[{"@type":"SearchAction","target":{"@type":"EntryPoint","urlTemplate":"https:\/\/larrysgaragedoorrepair.com\/es\/?s={search_term_string}"},"query-input":{"@type":"PropertyValueSpecification","valueRequired":true,"valueName":"search_term_string"}}],"inLanguage":"en-US"}]}},"_links":{"self":[{"href":"https:\/\/larrysgaragedoorrepair.com\/es\/wp-json\/wp\/v2\/pages\/394","targetHints":{"allow":["GET"]}}],"collection":[{"href":"https:\/\/larrysgaragedoorrepair.com\/es\/wp-json\/wp\/v2\/pages"}],"about":[{"href":"https:\/\/larrysgaragedoorrepair.com\/es\/wp-json\/wp\/v2\/types\/page"}],"author":[{"embeddable":true,"href":"https:\/\/larrysgaragedoorrepair.com\/es\/wp-json\/wp\/v2\/users\/1"}],"replies":[{"embeddable":true,"href":"https:\/\/larrysgaragedoorrepair.com\/es\/wp-json\/wp\/v2\/comments?post=394"}],"version-history":[{"count":14,"href":"https:\/\/larrysgaragedoorrepair.com\/es\/wp-json\/wp\/v2\/pages\/394\/revisions"}],"predecessor-version":[{"id":740,"href":"https:\/\/larrysgaragedoorrepair.com\/es\/wp-json\/wp\/v2\/pages\/394\/revisions\/740"}],"wp:attachment":[{"href":"https:\/\/larrysgaragedoorrepair.com\/es\/wp-json\/wp\/v2\/media?parent=394"}],"curies":[{"name":"wp","href":"https:\/\/api.w.org\/{rel}","templated":true}]}}