{"id":391,"date":"2023-07-12T17:33:13","date_gmt":"2023-07-12T17:33:13","guid":{"rendered":"https:\/\/larrysgaragedoorrepair.com\/es\/?page_id=391"},"modified":"2023-09-01T17:27:23","modified_gmt":"2023-09-01T17:27:23","slug":"reparacion-de-emergencia-de-puertas-de-garaje","status":"publish","type":"page","link":"https:\/\/larrysgaragedoorrepair.com\/es\/reparacion-de-emergencia-de-puertas-de-garaje","title":{"rendered":"Reparaci\u00f3n de emergencia de puertas de garaje"},"content":{"rendered":"<p>[et_pb_section fb_built=&#8221;1&#8243; fullwidth=&#8221;on&#8221; _builder_version=&#8221;4.21.0&#8243; _module_preset=&#8221;default&#8221; global_colors_info=&#8221;{}&#8221;][et_pb_fullwidth_image src=&#8221;https:\/\/larrysgaragedoorrepair.com\/es\/wp-content\/uploads\/2023\/09\/SERVICIOS.jpg&#8221; alt=&#8221;SERVICIOS&#8221; title_text=&#8221;SERVICIOS&#8221; _builder_version=&#8221;4.22.1&#8243; _module_preset=&#8221;default&#8221; hover_enabled=&#8221;0&#8243; global_colors_info=&#8221;{}&#8221; sticky_enabled=&#8221;0&#8243;][\/et_pb_fullwidth_image][\/et_pb_section][et_pb_section fb_built=&#8221;1&#8243; _builder_version=&#8221;4.21.0&#8243; _module_preset=&#8221;default&#8221; background_image=&#8221;https:\/\/larrysgaragedoorrepair.com\/es\/wp-content\/uploads\/2023\/07\/shape-2.png&#8221; parallax=&#8221;on&#8221; parallax_method=&#8221;off&#8221; global_colors_info=&#8221;{}&#8221;][et_pb_row column_structure=&#8221;1_3,1_3,1_3&#8243; _builder_version=&#8221;4.21.0&#8243; _module_preset=&#8221;default&#8221; global_colors_info=&#8221;{}&#8221;][et_pb_column type=&#8221;1_3&#8243; _builder_version=&#8221;4.21.0&#8243; _module_preset=&#8221;default&#8221; animation_style=&#8221;slide&#8221; animation_direction=&#8221;left&#8221; global_colors_info=&#8221;{}&#8221;][et_pb_image src=&#8221;https:\/\/larrysgaragedoorrepair.com\/es\/wp-content\/uploads\/2023\/07\/1a-5.jpg&#8221; alt=&#8221;Best Urgent Garage Door Repair Services &#8221; title_text=&#8221;1a&#8221; _builder_version=&#8221;4.22.1&#8243; _module_preset=&#8221;default&#8221; border_width_all=&#8221;10px&#8221; border_color_all=&#8221;#FFFFFF&#8221; box_shadow_style=&#8221;preset1&#8243; global_colors_info=&#8221;{}&#8221;][\/et_pb_image][\/et_pb_column][et_pb_column type=&#8221;1_3&#8243; _builder_version=&#8221;4.21.0&#8243; _module_preset=&#8221;default&#8221; animation_style=&#8221;slide&#8221; animation_direction=&#8221;left&#8221; global_colors_info=&#8221;{}&#8221;][et_pb_image src=&#8221;https:\/\/larrysgaragedoorrepair.com\/es\/wp-content\/uploads\/2023\/07\/repair2.jpg&#8221; alt=&#8221;Garage Door Repair Services &#8221; title_text=&#8221;repair2&#8243; _builder_version=&#8221;4.22.1&#8243; _module_preset=&#8221;default&#8221; border_width_all=&#8221;10px&#8221; border_color_all=&#8221;#FFFFFF&#8221; box_shadow_style=&#8221;preset1&#8243; global_colors_info=&#8221;{}&#8221;][\/et_pb_image][\/et_pb_column][et_pb_column type=&#8221;1_3&#8243; _builder_version=&#8221;4.21.0&#8243; _module_preset=&#8221;default&#8221; animation_style=&#8221;slide&#8221; animation_direction=&#8221;left&#8221; global_colors_info=&#8221;{}&#8221;][et_pb_image src=&#8221;https:\/\/larrysgaragedoorrepair.com\/es\/wp-content\/uploads\/2023\/07\/repair3.jpg&#8221; alt=&#8221;Top Urgent Garage Door Repair Services &#8221; title_text=&#8221;repair3&#8243; _builder_version=&#8221;4.22.1&#8243; _module_preset=&#8221;default&#8221; border_width_all=&#8221;10px&#8221; border_color_all=&#8221;#FFFFFF&#8221; box_shadow_style=&#8221;preset1&#8243; global_colors_info=&#8221;{}&#8221;][\/et_pb_image][\/et_pb_column][\/et_pb_row][et_pb_row _builder_version=&#8221;4.21.0&#8243; _module_preset=&#8221;default&#8221; global_colors_info=&#8221;{}&#8221;][et_pb_column type=&#8221;4_4&#8243; _builder_version=&#8221;4.21.0&#8243; _module_preset=&#8221;default&#8221; global_colors_info=&#8221;{}&#8221;][et_pb_text _builder_version=&#8221;4.22.1&#8243; _module_preset=&#8221;default&#8221; header_2_font=&#8221;Merriweather|700|||||||&#8221; header_2_text_align=&#8221;center&#8221; header_2_text_color=&#8221;#000000&#8243; custom_margin=&#8221;||16px|||&#8221; animation_style=&#8221;slide&#8221; global_colors_info=&#8221;{}&#8221;]<\/p>\n<h2>Servicios urgentes de reparaci\u00f3n de puertas de garaje: \u00a1lo tenemos cubierto!<\/h2>\n<p>[\/et_pb_text][et_pb_text _builder_version=&#8221;4.22.1&#8243; _module_preset=&#8221;default&#8221; text_font=&#8221;Poppins||||||||&#8221; text_text_color=&#8221;#000000&#8243; text_font_size=&#8221;16px&#8221; animation_style=&#8221;slide&#8221; global_colors_info=&#8221;{}&#8221;]No permita que una puerta de garaje que funciona mal arruine su d\u00eda: \u00a1nuestro equipo est\u00e1 aqu\u00ed para todas sus necesidades de reparaci\u00f3n de emergencia! Ya sea que se trate de un resorte roto, un abridor atascado o cualquier otro problema inesperado, estamos a solo una llamada de distancia para que su puerta de garaje vuelva a funcionar.<\/p>\n<p>En Larry&#8217;s Garage Door Repair, nos tomamos en serio las reparaciones de emergencia y entendemos los inconvenientes y las preocupaciones de seguridad que surgen de una puerta de garaje que no funciona correctamente. Nuestros t\u00e9cnicos experimentados est\u00e1n listos para abordar r\u00e1pidamente cualquier problema inesperado, garantizando una resoluci\u00f3n r\u00e1pida y eficiente.<\/p>\n<p>Con nuestra dedicaci\u00f3n a la satisfacci\u00f3n del cliente, nos esforzamos por brindar servicios de reparaci\u00f3n de primer nivel que hagan el trabajo bien la primera vez. Puede confiar en nosotros para abordar cualquier emergencia en una puerta de garaje, las 24 horas, los 7 d\u00edas de la semana.<\/p>\n<p>No permita que un percance en la puerta del garaje interrumpa su d\u00eda: cont\u00e1ctenos ahora y estaremos a su servicio en poco tiempo. Su seguridad y tranquilidad son nuestras principales prioridades.[\/et_pb_text][\/et_pb_column][\/et_pb_row][\/et_pb_section]<\/p>\n","protected":false},"excerpt":{"rendered":"<p>Servicios urgentes de reparaci\u00f3n de puertas de garaje: \u00a1lo tenemos cubierto!No permita que una puerta de garaje que funciona mal arruine su d\u00eda: \u00a1nuestro equipo est\u00e1 aqu\u00ed para todas sus necesidades de reparaci\u00f3n de emergencia! Ya sea que se trate de un resorte roto, un abridor atascado o cualquier otro problema inesperado, estamos a solo [&hellip;]<\/p>\n","protected":false},"author":1,"featured_media":0,"parent":0,"menu_order":0,"comment_status":"closed","ping_status":"closed","template":"","meta":{"_et_pb_use_builder":"on","_et_pb_old_content":"<!-- wp:divi\/placeholder \/-->","_et_gb_content_width":"","footnotes":""},"class_list":["post-391","page","type-page","status-publish","hentry"],"yoast_head":"<!-- This site is optimized with the Yoast SEO plugin v27.4 - https:\/\/yoast.com\/product\/yoast-seo-wordpress\/ -->\n<title>Larry&#039;s Garage Door Repair | Servicio de emergencia 24 horas al d\u00eda, 7 d\u00edas a la semana y excelente servicio al cliente<\/title>\n<meta name=\"description\" content=\"Conf\u00ede en los expertos de Larry&#039;s Garage Door Repair para obtener servicios de reparaci\u00f3n de emergencia de calidad. Brindamos servicio de emergencia las 24 horas, los 7 d\u00edas de la semana y un excelente servicio al cliente con todas nuestras reparaciones. \u00a1Cont\u00e1ctenos ahora para que su puerta de garaje vuelva a funcionar!\" \/>\n<meta name=\"robots\" content=\"index, follow, max-snippet:-1, max-image-preview:large, max-video-preview:-1\" \/>\n<link rel=\"canonical\" href=\"https:\/\/larrysgaragedoorrepair.com\/es\/reparacion-de-emergencia-de-puertas-de-garaje\" \/>\n<meta property=\"og:locale\" content=\"en_US\" \/>\n<meta property=\"og:type\" content=\"article\" \/>\n<meta property=\"og:title\" content=\"Larry&#039;s Garage Door Repair | Servicio de emergencia 24 horas al d\u00eda, 7 d\u00edas a la semana y excelente servicio al cliente\" \/>\n<meta property=\"og:description\" content=\"Conf\u00ede en los expertos de Larry&#039;s Garage Door Repair para obtener servicios de reparaci\u00f3n de emergencia de calidad. Brindamos servicio de emergencia las 24 horas, los 7 d\u00edas de la semana y un excelente servicio al cliente con todas nuestras reparaciones. \u00a1Cont\u00e1ctenos ahora para que su puerta de garaje vuelva a funcionar!\" \/>\n<meta property=\"og:url\" content=\"https:\/\/larrysgaragedoorrepair.com\/es\/reparacion-de-emergencia-de-puertas-de-garaje\" \/>\n<meta property=\"og:site_name\" content=\"Larry&#039;s Garage Door Repair\" \/>\n<meta property=\"article:modified_time\" content=\"2023-09-01T17:27:23+00:00\" \/>\n<meta name=\"twitter:card\" content=\"summary_large_image\" \/>\n<meta name=\"twitter:label1\" content=\"Est. reading time\" \/>\n\t<meta name=\"twitter:data1\" content=\"2 minutes\" \/>\n<script type=\"application\/ld+json\" class=\"yoast-schema-graph\">{\"@context\":\"https:\\\/\\\/schema.org\",\"@graph\":[{\"@type\":\"WebPage\",\"@id\":\"https:\\\/\\\/larrysgaragedoorrepair.com\\\/es\\\/reparacion-de-emergencia-de-puertas-de-garaje\",\"url\":\"https:\\\/\\\/larrysgaragedoorrepair.com\\\/es\\\/reparacion-de-emergencia-de-puertas-de-garaje\",\"name\":\"Larry's Garage Door Repair | Servicio de emergencia 24 horas al d\u00eda, 7 d\u00edas a la semana y excelente servicio al cliente\",\"isPartOf\":{\"@id\":\"https:\\\/\\\/larrysgaragedoorrepair.com\\\/es\\\/#website\"},\"datePublished\":\"2023-07-12T17:33:13+00:00\",\"dateModified\":\"2023-09-01T17:27:23+00:00\",\"description\":\"Conf\u00ede en los expertos de Larry's Garage Door Repair para obtener servicios de reparaci\u00f3n de emergencia de calidad. Brindamos servicio de emergencia las 24 horas, los 7 d\u00edas de la semana y un excelente servicio al cliente con todas nuestras reparaciones. \u00a1Cont\u00e1ctenos ahora para que su puerta de garaje vuelva a funcionar!\",\"breadcrumb\":{\"@id\":\"https:\\\/\\\/larrysgaragedoorrepair.com\\\/es\\\/reparacion-de-emergencia-de-puertas-de-garaje#breadcrumb\"},\"inLanguage\":\"en-US\",\"potentialAction\":[{\"@type\":\"ReadAction\",\"target\":[\"https:\\\/\\\/larrysgaragedoorrepair.com\\\/es\\\/reparacion-de-emergencia-de-puertas-de-garaje\"]}]},{\"@type\":\"BreadcrumbList\",\"@id\":\"https:\\\/\\\/larrysgaragedoorrepair.com\\\/es\\\/reparacion-de-emergencia-de-puertas-de-garaje#breadcrumb\",\"itemListElement\":[{\"@type\":\"ListItem\",\"position\":1,\"name\":\"Home\",\"item\":\"https:\\\/\\\/larrysgaragedoorrepair.com\\\/es\\\/\"},{\"@type\":\"ListItem\",\"position\":2,\"name\":\"Reparaci\u00f3n de emergencia de puertas de garaje\"}]},{\"@type\":\"WebSite\",\"@id\":\"https:\\\/\\\/larrysgaragedoorrepair.com\\\/es\\\/#website\",\"url\":\"https:\\\/\\\/larrysgaragedoorrepair.com\\\/es\\\/\",\"name\":\"Larry&#039;s Garage Door Repair\",\"description\":\"\",\"potentialAction\":[{\"@type\":\"SearchAction\",\"target\":{\"@type\":\"EntryPoint\",\"urlTemplate\":\"https:\\\/\\\/larrysgaragedoorrepair.com\\\/es\\\/?s={search_term_string}\"},\"query-input\":{\"@type\":\"PropertyValueSpecification\",\"valueRequired\":true,\"valueName\":\"search_term_string\"}}],\"inLanguage\":\"en-US\"}]}<\/script>\n<!-- \/ Yoast SEO plugin. -->","yoast_head_json":{"title":"Larry's Garage Door Repair | Servicio de emergencia 24 horas al d\u00eda, 7 d\u00edas a la semana y excelente servicio al cliente","description":"Conf\u00ede en los expertos de Larry's Garage Door Repair para obtener servicios de reparaci\u00f3n de emergencia de calidad. Brindamos servicio de emergencia las 24 horas, los 7 d\u00edas de la semana y un excelente servicio al cliente con todas nuestras reparaciones. \u00a1Cont\u00e1ctenos ahora para que su puerta de garaje vuelva a funcionar!","robots":{"index":"index","follow":"follow","max-snippet":"max-snippet:-1","max-image-preview":"max-image-preview:large","max-video-preview":"max-video-preview:-1"},"canonical":"https:\/\/larrysgaragedoorrepair.com\/es\/reparacion-de-emergencia-de-puertas-de-garaje","og_locale":"en_US","og_type":"article","og_title":"Larry's Garage Door Repair | Servicio de emergencia 24 horas al d\u00eda, 7 d\u00edas a la semana y excelente servicio al cliente","og_description":"Conf\u00ede en los expertos de Larry's Garage Door Repair para obtener servicios de reparaci\u00f3n de emergencia de calidad. Brindamos servicio de emergencia las 24 horas, los 7 d\u00edas de la semana y un excelente servicio al cliente con todas nuestras reparaciones. \u00a1Cont\u00e1ctenos ahora para que su puerta de garaje vuelva a funcionar!","og_url":"https:\/\/larrysgaragedoorrepair.com\/es\/reparacion-de-emergencia-de-puertas-de-garaje","og_site_name":"Larry&#039;s Garage Door Repair","article_modified_time":"2023-09-01T17:27:23+00:00","twitter_card":"summary_large_image","twitter_misc":{"Est. reading time":"2 minutes"},"schema":{"@context":"https:\/\/schema.org","@graph":[{"@type":"WebPage","@id":"https:\/\/larrysgaragedoorrepair.com\/es\/reparacion-de-emergencia-de-puertas-de-garaje","url":"https:\/\/larrysgaragedoorrepair.com\/es\/reparacion-de-emergencia-de-puertas-de-garaje","name":"Larry's Garage Door Repair | Servicio de emergencia 24 horas al d\u00eda, 7 d\u00edas a la semana y excelente servicio al cliente","isPartOf":{"@id":"https:\/\/larrysgaragedoorrepair.com\/es\/#website"},"datePublished":"2023-07-12T17:33:13+00:00","dateModified":"2023-09-01T17:27:23+00:00","description":"Conf\u00ede en los expertos de Larry's Garage Door Repair para obtener servicios de reparaci\u00f3n de emergencia de calidad. Brindamos servicio de emergencia las 24 horas, los 7 d\u00edas de la semana y un excelente servicio al cliente con todas nuestras reparaciones. \u00a1Cont\u00e1ctenos ahora para que su puerta de garaje vuelva a funcionar!","breadcrumb":{"@id":"https:\/\/larrysgaragedoorrepair.com\/es\/reparacion-de-emergencia-de-puertas-de-garaje#breadcrumb"},"inLanguage":"en-US","potentialAction":[{"@type":"ReadAction","target":["https:\/\/larrysgaragedoorrepair.com\/es\/reparacion-de-emergencia-de-puertas-de-garaje"]}]},{"@type":"BreadcrumbList","@id":"https:\/\/larrysgaragedoorrepair.com\/es\/reparacion-de-emergencia-de-puertas-de-garaje#breadcrumb","itemListElement":[{"@type":"ListItem","position":1,"name":"Home","item":"https:\/\/larrysgaragedoorrepair.com\/es\/"},{"@type":"ListItem","position":2,"name":"Reparaci\u00f3n de emergencia de puertas de garaje"}]},{"@type":"WebSite","@id":"https:\/\/larrysgaragedoorrepair.com\/es\/#website","url":"https:\/\/larrysgaragedoorrepair.com\/es\/","name":"Larry&#039;s Garage Door Repair","description":"","potentialAction":[{"@type":"SearchAction","target":{"@type":"EntryPoint","urlTemplate":"https:\/\/larrysgaragedoorrepair.com\/es\/?s={search_term_string}"},"query-input":{"@type":"PropertyValueSpecification","valueRequired":true,"valueName":"search_term_string"}}],"inLanguage":"en-US"}]}},"_links":{"self":[{"href":"https:\/\/larrysgaragedoorrepair.com\/es\/wp-json\/wp\/v2\/pages\/391","targetHints":{"allow":["GET"]}}],"collection":[{"href":"https:\/\/larrysgaragedoorrepair.com\/es\/wp-json\/wp\/v2\/pages"}],"about":[{"href":"https:\/\/larrysgaragedoorrepair.com\/es\/wp-json\/wp\/v2\/types\/page"}],"author":[{"embeddable":true,"href":"https:\/\/larrysgaragedoorrepair.com\/es\/wp-json\/wp\/v2\/users\/1"}],"replies":[{"embeddable":true,"href":"https:\/\/larrysgaragedoorrepair.com\/es\/wp-json\/wp\/v2\/comments?post=391"}],"version-history":[{"count":14,"href":"https:\/\/larrysgaragedoorrepair.com\/es\/wp-json\/wp\/v2\/pages\/391\/revisions"}],"predecessor-version":[{"id":738,"href":"https:\/\/larrysgaragedoorrepair.com\/es\/wp-json\/wp\/v2\/pages\/391\/revisions\/738"}],"wp:attachment":[{"href":"https:\/\/larrysgaragedoorrepair.com\/es\/wp-json\/wp\/v2\/media?parent=391"}],"curies":[{"name":"wp","href":"https:\/\/api.w.org\/{rel}","templated":true}]}}