{"id":388,"date":"2023-07-12T17:31:51","date_gmt":"2023-07-12T17:31:51","guid":{"rendered":"https:\/\/larrysgaragedoorrepair.com\/es\/?page_id=388"},"modified":"2023-09-01T17:27:12","modified_gmt":"2023-09-01T17:27:12","slug":"resorte-de-puerta-de-garaje-rota","status":"publish","type":"page","link":"https:\/\/larrysgaragedoorrepair.com\/es\/resorte-de-puerta-de-garaje-rota","title":{"rendered":"Resorte de puerta de garaje rota"},"content":{"rendered":"<p>[et_pb_section fb_built=&#8221;1&#8243; fullwidth=&#8221;on&#8221; _builder_version=&#8221;4.21.0&#8243; _module_preset=&#8221;default&#8221; global_colors_info=&#8221;{}&#8221;][et_pb_fullwidth_image src=&#8221;https:\/\/larrysgaragedoorrepair.com\/es\/wp-content\/uploads\/2023\/09\/SERVICIOS.jpg&#8221; alt=&#8221;SERVICIOS&#8221; title_text=&#8221;SERVICIOS&#8221; _builder_version=&#8221;4.22.1&#8243; _module_preset=&#8221;default&#8221; hover_enabled=&#8221;0&#8243; global_colors_info=&#8221;{}&#8221; sticky_enabled=&#8221;0&#8243;][\/et_pb_fullwidth_image][\/et_pb_section][et_pb_section fb_built=&#8221;1&#8243; _builder_version=&#8221;4.21.0&#8243; _module_preset=&#8221;default&#8221; background_image=&#8221;https:\/\/larrysgaragedoorrepair.com\/es\/wp-content\/uploads\/2023\/07\/shape-2.png&#8221; parallax=&#8221;on&#8221; parallax_method=&#8221;off&#8221; global_colors_info=&#8221;{}&#8221;][et_pb_row column_structure=&#8221;1_3,1_3,1_3&#8243; _builder_version=&#8221;4.21.0&#8243; _module_preset=&#8221;default&#8221; global_colors_info=&#8221;{}&#8221;][et_pb_column type=&#8221;1_3&#8243; _builder_version=&#8221;4.21.0&#8243; _module_preset=&#8221;default&#8221; animation_style=&#8221;slide&#8221; animation_direction=&#8221;left&#8221; global_colors_info=&#8221;{}&#8221;][et_pb_image src=&#8221;https:\/\/larrysgaragedoorrepair.com\/es\/wp-content\/uploads\/2023\/07\/1a-5.jpg&#8221; alt=&#8221;Garage Door Spring Repair Services&#8221; title_text=&#8221;1a&#8221; _builder_version=&#8221;4.22.1&#8243; _module_preset=&#8221;default&#8221; border_width_all=&#8221;10px&#8221; border_color_all=&#8221;#FFFFFF&#8221; box_shadow_style=&#8221;preset1&#8243; global_colors_info=&#8221;{}&#8221;][\/et_pb_image][\/et_pb_column][et_pb_column type=&#8221;1_3&#8243; _builder_version=&#8221;4.21.0&#8243; _module_preset=&#8221;default&#8221; animation_style=&#8221;slide&#8221; animation_direction=&#8221;left&#8221; global_colors_info=&#8221;{}&#8221;][et_pb_image src=&#8221;https:\/\/larrysgaragedoorrepair.com\/es\/wp-content\/uploads\/2023\/07\/repair2.jpg&#8221; alt=&#8221;Garage Door Spring Repair &#8221; title_text=&#8221;repair2&#8243; _builder_version=&#8221;4.22.1&#8243; _module_preset=&#8221;default&#8221; border_width_all=&#8221;10px&#8221; border_color_all=&#8221;#FFFFFF&#8221; box_shadow_style=&#8221;preset1&#8243; global_colors_info=&#8221;{}&#8221;][\/et_pb_image][\/et_pb_column][et_pb_column type=&#8221;1_3&#8243; _builder_version=&#8221;4.21.0&#8243; _module_preset=&#8221;default&#8221; animation_style=&#8221;slide&#8221; animation_direction=&#8221;left&#8221; global_colors_info=&#8221;{}&#8221;][et_pb_image src=&#8221;https:\/\/larrysgaragedoorrepair.com\/es\/wp-content\/uploads\/2023\/07\/repair3.jpg&#8221; alt=&#8221;Best Expert Garage Door Spring Repair Services&#8221; title_text=&#8221;repair3&#8243; _builder_version=&#8221;4.22.1&#8243; _module_preset=&#8221;default&#8221; border_width_all=&#8221;10px&#8221; border_color_all=&#8221;#FFFFFF&#8221; box_shadow_style=&#8221;preset1&#8243; global_colors_info=&#8221;{}&#8221;][\/et_pb_image][\/et_pb_column][\/et_pb_row][et_pb_row _builder_version=&#8221;4.21.0&#8243; _module_preset=&#8221;default&#8221; global_colors_info=&#8221;{}&#8221;][et_pb_column type=&#8221;4_4&#8243; _builder_version=&#8221;4.21.0&#8243; _module_preset=&#8221;default&#8221; global_colors_info=&#8221;{}&#8221;][et_pb_text _builder_version=&#8221;4.22.1&#8243; _module_preset=&#8221;default&#8221; header_2_font=&#8221;Merriweather|700|||||||&#8221; header_2_text_align=&#8221;center&#8221; header_2_text_color=&#8221;#000000&#8243; custom_margin=&#8221;||16px|||&#8221; animation_style=&#8221;slide&#8221; global_colors_info=&#8221;{}&#8221;]<\/p>\n<h2>Servicios expertos de reparaci\u00f3n de resortes para puertas de garaje<\/h2>\n<p>[\/et_pb_text][et_pb_text _builder_version=&#8221;4.22.1&#8243; _module_preset=&#8221;default&#8221; text_font=&#8221;Poppins||||||||&#8221; text_text_color=&#8221;#000000&#8243; text_font_size=&#8221;16px&#8221; animation_style=&#8221;slide&#8221; global_colors_info=&#8221;{}&#8221;]Cuando se trata de reparar abridores de puertas de garaje, lo normal no es suficiente. Estos componentes esenciales son m\u00e1s que simples reparaciones: desempe\u00f1an un papel crucial a la hora de proteger sus valiosos veh\u00edculos y ampliar la funcionalidad de su hogar. En Larry Garage Door, nos tomamos en serio esta responsabilidad y garantizamos que sus puertas se instalen con la m\u00e1xima resistencia y seguridad.<\/p>\n<p>Nuestras puertas y abridores de garaje son resistentes y est\u00e1n fabricados con materiales resistentes para resistir la prueba del tiempo. El proceso de instalaci\u00f3n es un paso cr\u00edtico, considerando factores como el dise\u00f1o del garaje y el terreno. Aqu\u00ed es donde brillan nuestros t\u00e9cnicos expertos; no s\u00f3lo son maestros en su oficio, sino que tambi\u00e9n lo mantendr\u00e1n informado sobre los \u00faltimos avances en el campo. Sus conocimientos le permitir\u00e1n tomar decisiones informadas sobre su garaje.<\/p>\n<p>Con Larry&#8217;s Garage Door, la transparencia es primordial. No encontrar\u00e1 costos ocultos ni tarifas inesperadas: solo tarifas honestas y competitivas sin sorpresas. Nos comprometemos a completar cada proyecto a tiempo, garantizando una experiencia fluida y eficiente durante todo el proceso de instalaci\u00f3n.<\/p>\n<p>El garaje de tus sue\u00f1os est\u00e1 a solo una llamada de distancia. Comun\u00edquese con nosotros hoy y nuestro equipo estar\u00e1 m\u00e1s que feliz de atender sus necesidades espec\u00edficas. Deje que Larry Garage Door sea su socio de confianza para proteger su garaje con precisi\u00f3n y experiencia.[\/et_pb_text][\/et_pb_column][\/et_pb_row][\/et_pb_section]<\/p>\n","protected":false},"excerpt":{"rendered":"<p>Servicios expertos de reparaci\u00f3n de resortes para puertas de garajeCuando se trata de reparar abridores de puertas de garaje, lo normal no es suficiente. Estos componentes esenciales son m\u00e1s que simples reparaciones: desempe\u00f1an un papel crucial a la hora de proteger sus valiosos veh\u00edculos y ampliar la funcionalidad de su hogar. En Larry Garage Door, [&hellip;]<\/p>\n","protected":false},"author":1,"featured_media":0,"parent":0,"menu_order":0,"comment_status":"closed","ping_status":"closed","template":"","meta":{"_et_pb_use_builder":"on","_et_pb_old_content":"<!-- wp:divi\/placeholder \/-->","_et_gb_content_width":"","footnotes":""},"class_list":["post-388","page","type-page","status-publish","hentry"],"yoast_head":"<!-- This site is optimized with the Yoast SEO plugin v27.4 - https:\/\/yoast.com\/product\/yoast-seo-wordpress\/ -->\n<title>Larry Garage Door | Servicios de emergencia de reparaci\u00f3n y reemplazo de puertas de garaje<\/title>\n<meta name=\"description\" content=\"\u00bfNecesita servicios de emergencia de reparaci\u00f3n o reemplazo de puertas de garaje? Conf\u00ede en Larry Garage Door para todas sus necesidades. Nuestro equipo de t\u00e9cnicos brinda servicios r\u00e1pidos y confiables con un excelente servicio al cliente. P\u00f3ngase en contacto ahora para arreglar el resorte roto de la puerta del garaje y otros problemas.\" \/>\n<meta name=\"robots\" content=\"index, follow, max-snippet:-1, max-image-preview:large, max-video-preview:-1\" \/>\n<link rel=\"canonical\" href=\"https:\/\/larrysgaragedoorrepair.com\/es\/resorte-de-puerta-de-garaje-rota\" \/>\n<meta property=\"og:locale\" content=\"en_US\" \/>\n<meta property=\"og:type\" content=\"article\" \/>\n<meta property=\"og:title\" content=\"Larry Garage Door | Servicios de emergencia de reparaci\u00f3n y reemplazo de puertas de garaje\" \/>\n<meta property=\"og:description\" content=\"\u00bfNecesita servicios de emergencia de reparaci\u00f3n o reemplazo de puertas de garaje? Conf\u00ede en Larry Garage Door para todas sus necesidades. Nuestro equipo de t\u00e9cnicos brinda servicios r\u00e1pidos y confiables con un excelente servicio al cliente. P\u00f3ngase en contacto ahora para arreglar el resorte roto de la puerta del garaje y otros problemas.\" \/>\n<meta property=\"og:url\" content=\"https:\/\/larrysgaragedoorrepair.com\/es\/resorte-de-puerta-de-garaje-rota\" \/>\n<meta property=\"og:site_name\" content=\"Larry&#039;s Garage Door Repair\" \/>\n<meta property=\"article:modified_time\" content=\"2023-09-01T17:27:12+00:00\" \/>\n<meta name=\"twitter:card\" content=\"summary_large_image\" \/>\n<meta name=\"twitter:label1\" content=\"Est. reading time\" \/>\n\t<meta name=\"twitter:data1\" content=\"2 minutes\" \/>\n<script type=\"application\/ld+json\" class=\"yoast-schema-graph\">{\"@context\":\"https:\\\/\\\/schema.org\",\"@graph\":[{\"@type\":\"WebPage\",\"@id\":\"https:\\\/\\\/larrysgaragedoorrepair.com\\\/es\\\/resorte-de-puerta-de-garaje-rota\",\"url\":\"https:\\\/\\\/larrysgaragedoorrepair.com\\\/es\\\/resorte-de-puerta-de-garaje-rota\",\"name\":\"Larry Garage Door | Servicios de emergencia de reparaci\u00f3n y reemplazo de puertas de garaje\",\"isPartOf\":{\"@id\":\"https:\\\/\\\/larrysgaragedoorrepair.com\\\/es\\\/#website\"},\"datePublished\":\"2023-07-12T17:31:51+00:00\",\"dateModified\":\"2023-09-01T17:27:12+00:00\",\"description\":\"\u00bfNecesita servicios de emergencia de reparaci\u00f3n o reemplazo de puertas de garaje? Conf\u00ede en Larry Garage Door para todas sus necesidades. Nuestro equipo de t\u00e9cnicos brinda servicios r\u00e1pidos y confiables con un excelente servicio al cliente. P\u00f3ngase en contacto ahora para arreglar el resorte roto de la puerta del garaje y otros problemas.\",\"breadcrumb\":{\"@id\":\"https:\\\/\\\/larrysgaragedoorrepair.com\\\/es\\\/resorte-de-puerta-de-garaje-rota#breadcrumb\"},\"inLanguage\":\"en-US\",\"potentialAction\":[{\"@type\":\"ReadAction\",\"target\":[\"https:\\\/\\\/larrysgaragedoorrepair.com\\\/es\\\/resorte-de-puerta-de-garaje-rota\"]}]},{\"@type\":\"BreadcrumbList\",\"@id\":\"https:\\\/\\\/larrysgaragedoorrepair.com\\\/es\\\/resorte-de-puerta-de-garaje-rota#breadcrumb\",\"itemListElement\":[{\"@type\":\"ListItem\",\"position\":1,\"name\":\"Home\",\"item\":\"https:\\\/\\\/larrysgaragedoorrepair.com\\\/es\\\/\"},{\"@type\":\"ListItem\",\"position\":2,\"name\":\"Resorte de puerta de garaje rota\"}]},{\"@type\":\"WebSite\",\"@id\":\"https:\\\/\\\/larrysgaragedoorrepair.com\\\/es\\\/#website\",\"url\":\"https:\\\/\\\/larrysgaragedoorrepair.com\\\/es\\\/\",\"name\":\"Larry&#039;s Garage Door Repair\",\"description\":\"\",\"potentialAction\":[{\"@type\":\"SearchAction\",\"target\":{\"@type\":\"EntryPoint\",\"urlTemplate\":\"https:\\\/\\\/larrysgaragedoorrepair.com\\\/es\\\/?s={search_term_string}\"},\"query-input\":{\"@type\":\"PropertyValueSpecification\",\"valueRequired\":true,\"valueName\":\"search_term_string\"}}],\"inLanguage\":\"en-US\"}]}<\/script>\n<!-- \/ Yoast SEO plugin. -->","yoast_head_json":{"title":"Larry Garage Door | Servicios de emergencia de reparaci\u00f3n y reemplazo de puertas de garaje","description":"\u00bfNecesita servicios de emergencia de reparaci\u00f3n o reemplazo de puertas de garaje? Conf\u00ede en Larry Garage Door para todas sus necesidades. Nuestro equipo de t\u00e9cnicos brinda servicios r\u00e1pidos y confiables con un excelente servicio al cliente. P\u00f3ngase en contacto ahora para arreglar el resorte roto de la puerta del garaje y otros problemas.","robots":{"index":"index","follow":"follow","max-snippet":"max-snippet:-1","max-image-preview":"max-image-preview:large","max-video-preview":"max-video-preview:-1"},"canonical":"https:\/\/larrysgaragedoorrepair.com\/es\/resorte-de-puerta-de-garaje-rota","og_locale":"en_US","og_type":"article","og_title":"Larry Garage Door | Servicios de emergencia de reparaci\u00f3n y reemplazo de puertas de garaje","og_description":"\u00bfNecesita servicios de emergencia de reparaci\u00f3n o reemplazo de puertas de garaje? Conf\u00ede en Larry Garage Door para todas sus necesidades. Nuestro equipo de t\u00e9cnicos brinda servicios r\u00e1pidos y confiables con un excelente servicio al cliente. P\u00f3ngase en contacto ahora para arreglar el resorte roto de la puerta del garaje y otros problemas.","og_url":"https:\/\/larrysgaragedoorrepair.com\/es\/resorte-de-puerta-de-garaje-rota","og_site_name":"Larry&#039;s Garage Door Repair","article_modified_time":"2023-09-01T17:27:12+00:00","twitter_card":"summary_large_image","twitter_misc":{"Est. reading time":"2 minutes"},"schema":{"@context":"https:\/\/schema.org","@graph":[{"@type":"WebPage","@id":"https:\/\/larrysgaragedoorrepair.com\/es\/resorte-de-puerta-de-garaje-rota","url":"https:\/\/larrysgaragedoorrepair.com\/es\/resorte-de-puerta-de-garaje-rota","name":"Larry Garage Door | Servicios de emergencia de reparaci\u00f3n y reemplazo de puertas de garaje","isPartOf":{"@id":"https:\/\/larrysgaragedoorrepair.com\/es\/#website"},"datePublished":"2023-07-12T17:31:51+00:00","dateModified":"2023-09-01T17:27:12+00:00","description":"\u00bfNecesita servicios de emergencia de reparaci\u00f3n o reemplazo de puertas de garaje? Conf\u00ede en Larry Garage Door para todas sus necesidades. Nuestro equipo de t\u00e9cnicos brinda servicios r\u00e1pidos y confiables con un excelente servicio al cliente. P\u00f3ngase en contacto ahora para arreglar el resorte roto de la puerta del garaje y otros problemas.","breadcrumb":{"@id":"https:\/\/larrysgaragedoorrepair.com\/es\/resorte-de-puerta-de-garaje-rota#breadcrumb"},"inLanguage":"en-US","potentialAction":[{"@type":"ReadAction","target":["https:\/\/larrysgaragedoorrepair.com\/es\/resorte-de-puerta-de-garaje-rota"]}]},{"@type":"BreadcrumbList","@id":"https:\/\/larrysgaragedoorrepair.com\/es\/resorte-de-puerta-de-garaje-rota#breadcrumb","itemListElement":[{"@type":"ListItem","position":1,"name":"Home","item":"https:\/\/larrysgaragedoorrepair.com\/es\/"},{"@type":"ListItem","position":2,"name":"Resorte de puerta de garaje rota"}]},{"@type":"WebSite","@id":"https:\/\/larrysgaragedoorrepair.com\/es\/#website","url":"https:\/\/larrysgaragedoorrepair.com\/es\/","name":"Larry&#039;s Garage Door Repair","description":"","potentialAction":[{"@type":"SearchAction","target":{"@type":"EntryPoint","urlTemplate":"https:\/\/larrysgaragedoorrepair.com\/es\/?s={search_term_string}"},"query-input":{"@type":"PropertyValueSpecification","valueRequired":true,"valueName":"search_term_string"}}],"inLanguage":"en-US"}]}},"_links":{"self":[{"href":"https:\/\/larrysgaragedoorrepair.com\/es\/wp-json\/wp\/v2\/pages\/388","targetHints":{"allow":["GET"]}}],"collection":[{"href":"https:\/\/larrysgaragedoorrepair.com\/es\/wp-json\/wp\/v2\/pages"}],"about":[{"href":"https:\/\/larrysgaragedoorrepair.com\/es\/wp-json\/wp\/v2\/types\/page"}],"author":[{"embeddable":true,"href":"https:\/\/larrysgaragedoorrepair.com\/es\/wp-json\/wp\/v2\/users\/1"}],"replies":[{"embeddable":true,"href":"https:\/\/larrysgaragedoorrepair.com\/es\/wp-json\/wp\/v2\/comments?post=388"}],"version-history":[{"count":13,"href":"https:\/\/larrysgaragedoorrepair.com\/es\/wp-json\/wp\/v2\/pages\/388\/revisions"}],"predecessor-version":[{"id":736,"href":"https:\/\/larrysgaragedoorrepair.com\/es\/wp-json\/wp\/v2\/pages\/388\/revisions\/736"}],"wp:attachment":[{"href":"https:\/\/larrysgaragedoorrepair.com\/es\/wp-json\/wp\/v2\/media?parent=388"}],"curies":[{"name":"wp","href":"https:\/\/api.w.org\/{rel}","templated":true}]}}