{"id":381,"date":"2023-07-12T17:26:04","date_gmt":"2023-07-12T17:26:04","guid":{"rendered":"https:\/\/larrysgaragedoorrepair.com\/es\/?page_id=381"},"modified":"2023-09-01T17:29:46","modified_gmt":"2023-09-01T17:29:46","slug":"reparacion-de-puertas-de-garaje","status":"publish","type":"page","link":"https:\/\/larrysgaragedoorrepair.com\/es\/reparacion-de-puertas-de-garaje","title":{"rendered":"Reparaci\u00f3n de puertas de garaje"},"content":{"rendered":"<p>[et_pb_section fb_built=&#8221;1&#8243; fullwidth=&#8221;on&#8221; _builder_version=&#8221;4.21.0&#8243; _module_preset=&#8221;default&#8221; global_colors_info=&#8221;{}&#8221;][et_pb_fullwidth_image src=&#8221;https:\/\/larrysgaragedoorrepair.com\/es\/wp-content\/uploads\/2023\/09\/SERVICIOS.jpg&#8221; alt=&#8221;SERVICIOS&#8221; title_text=&#8221;SERVICIOS&#8221; _builder_version=&#8221;4.22.1&#8243; _module_preset=&#8221;default&#8221; hover_enabled=&#8221;0&#8243; global_colors_info=&#8221;{}&#8221; sticky_enabled=&#8221;0&#8243;][\/et_pb_fullwidth_image][\/et_pb_section][et_pb_section fb_built=&#8221;1&#8243; _builder_version=&#8221;4.21.0&#8243; _module_preset=&#8221;default&#8221; background_image=&#8221;https:\/\/larrysgaragedoorrepair.com\/es\/wp-content\/uploads\/2023\/07\/shape-2.png&#8221; parallax=&#8221;on&#8221; parallax_method=&#8221;off&#8221; global_colors_info=&#8221;{}&#8221;][et_pb_row column_structure=&#8221;1_3,1_3,1_3&#8243; _builder_version=&#8221;4.21.0&#8243; _module_preset=&#8221;default&#8221; global_colors_info=&#8221;{}&#8221;][et_pb_column type=&#8221;1_3&#8243; _builder_version=&#8221;4.21.0&#8243; _module_preset=&#8221;default&#8221; animation_style=&#8221;slide&#8221; animation_direction=&#8221;left&#8221; global_colors_info=&#8221;{}&#8221;][et_pb_image src=&#8221;https:\/\/larrysgaragedoorrepair.com\/es\/wp-content\/uploads\/2023\/07\/1a-5.jpg&#8221; alt=&#8221;Garage Door Installation and Repair Experts&#8221; title_text=&#8221;1a&#8221; _builder_version=&#8221;4.22.1&#8243; _module_preset=&#8221;default&#8221; border_width_all=&#8221;10px&#8221; border_color_all=&#8221;#FFFFFF&#8221; box_shadow_style=&#8221;preset1&#8243; global_colors_info=&#8221;{}&#8221;][\/et_pb_image][\/et_pb_column][et_pb_column type=&#8221;1_3&#8243; _builder_version=&#8221;4.21.0&#8243; _module_preset=&#8221;default&#8221; animation_style=&#8221;slide&#8221; animation_direction=&#8221;left&#8221; global_colors_info=&#8221;{}&#8221;][et_pb_image src=&#8221;https:\/\/larrysgaragedoorrepair.com\/es\/wp-content\/uploads\/2023\/07\/repair2.jpg&#8221; alt=&#8221;Best Garage Door Installation and Repair Experts&#8221; title_text=&#8221;repair2&#8243; _builder_version=&#8221;4.22.1&#8243; _module_preset=&#8221;default&#8221; border_width_all=&#8221;10px&#8221; border_color_all=&#8221;#FFFFFF&#8221; box_shadow_style=&#8221;preset1&#8243; global_colors_info=&#8221;{}&#8221;][\/et_pb_image][\/et_pb_column][et_pb_column type=&#8221;1_3&#8243; _builder_version=&#8221;4.21.0&#8243; _module_preset=&#8221;default&#8221; animation_style=&#8221;slide&#8221; animation_direction=&#8221;left&#8221; global_colors_info=&#8221;{}&#8221;][et_pb_image src=&#8221;https:\/\/larrysgaragedoorrepair.com\/es\/wp-content\/uploads\/2023\/07\/repair3.jpg&#8221; alt=&#8221;Top Garage Door Installation and Repair Experts&#8221; title_text=&#8221;repair3&#8243; _builder_version=&#8221;4.22.1&#8243; _module_preset=&#8221;default&#8221; border_width_all=&#8221;10px&#8221; border_color_all=&#8221;#FFFFFF&#8221; box_shadow_style=&#8221;preset1&#8243; global_colors_info=&#8221;{}&#8221;][\/et_pb_image][\/et_pb_column][\/et_pb_row][et_pb_row _builder_version=&#8221;4.21.0&#8243; _module_preset=&#8221;default&#8221; global_colors_info=&#8221;{}&#8221;][et_pb_column type=&#8221;4_4&#8243; _builder_version=&#8221;4.21.0&#8243; _module_preset=&#8221;default&#8221; global_colors_info=&#8221;{}&#8221;][et_pb_text _builder_version=&#8221;4.22.1&#8243; _module_preset=&#8221;default&#8221; header_2_font=&#8221;Poppins|700|||||||&#8221; header_2_text_align=&#8221;center&#8221; header_2_text_color=&#8221;#000000&#8243; custom_margin=&#8221;||16px|||&#8221; animation_style=&#8221;slide&#8221; global_colors_info=&#8221;{}&#8221;]<\/p>\n<h2>Sus expertos de confianza en instalaci\u00f3n y reparaci\u00f3n de puertas de garaje<\/h2>\n<p>[\/et_pb_text][et_pb_text _builder_version=&#8221;4.22.1&#8243; _module_preset=&#8221;default&#8221; text_font=&#8221;Poppins||||||||&#8221; text_text_color=&#8221;#000000&#8243; text_font_size=&#8221;16px&#8221; animation_style=&#8221;slide&#8221; global_colors_info=&#8221;{}&#8221;]Reparar una puerta de garaje puede ser una tarea compleja, con varios factores que podr\u00edan haber salido mal. Pero no temas: \u00a1en Larry Garage Door lo tenemos cubierto! Nuestros t\u00e9cnicos capacitados son expertos en identificar problemas e implementar soluciones eficientes para restaurar la funcionalidad de su puerta de garaje.<\/p>\n<p>Entendemos que reemplazar una puerta de garaje completa desde cero puede ser un asunto costoso. Es por eso que nuestro equipo siempre prioriza el reemplazo de piezas da\u00f1adas, como resortes rotos, cables rotos o orugas dobladas, siempre que sea posible. Nuestro objetivo es ofrecerle las soluciones m\u00e1s rentables y pr\u00e1cticas, garantizando que su puerta de garaje vuelva a estar en funcionamiento sin tener que gastar mucho dinero.<\/p>\n<p>En algunos casos, las puertas de garaje pueden debilitarse con el tiempo debido a la exposici\u00f3n a condiciones clim\u00e1ticas adversas. Tenga la seguridad de que nuestros t\u00e9cnicos expertos realizar\u00e1n una inspecci\u00f3n exhaustiva y le brindar\u00e1n asesoramiento profesional sobre el mejor curso de acci\u00f3n, ya sea una reparaci\u00f3n o una nueva instalaci\u00f3n.<\/p>\n<p>\u00bfNo est\u00e1 seguro de si reparar o instalar una puerta de garaje nueva? \u00a1No dudes en comunicarte con nosotros! Nuestro equipo estar\u00e1 encantado de inspeccionar su puerta sin costo alguno y lo guiar\u00e1 hacia la mejor decisi\u00f3n para sus necesidades espec\u00edficas.<\/p>\n<p>Para servicios de puertas de garaje de primer nivel y experiencia confiable, Larry Garage Door est\u00e1 a solo una llamada de distancia. \u00a1Cont\u00e1ctenos hoy para una consulta sin problemas! Su satisfacci\u00f3n es nuestra misi\u00f3n.[\/et_pb_text][\/et_pb_column][\/et_pb_row][\/et_pb_section]<\/p>\n","protected":false},"excerpt":{"rendered":"<p>Sus expertos de confianza en instalaci\u00f3n y reparaci\u00f3n de puertas de garajeReparar una puerta de garaje puede ser una tarea compleja, con varios factores que podr\u00edan haber salido mal. Pero no temas: \u00a1en Larry Garage Door lo tenemos cubierto! Nuestros t\u00e9cnicos capacitados son expertos en identificar problemas e implementar soluciones eficientes para restaurar la funcionalidad [&hellip;]<\/p>\n","protected":false},"author":1,"featured_media":0,"parent":0,"menu_order":0,"comment_status":"closed","ping_status":"closed","template":"","meta":{"_et_pb_use_builder":"on","_et_pb_old_content":"<!-- wp:divi\/placeholder \/-->","_et_gb_content_width":"","footnotes":""},"class_list":["post-381","page","type-page","status-publish","hentry"],"yoast_head":"<!-- This site is optimized with the Yoast SEO plugin v27.4 - https:\/\/yoast.com\/product\/yoast-seo-wordpress\/ -->\n<title>Larry&#039;s Garage Door Repair | Reparaci\u00f3n de emergencia e instalaci\u00f3n experta<\/title>\n<meta name=\"description\" content=\"En Larry&#039;s Garage Door Repair, ofrecemos servicios de reparaci\u00f3n de emergencia de puertas de garaje r\u00e1pidos y confiables. Adem\u00e1s, nuestros t\u00e9cnicos expertos brindan instalaci\u00f3n altamente calificada de nuevos sistemas de puertas de garaje. \u00a1Cont\u00e1ctenos hoy para obtener un excelente servicio al cliente y una consulta sin complicaciones!\" \/>\n<meta name=\"robots\" content=\"index, follow, max-snippet:-1, max-image-preview:large, max-video-preview:-1\" \/>\n<link rel=\"canonical\" href=\"https:\/\/larrysgaragedoorrepair.com\/es\/reparacion-de-puertas-de-garaje\" \/>\n<meta property=\"og:locale\" content=\"en_US\" \/>\n<meta property=\"og:type\" content=\"article\" \/>\n<meta property=\"og:title\" content=\"Larry&#039;s Garage Door Repair | Reparaci\u00f3n de emergencia e instalaci\u00f3n experta\" \/>\n<meta property=\"og:description\" content=\"En Larry&#039;s Garage Door Repair, ofrecemos servicios de reparaci\u00f3n de emergencia de puertas de garaje r\u00e1pidos y confiables. Adem\u00e1s, nuestros t\u00e9cnicos expertos brindan instalaci\u00f3n altamente calificada de nuevos sistemas de puertas de garaje. \u00a1Cont\u00e1ctenos hoy para obtener un excelente servicio al cliente y una consulta sin complicaciones!\" \/>\n<meta property=\"og:url\" content=\"https:\/\/larrysgaragedoorrepair.com\/es\/reparacion-de-puertas-de-garaje\" \/>\n<meta property=\"og:site_name\" content=\"Larry&#039;s Garage Door Repair\" \/>\n<meta property=\"article:modified_time\" content=\"2023-09-01T17:29:46+00:00\" \/>\n<meta name=\"twitter:card\" content=\"summary_large_image\" \/>\n<meta name=\"twitter:label1\" content=\"Est. reading time\" \/>\n\t<meta name=\"twitter:data1\" content=\"2 minutes\" \/>\n<script type=\"application\/ld+json\" class=\"yoast-schema-graph\">{\"@context\":\"https:\\\/\\\/schema.org\",\"@graph\":[{\"@type\":\"WebPage\",\"@id\":\"https:\\\/\\\/larrysgaragedoorrepair.com\\\/es\\\/reparacion-de-puertas-de-garaje\",\"url\":\"https:\\\/\\\/larrysgaragedoorrepair.com\\\/es\\\/reparacion-de-puertas-de-garaje\",\"name\":\"Larry's Garage Door Repair | Reparaci\u00f3n de emergencia e instalaci\u00f3n experta\",\"isPartOf\":{\"@id\":\"https:\\\/\\\/larrysgaragedoorrepair.com\\\/es\\\/#website\"},\"datePublished\":\"2023-07-12T17:26:04+00:00\",\"dateModified\":\"2023-09-01T17:29:46+00:00\",\"description\":\"En Larry's Garage Door Repair, ofrecemos servicios de reparaci\u00f3n de emergencia de puertas de garaje r\u00e1pidos y confiables. Adem\u00e1s, nuestros t\u00e9cnicos expertos brindan instalaci\u00f3n altamente calificada de nuevos sistemas de puertas de garaje. \u00a1Cont\u00e1ctenos hoy para obtener un excelente servicio al cliente y una consulta sin complicaciones!\",\"breadcrumb\":{\"@id\":\"https:\\\/\\\/larrysgaragedoorrepair.com\\\/es\\\/reparacion-de-puertas-de-garaje#breadcrumb\"},\"inLanguage\":\"en-US\",\"potentialAction\":[{\"@type\":\"ReadAction\",\"target\":[\"https:\\\/\\\/larrysgaragedoorrepair.com\\\/es\\\/reparacion-de-puertas-de-garaje\"]}]},{\"@type\":\"BreadcrumbList\",\"@id\":\"https:\\\/\\\/larrysgaragedoorrepair.com\\\/es\\\/reparacion-de-puertas-de-garaje#breadcrumb\",\"itemListElement\":[{\"@type\":\"ListItem\",\"position\":1,\"name\":\"Home\",\"item\":\"https:\\\/\\\/larrysgaragedoorrepair.com\\\/es\\\/\"},{\"@type\":\"ListItem\",\"position\":2,\"name\":\"Reparaci\u00f3n de puertas de garaje\"}]},{\"@type\":\"WebSite\",\"@id\":\"https:\\\/\\\/larrysgaragedoorrepair.com\\\/es\\\/#website\",\"url\":\"https:\\\/\\\/larrysgaragedoorrepair.com\\\/es\\\/\",\"name\":\"Larry&#039;s Garage Door Repair\",\"description\":\"\",\"potentialAction\":[{\"@type\":\"SearchAction\",\"target\":{\"@type\":\"EntryPoint\",\"urlTemplate\":\"https:\\\/\\\/larrysgaragedoorrepair.com\\\/es\\\/?s={search_term_string}\"},\"query-input\":{\"@type\":\"PropertyValueSpecification\",\"valueRequired\":true,\"valueName\":\"search_term_string\"}}],\"inLanguage\":\"en-US\"}]}<\/script>\n<!-- \/ Yoast SEO plugin. -->","yoast_head_json":{"title":"Larry's Garage Door Repair | Reparaci\u00f3n de emergencia e instalaci\u00f3n experta","description":"En Larry's Garage Door Repair, ofrecemos servicios de reparaci\u00f3n de emergencia de puertas de garaje r\u00e1pidos y confiables. Adem\u00e1s, nuestros t\u00e9cnicos expertos brindan instalaci\u00f3n altamente calificada de nuevos sistemas de puertas de garaje. \u00a1Cont\u00e1ctenos hoy para obtener un excelente servicio al cliente y una consulta sin complicaciones!","robots":{"index":"index","follow":"follow","max-snippet":"max-snippet:-1","max-image-preview":"max-image-preview:large","max-video-preview":"max-video-preview:-1"},"canonical":"https:\/\/larrysgaragedoorrepair.com\/es\/reparacion-de-puertas-de-garaje","og_locale":"en_US","og_type":"article","og_title":"Larry's Garage Door Repair | Reparaci\u00f3n de emergencia e instalaci\u00f3n experta","og_description":"En Larry's Garage Door Repair, ofrecemos servicios de reparaci\u00f3n de emergencia de puertas de garaje r\u00e1pidos y confiables. Adem\u00e1s, nuestros t\u00e9cnicos expertos brindan instalaci\u00f3n altamente calificada de nuevos sistemas de puertas de garaje. \u00a1Cont\u00e1ctenos hoy para obtener un excelente servicio al cliente y una consulta sin complicaciones!","og_url":"https:\/\/larrysgaragedoorrepair.com\/es\/reparacion-de-puertas-de-garaje","og_site_name":"Larry&#039;s Garage Door Repair","article_modified_time":"2023-09-01T17:29:46+00:00","twitter_card":"summary_large_image","twitter_misc":{"Est. reading time":"2 minutes"},"schema":{"@context":"https:\/\/schema.org","@graph":[{"@type":"WebPage","@id":"https:\/\/larrysgaragedoorrepair.com\/es\/reparacion-de-puertas-de-garaje","url":"https:\/\/larrysgaragedoorrepair.com\/es\/reparacion-de-puertas-de-garaje","name":"Larry's Garage Door Repair | Reparaci\u00f3n de emergencia e instalaci\u00f3n experta","isPartOf":{"@id":"https:\/\/larrysgaragedoorrepair.com\/es\/#website"},"datePublished":"2023-07-12T17:26:04+00:00","dateModified":"2023-09-01T17:29:46+00:00","description":"En Larry's Garage Door Repair, ofrecemos servicios de reparaci\u00f3n de emergencia de puertas de garaje r\u00e1pidos y confiables. Adem\u00e1s, nuestros t\u00e9cnicos expertos brindan instalaci\u00f3n altamente calificada de nuevos sistemas de puertas de garaje. \u00a1Cont\u00e1ctenos hoy para obtener un excelente servicio al cliente y una consulta sin complicaciones!","breadcrumb":{"@id":"https:\/\/larrysgaragedoorrepair.com\/es\/reparacion-de-puertas-de-garaje#breadcrumb"},"inLanguage":"en-US","potentialAction":[{"@type":"ReadAction","target":["https:\/\/larrysgaragedoorrepair.com\/es\/reparacion-de-puertas-de-garaje"]}]},{"@type":"BreadcrumbList","@id":"https:\/\/larrysgaragedoorrepair.com\/es\/reparacion-de-puertas-de-garaje#breadcrumb","itemListElement":[{"@type":"ListItem","position":1,"name":"Home","item":"https:\/\/larrysgaragedoorrepair.com\/es\/"},{"@type":"ListItem","position":2,"name":"Reparaci\u00f3n de puertas de garaje"}]},{"@type":"WebSite","@id":"https:\/\/larrysgaragedoorrepair.com\/es\/#website","url":"https:\/\/larrysgaragedoorrepair.com\/es\/","name":"Larry&#039;s Garage Door Repair","description":"","potentialAction":[{"@type":"SearchAction","target":{"@type":"EntryPoint","urlTemplate":"https:\/\/larrysgaragedoorrepair.com\/es\/?s={search_term_string}"},"query-input":{"@type":"PropertyValueSpecification","valueRequired":true,"valueName":"search_term_string"}}],"inLanguage":"en-US"}]}},"_links":{"self":[{"href":"https:\/\/larrysgaragedoorrepair.com\/es\/wp-json\/wp\/v2\/pages\/381","targetHints":{"allow":["GET"]}}],"collection":[{"href":"https:\/\/larrysgaragedoorrepair.com\/es\/wp-json\/wp\/v2\/pages"}],"about":[{"href":"https:\/\/larrysgaragedoorrepair.com\/es\/wp-json\/wp\/v2\/types\/page"}],"author":[{"embeddable":true,"href":"https:\/\/larrysgaragedoorrepair.com\/es\/wp-json\/wp\/v2\/users\/1"}],"replies":[{"embeddable":true,"href":"https:\/\/larrysgaragedoorrepair.com\/es\/wp-json\/wp\/v2\/comments?post=381"}],"version-history":[{"count":14,"href":"https:\/\/larrysgaragedoorrepair.com\/es\/wp-json\/wp\/v2\/pages\/381\/revisions"}],"predecessor-version":[{"id":759,"href":"https:\/\/larrysgaragedoorrepair.com\/es\/wp-json\/wp\/v2\/pages\/381\/revisions\/759"}],"wp:attachment":[{"href":"https:\/\/larrysgaragedoorrepair.com\/es\/wp-json\/wp\/v2\/media?parent=381"}],"curies":[{"name":"wp","href":"https:\/\/api.w.org\/{rel}","templated":true}]}}