{"id":341,"date":"2023-07-12T17:14:37","date_gmt":"2023-07-12T17:14:37","guid":{"rendered":"https:\/\/larrysgaragedoorrepair.com\/es\/?page_id=341"},"modified":"2023-09-01T17:29:33","modified_gmt":"2023-09-01T17:29:33","slug":"instalacion-de-puertas-de-garaje","status":"publish","type":"page","link":"https:\/\/larrysgaragedoorrepair.com\/es\/instalacion-de-puertas-de-garaje","title":{"rendered":"Instalaci\u00f3n de puertas de garaje"},"content":{"rendered":"<p>[et_pb_section fb_built=&#8221;1&#8243; fullwidth=&#8221;on&#8221; _builder_version=&#8221;4.21.0&#8243; _module_preset=&#8221;default&#8221; global_colors_info=&#8221;{}&#8221;][et_pb_fullwidth_image src=&#8221;https:\/\/larrysgaragedoorrepair.com\/es\/wp-content\/uploads\/2023\/09\/SERVICIOS.jpg&#8221; alt=&#8221;Is your garage door falling a part&#8221; title_text=&#8221;SERVICIOS&#8221; _builder_version=&#8221;4.22.1&#8243; _module_preset=&#8221;default&#8221; hover_enabled=&#8221;0&#8243; global_colors_info=&#8221;{}&#8221; sticky_enabled=&#8221;0&#8243;][\/et_pb_fullwidth_image][\/et_pb_section][et_pb_section fb_built=&#8221;1&#8243; _builder_version=&#8221;4.21.0&#8243; _module_preset=&#8221;default&#8221; background_image=&#8221;https:\/\/larrysgaragedoorrepair.com\/es\/wp-content\/uploads\/2023\/07\/shape-2.png&#8221; parallax=&#8221;on&#8221; parallax_method=&#8221;off&#8221; global_colors_info=&#8221;{}&#8221;][et_pb_row column_structure=&#8221;1_2,1_2&#8243; _builder_version=&#8221;4.21.0&#8243; _module_preset=&#8221;default&#8221; global_colors_info=&#8221;{}&#8221;][et_pb_column type=&#8221;1_2&#8243; _builder_version=&#8221;4.21.0&#8243; _module_preset=&#8221;default&#8221; global_colors_info=&#8221;{}&#8221;][et_pb_gallery gallery_ids=&#8221;344,345,346,347,348,349,350,351,352,353&#8243; fullwidth=&#8221;on&#8221; _builder_version=&#8221;4.21.0&#8243; _module_preset=&#8221;default&#8221; animation_style=&#8221;slide&#8221; animation_direction=&#8221;left&#8221; auto=&#8221;on&#8221; border_width_all=&#8221;10px&#8221; border_color_all=&#8221;#FFFFFF&#8221; box_shadow_style=&#8221;preset1&#8243; global_colors_info=&#8221;{}&#8221;][\/et_pb_gallery][\/et_pb_column][et_pb_column type=&#8221;1_2&#8243; _builder_version=&#8221;4.21.0&#8243; _module_preset=&#8221;default&#8221; global_colors_info=&#8221;{}&#8221;][et_pb_text _builder_version=&#8221;4.22.1&#8243; _module_preset=&#8221;default&#8221; header_2_font=&#8221;Merriweather|700|||||||&#8221; header_2_text_color=&#8221;#000000&#8243; header_2_line_height=&#8221;1.5em&#8221; custom_margin=&#8221;||16px|||&#8221; animation_style=&#8221;slide&#8221; global_colors_info=&#8221;{}&#8221;]<\/p>\n<h2>\u00bfLa puerta de tu garaje se est\u00e1 cayendo a pedazos?<\/h2>\n<p>[\/et_pb_text][et_pb_text _builder_version=&#8221;4.22.1&#8243; _module_preset=&#8221;default&#8221; text_font=&#8221;Poppins||||||||&#8221; text_text_color=&#8221;#000000&#8243; text_font_size=&#8221;16px&#8221; animation_style=&#8221;slide&#8221; global_colors_info=&#8221;{}&#8221;]\u00bfLa puerta de su garaje muestra signos de desgaste?<\/p>\n<p>\u00a1No pase por alto los riesgos que plantea una puerta de garaje envejecida! Con pesos que oscilan entre 250 y 450 libras, combinados con herrajes deteriorados, las puertas viejas se convierten en peligros potenciales en nuestros hogares.<\/p>\n<p>En Larry&#8217;s Garage Door Repair, entendemos la importancia de una puerta de garaje elegante y en buen estado. No es s\u00f3lo una caracter\u00edstica exterior; tiene el poder de realzar su atractivo exterior y mostrar su estilo \u00fanico. Con una amplia gama de puertas de garaje bellamente dise\u00f1adas, cada una distinta y complementaria a varios estilos de hogar, tenemos la opci\u00f3n perfecta para usted.<\/p>\n<p>Mientras explora sus opciones, considere coordinar la puerta del garaje con la puerta de entrada para lograr una apariencia cohesiva e impresionante. Nuestros estilos populares de puertas de garaje incluyen:[\/et_pb_text][et_pb_text _builder_version=&#8221;4.22.1&#8243; _module_preset=&#8221;default&#8221; text_font=&#8221;Poppins||||||||&#8221; text_text_color=&#8221;#000000&#8243; text_font_size=&#8221;16px&#8221; animation_style=&#8221;slide&#8221; global_colors_info=&#8221;{}&#8221;]- Puerta de garaje de aluminio.<br \/>\n&#8211; Puerta de garaje de acero.<br \/>\n&#8211; Puerta de garaje de madera.<br \/>\n&#8211; Puerta de garaje de madera compuesta.[\/et_pb_text][\/et_pb_column][\/et_pb_row][et_pb_row _builder_version=&#8221;4.21.0&#8243; _module_preset=&#8221;default&#8221; global_colors_info=&#8221;{}&#8221;][et_pb_column type=&#8221;4_4&#8243; _builder_version=&#8221;4.21.0&#8243; _module_preset=&#8221;default&#8221; global_colors_info=&#8221;{}&#8221;][et_pb_text _builder_version=&#8221;4.22.1&#8243; _module_preset=&#8221;default&#8221; text_font=&#8221;Poppins||||||||&#8221; text_text_color=&#8221;#000000&#8243; text_font_size=&#8221;16px&#8221; animation_style=&#8221;slide&#8221; global_colors_info=&#8221;{}&#8221;]Si bien instalar una puerta normal puede parecer una tarea sencilla, la instalaci\u00f3n de una puerta de garaje es un juego diferente: puede ser a la vez desafiante y peligroso. Ah\u00ed es donde intervienen nuestros servicios profesionales para garantizar la seguridad y la eficiencia. Con a\u00f1os de experiencia y cientos de instalaciones exitosas en nuestro haber, estamos seguros de que su puerta funcionar\u00e1 perfectamente cuando hayamos terminado.<\/p>\n<p>Conf\u00ede en nuestros expertos en instalaci\u00f3n de puertas de garaje para hacer el trabajo bien a la primera. Cont\u00e1ctenos hoy o chatee con nosotros en vivo para obtener una cotizaci\u00f3n r\u00e1pida. Su seguridad y satisfacci\u00f3n son nuestras prioridades. \u00a1Aseguremos la puerta de su garaje con precisi\u00f3n y experiencia![\/et_pb_text][\/et_pb_column][\/et_pb_row][\/et_pb_section][et_pb_section fb_built=&#8221;1&#8243; _builder_version=&#8221;4.21.0&#8243; _module_preset=&#8221;default&#8221; global_colors_info=&#8221;{}&#8221;][et_pb_row _builder_version=&#8221;4.21.0&#8243; _module_preset=&#8221;default&#8221; global_colors_info=&#8221;{}&#8221;][et_pb_column type=&#8221;4_4&#8243; _builder_version=&#8221;4.21.0&#8243; _module_preset=&#8221;default&#8221; global_colors_info=&#8221;{}&#8221;][et_pb_text _builder_version=&#8221;4.22.1&#8243; _module_preset=&#8221;default&#8221; header_2_font=&#8221;Merriweather|700|||||||&#8221; header_2_text_align=&#8221;center&#8221; header_2_text_color=&#8221;#000000&#8243; custom_margin=&#8221;||16px|||&#8221; animation_style=&#8221;slide&#8221; global_colors_info=&#8221;{}&#8221;]<\/p>\n<h2>Instalamos la mayor\u00eda de los tipos de puertas de garaje<\/h2>\n<p>[\/et_pb_text][\/et_pb_column][\/et_pb_row][et_pb_row _builder_version=&#8221;4.21.0&#8243; _module_preset=&#8221;default&#8221; global_colors_info=&#8221;{}&#8221;][et_pb_column type=&#8221;4_4&#8243; _builder_version=&#8221;4.21.0&#8243; _module_preset=&#8221;default&#8221; global_colors_info=&#8221;{}&#8221;][et_pb_gallery gallery_ids=&#8221;354,355,356,357,358,359,360,361,362,363,364,365,366,367,368,369,370,371,372,373,374,375,376,377,378,379&#8243; posts_number=&#8221;50&#8243; orientation=&#8221;portrait&#8221; show_title_and_caption=&#8221;off&#8221; show_pagination=&#8221;off&#8221; _builder_version=&#8221;4.21.0&#8243; _module_preset=&#8221;default&#8221; animation_style=&#8221;zoom&#8221; border_width_all=&#8221;1px&#8221; border_color_all=&#8221;#000000&#8243; global_colors_info=&#8221;{}&#8221;][\/et_pb_gallery][\/et_pb_column][\/et_pb_row][\/et_pb_section]<\/p>\n","protected":false},"excerpt":{"rendered":"<p>\u00bfLa puerta de tu garaje se est\u00e1 cayendo a pedazos?\u00bfLa puerta de su garaje muestra signos de desgaste? \u00a1No pase por alto los riesgos que plantea una puerta de garaje envejecida! Con pesos que oscilan entre 250 y 450 libras, combinados con herrajes deteriorados, las puertas viejas se convierten en peligros potenciales en nuestros hogares. [&hellip;]<\/p>\n","protected":false},"author":1,"featured_media":0,"parent":0,"menu_order":0,"comment_status":"closed","ping_status":"closed","template":"","meta":{"_et_pb_use_builder":"on","_et_pb_old_content":"<!-- wp:divi\/placeholder \/-->","_et_gb_content_width":"","footnotes":""},"class_list":["post-341","page","type-page","status-publish","hentry"],"yoast_head":"<!-- This site is optimized with the Yoast SEO plugin v27.4 - https:\/\/yoast.com\/product\/yoast-seo-wordpress\/ -->\n<title>Larry&#039;s Garage Door Repair | Servicio de emergencia r\u00e1pido, profesional<\/title>\n<meta name=\"description\" content=\"Realice las reparaciones de sus puertas de garaje de forma r\u00e1pida y profesional con Larry&#039;s Garage Door Repair. \u00a1Ofrecemos servicio de emergencia r\u00e1pido, instalaci\u00f3n y excelente servicio al cliente! Cont\u00e1ctenos hoy para una cotizaci\u00f3n gratuita.\" \/>\n<meta name=\"robots\" content=\"index, follow, max-snippet:-1, max-image-preview:large, max-video-preview:-1\" \/>\n<link rel=\"canonical\" href=\"https:\/\/larrysgaragedoorrepair.com\/es\/instalacion-de-puertas-de-garaje\" \/>\n<meta property=\"og:locale\" content=\"en_US\" \/>\n<meta property=\"og:type\" content=\"article\" \/>\n<meta property=\"og:title\" content=\"Larry&#039;s Garage Door Repair | Servicio de emergencia r\u00e1pido, profesional\" \/>\n<meta property=\"og:description\" content=\"Realice las reparaciones de sus puertas de garaje de forma r\u00e1pida y profesional con Larry&#039;s Garage Door Repair. \u00a1Ofrecemos servicio de emergencia r\u00e1pido, instalaci\u00f3n y excelente servicio al cliente! Cont\u00e1ctenos hoy para una cotizaci\u00f3n gratuita.\" \/>\n<meta property=\"og:url\" content=\"https:\/\/larrysgaragedoorrepair.com\/es\/instalacion-de-puertas-de-garaje\" \/>\n<meta property=\"og:site_name\" content=\"Larry&#039;s Garage Door Repair\" \/>\n<meta property=\"article:modified_time\" content=\"2023-09-01T17:29:33+00:00\" \/>\n<meta name=\"twitter:card\" content=\"summary_large_image\" \/>\n<meta name=\"twitter:label1\" content=\"Est. reading time\" \/>\n\t<meta name=\"twitter:data1\" content=\"2 minutes\" \/>\n<script type=\"application\/ld+json\" class=\"yoast-schema-graph\">{\"@context\":\"https:\\\/\\\/schema.org\",\"@graph\":[{\"@type\":\"WebPage\",\"@id\":\"https:\\\/\\\/larrysgaragedoorrepair.com\\\/es\\\/instalacion-de-puertas-de-garaje\",\"url\":\"https:\\\/\\\/larrysgaragedoorrepair.com\\\/es\\\/instalacion-de-puertas-de-garaje\",\"name\":\"Larry's Garage Door Repair | Servicio de emergencia r\u00e1pido, profesional\",\"isPartOf\":{\"@id\":\"https:\\\/\\\/larrysgaragedoorrepair.com\\\/es\\\/#website\"},\"datePublished\":\"2023-07-12T17:14:37+00:00\",\"dateModified\":\"2023-09-01T17:29:33+00:00\",\"description\":\"Realice las reparaciones de sus puertas de garaje de forma r\u00e1pida y profesional con Larry's Garage Door Repair. \u00a1Ofrecemos servicio de emergencia r\u00e1pido, instalaci\u00f3n y excelente servicio al cliente! Cont\u00e1ctenos hoy para una cotizaci\u00f3n gratuita.\",\"breadcrumb\":{\"@id\":\"https:\\\/\\\/larrysgaragedoorrepair.com\\\/es\\\/instalacion-de-puertas-de-garaje#breadcrumb\"},\"inLanguage\":\"en-US\",\"potentialAction\":[{\"@type\":\"ReadAction\",\"target\":[\"https:\\\/\\\/larrysgaragedoorrepair.com\\\/es\\\/instalacion-de-puertas-de-garaje\"]}]},{\"@type\":\"BreadcrumbList\",\"@id\":\"https:\\\/\\\/larrysgaragedoorrepair.com\\\/es\\\/instalacion-de-puertas-de-garaje#breadcrumb\",\"itemListElement\":[{\"@type\":\"ListItem\",\"position\":1,\"name\":\"Home\",\"item\":\"https:\\\/\\\/larrysgaragedoorrepair.com\\\/es\\\/\"},{\"@type\":\"ListItem\",\"position\":2,\"name\":\"Instalaci\u00f3n de puertas de garaje\"}]},{\"@type\":\"WebSite\",\"@id\":\"https:\\\/\\\/larrysgaragedoorrepair.com\\\/es\\\/#website\",\"url\":\"https:\\\/\\\/larrysgaragedoorrepair.com\\\/es\\\/\",\"name\":\"Larry&#039;s Garage Door Repair\",\"description\":\"\",\"potentialAction\":[{\"@type\":\"SearchAction\",\"target\":{\"@type\":\"EntryPoint\",\"urlTemplate\":\"https:\\\/\\\/larrysgaragedoorrepair.com\\\/es\\\/?s={search_term_string}\"},\"query-input\":{\"@type\":\"PropertyValueSpecification\",\"valueRequired\":true,\"valueName\":\"search_term_string\"}}],\"inLanguage\":\"en-US\"}]}<\/script>\n<!-- \/ Yoast SEO plugin. -->","yoast_head_json":{"title":"Larry's Garage Door Repair | Servicio de emergencia r\u00e1pido, profesional","description":"Realice las reparaciones de sus puertas de garaje de forma r\u00e1pida y profesional con Larry's Garage Door Repair. \u00a1Ofrecemos servicio de emergencia r\u00e1pido, instalaci\u00f3n y excelente servicio al cliente! Cont\u00e1ctenos hoy para una cotizaci\u00f3n gratuita.","robots":{"index":"index","follow":"follow","max-snippet":"max-snippet:-1","max-image-preview":"max-image-preview:large","max-video-preview":"max-video-preview:-1"},"canonical":"https:\/\/larrysgaragedoorrepair.com\/es\/instalacion-de-puertas-de-garaje","og_locale":"en_US","og_type":"article","og_title":"Larry's Garage Door Repair | Servicio de emergencia r\u00e1pido, profesional","og_description":"Realice las reparaciones de sus puertas de garaje de forma r\u00e1pida y profesional con Larry's Garage Door Repair. \u00a1Ofrecemos servicio de emergencia r\u00e1pido, instalaci\u00f3n y excelente servicio al cliente! Cont\u00e1ctenos hoy para una cotizaci\u00f3n gratuita.","og_url":"https:\/\/larrysgaragedoorrepair.com\/es\/instalacion-de-puertas-de-garaje","og_site_name":"Larry&#039;s Garage Door Repair","article_modified_time":"2023-09-01T17:29:33+00:00","twitter_card":"summary_large_image","twitter_misc":{"Est. reading time":"2 minutes"},"schema":{"@context":"https:\/\/schema.org","@graph":[{"@type":"WebPage","@id":"https:\/\/larrysgaragedoorrepair.com\/es\/instalacion-de-puertas-de-garaje","url":"https:\/\/larrysgaragedoorrepair.com\/es\/instalacion-de-puertas-de-garaje","name":"Larry's Garage Door Repair | Servicio de emergencia r\u00e1pido, profesional","isPartOf":{"@id":"https:\/\/larrysgaragedoorrepair.com\/es\/#website"},"datePublished":"2023-07-12T17:14:37+00:00","dateModified":"2023-09-01T17:29:33+00:00","description":"Realice las reparaciones de sus puertas de garaje de forma r\u00e1pida y profesional con Larry's Garage Door Repair. \u00a1Ofrecemos servicio de emergencia r\u00e1pido, instalaci\u00f3n y excelente servicio al cliente! Cont\u00e1ctenos hoy para una cotizaci\u00f3n gratuita.","breadcrumb":{"@id":"https:\/\/larrysgaragedoorrepair.com\/es\/instalacion-de-puertas-de-garaje#breadcrumb"},"inLanguage":"en-US","potentialAction":[{"@type":"ReadAction","target":["https:\/\/larrysgaragedoorrepair.com\/es\/instalacion-de-puertas-de-garaje"]}]},{"@type":"BreadcrumbList","@id":"https:\/\/larrysgaragedoorrepair.com\/es\/instalacion-de-puertas-de-garaje#breadcrumb","itemListElement":[{"@type":"ListItem","position":1,"name":"Home","item":"https:\/\/larrysgaragedoorrepair.com\/es\/"},{"@type":"ListItem","position":2,"name":"Instalaci\u00f3n de puertas de garaje"}]},{"@type":"WebSite","@id":"https:\/\/larrysgaragedoorrepair.com\/es\/#website","url":"https:\/\/larrysgaragedoorrepair.com\/es\/","name":"Larry&#039;s Garage Door Repair","description":"","potentialAction":[{"@type":"SearchAction","target":{"@type":"EntryPoint","urlTemplate":"https:\/\/larrysgaragedoorrepair.com\/es\/?s={search_term_string}"},"query-input":{"@type":"PropertyValueSpecification","valueRequired":true,"valueName":"search_term_string"}}],"inLanguage":"en-US"}]}},"_links":{"self":[{"href":"https:\/\/larrysgaragedoorrepair.com\/es\/wp-json\/wp\/v2\/pages\/341","targetHints":{"allow":["GET"]}}],"collection":[{"href":"https:\/\/larrysgaragedoorrepair.com\/es\/wp-json\/wp\/v2\/pages"}],"about":[{"href":"https:\/\/larrysgaragedoorrepair.com\/es\/wp-json\/wp\/v2\/types\/page"}],"author":[{"embeddable":true,"href":"https:\/\/larrysgaragedoorrepair.com\/es\/wp-json\/wp\/v2\/users\/1"}],"replies":[{"embeddable":true,"href":"https:\/\/larrysgaragedoorrepair.com\/es\/wp-json\/wp\/v2\/comments?post=341"}],"version-history":[{"count":13,"href":"https:\/\/larrysgaragedoorrepair.com\/es\/wp-json\/wp\/v2\/pages\/341\/revisions"}],"predecessor-version":[{"id":758,"href":"https:\/\/larrysgaragedoorrepair.com\/es\/wp-json\/wp\/v2\/pages\/341\/revisions\/758"}],"wp:attachment":[{"href":"https:\/\/larrysgaragedoorrepair.com\/es\/wp-json\/wp\/v2\/media?parent=341"}],"curies":[{"name":"wp","href":"https:\/\/api.w.org\/{rel}","templated":true}]}}