{"id":327,"date":"2023-07-12T16:51:25","date_gmt":"2023-07-12T16:51:25","guid":{"rendered":"https:\/\/larrysgaragedoorrepair.com\/es\/?page_id=327"},"modified":"2023-09-01T17:28:12","modified_gmt":"2023-09-01T17:28:12","slug":"abridores-de-puertas-de-garaje","status":"publish","type":"page","link":"https:\/\/larrysgaragedoorrepair.com\/es\/abridores-de-puertas-de-garaje","title":{"rendered":"Abridores de puertas de garaje"},"content":{"rendered":"<p>[et_pb_section fb_built=&#8221;1&#8243; fullwidth=&#8221;on&#8221; _builder_version=&#8221;4.21.0&#8243; _module_preset=&#8221;default&#8221; global_colors_info=&#8221;{}&#8221;][et_pb_fullwidth_image src=&#8221;https:\/\/larrysgaragedoorrepair.com\/es\/wp-content\/uploads\/2023\/09\/PRODUCTOS.jpg&#8221; alt=&#8221;PRODUCTOS&#8221; title_text=&#8221;PRODUCTOS&#8221; _builder_version=&#8221;4.22.1&#8243; _module_preset=&#8221;default&#8221; hover_enabled=&#8221;0&#8243; global_colors_info=&#8221;{}&#8221; sticky_enabled=&#8221;0&#8243;][\/et_pb_fullwidth_image][\/et_pb_section][et_pb_section fb_built=&#8221;1&#8243; _builder_version=&#8221;4.21.0&#8243; _module_preset=&#8221;default&#8221; background_image=&#8221;https:\/\/larrysgaragedoorrepair.com\/es\/wp-content\/uploads\/2023\/07\/shape-2.png&#8221; parallax=&#8221;on&#8221; parallax_method=&#8221;off&#8221; global_colors_info=&#8221;{}&#8221;][et_pb_row column_structure=&#8221;1_2,1_2&#8243; _builder_version=&#8221;4.21.0&#8243; _module_preset=&#8221;default&#8221; global_colors_info=&#8221;{}&#8221;][et_pb_column type=&#8221;1_2&#8243; _builder_version=&#8221;4.21.0&#8243; _module_preset=&#8221;default&#8221; global_colors_info=&#8221;{}&#8221;][et_pb_gallery gallery_ids=&#8221;329,330,331&#8243; fullwidth=&#8221;on&#8221; _builder_version=&#8221;4.21.0&#8243; _module_preset=&#8221;default&#8221; animation_style=&#8221;slide&#8221; animation_direction=&#8221;left&#8221; auto=&#8221;on&#8221; border_width_all=&#8221;10px&#8221; border_color_all=&#8221;#FFFFFF&#8221; box_shadow_style=&#8221;preset1&#8243; global_colors_info=&#8221;{}&#8221;][\/et_pb_gallery][\/et_pb_column][et_pb_column type=&#8221;1_2&#8243; _builder_version=&#8221;4.21.0&#8243; _module_preset=&#8221;default&#8221; global_colors_info=&#8221;{}&#8221;][et_pb_text _builder_version=&#8221;4.22.1&#8243; _module_preset=&#8221;default&#8221; header_2_font=&#8221;Merriweather|700|||||||&#8221; header_2_text_color=&#8221;#000000&#8243; header_2_line_height=&#8221;1.5em&#8221; custom_margin=&#8221;||16px|||&#8221; animation_style=&#8221;slide&#8221; global_colors_info=&#8221;{}&#8221;]<\/p>\n<h2>Instalamos o reparamos la mayor\u00eda de los tipos de abridores de puertas de garaje<\/h2>\n<p>[\/et_pb_text][et_pb_text _builder_version=&#8221;4.22.1&#8243; _module_preset=&#8221;default&#8221; text_font=&#8221;Poppins||||||||&#8221; text_text_color=&#8221;#000000&#8243; text_font_size=&#8221;16px&#8221; animation_style=&#8221;slide&#8221; global_colors_info=&#8221;{}&#8221;]La reparaci\u00f3n de un abridor de puerta de garaje no es una tarea cualquiera. No es como cualquier otro servicio de reparaci\u00f3n que se puede arreglar simplemente. Uno utiliza el garaje para guardar sus costosos veh\u00edculos y, a veces, tambi\u00e9n se utiliza como una extensi\u00f3n de la casa. Por lo tanto, debe instalarse de manera m\u00e1s resistente para que las puertas ya no representen una amenaza. Las puertas de garaje y los abridores de puertas de garaje deben instalarse con mucho cuidado, ya que son puertas resistentes y est\u00e1n fabricadas con materiales igualmente resistentes. Mucho depende del dise\u00f1o del garaje y del terreno en el que est\u00e9 construido.[\/et_pb_text][\/et_pb_column][\/et_pb_row][et_pb_row _builder_version=&#8221;4.21.0&#8243; _module_preset=&#8221;default&#8221; global_colors_info=&#8221;{}&#8221;][et_pb_column type=&#8221;4_4&#8243; _builder_version=&#8221;4.21.0&#8243; _module_preset=&#8221;default&#8221; global_colors_info=&#8221;{}&#8221;][et_pb_text _builder_version=&#8221;4.22.1&#8243; _module_preset=&#8221;default&#8221; text_font=&#8221;Poppins||||||||&#8221; text_text_color=&#8221;#000000&#8243; text_font_size=&#8221;16px&#8221; animation_style=&#8221;slide&#8221; global_colors_info=&#8221;{}&#8221;]Aqu\u00ed es donde entran los t\u00e9cnicos expertos de Larry Garage Door, ya que no solo son expertos en su campo, sino que tambi\u00e9n le informar\u00e1n sobre las mecanizaciones avanzadas que se realizan en el campo y ayudar\u00e1n a los clientes a tomar una mejor decisi\u00f3n con respecto a su garaje. Adem\u00e1s, no hay costos ocultos ni cargos adicionales aparte de los impuestos y tarifas de viaje requeridos cuando correspondan. Las tarifas son extremadamente competitivas y tambi\u00e9n nos aseguramos de que cada proyecto se complete a tiempo, brindando a nuestros clientes una experiencia perfecta al instalar sus puertas de garaje. Larry Garage Door est\u00e1 a solo una llamada de distancia y usted solo necesita comunicarse con nosotros para conocer sus necesidades.[\/et_pb_text][\/et_pb_column][\/et_pb_row][\/et_pb_section]<\/p>\n","protected":false},"excerpt":{"rendered":"<p>Instalamos o reparamos la mayor\u00eda de los tipos de abridores de puertas de garajeLa reparaci\u00f3n de un abridor de puerta de garaje no es una tarea cualquiera. No es como cualquier otro servicio de reparaci\u00f3n que se puede arreglar simplemente. Uno utiliza el garaje para guardar sus costosos veh\u00edculos y, a veces, tambi\u00e9n se utiliza [&hellip;]<\/p>\n","protected":false},"author":1,"featured_media":0,"parent":0,"menu_order":0,"comment_status":"closed","ping_status":"closed","template":"","meta":{"_et_pb_use_builder":"on","_et_pb_old_content":"<!-- wp:divi\/placeholder \/-->","_et_gb_content_width":"","footnotes":""},"class_list":["post-327","page","type-page","status-publish","hentry"],"yoast_head":"<!-- This site is optimized with the Yoast SEO plugin v27.4 - https:\/\/yoast.com\/product\/yoast-seo-wordpress\/ -->\n<title>Larry&#039;s Garage Door Repair | Servicio profesional para los resortes de su garaje<\/title>\n<meta name=\"description\" content=\"\u00bfBusca un servicio confiable de reparaci\u00f3n de puertas de garaje? \u00a1No busques m\u00e1s que la reparaci\u00f3n de puertas de garaje de Larry! Brindamos a nuestros clientes un excelente servicio al cliente y un trabajo de calidad en sus puertas de garaje, abridores y resortes. \u00a1Ponte en contacto para obtener m\u00e1s informaci\u00f3n!\" \/>\n<meta name=\"robots\" content=\"index, follow, max-snippet:-1, max-image-preview:large, max-video-preview:-1\" \/>\n<link rel=\"canonical\" href=\"https:\/\/larrysgaragedoorrepair.com\/es\/abridores-de-puertas-de-garaje\" \/>\n<meta property=\"og:locale\" content=\"en_US\" \/>\n<meta property=\"og:type\" content=\"article\" \/>\n<meta property=\"og:title\" content=\"Larry&#039;s Garage Door Repair | Servicio profesional para los resortes de su garaje\" \/>\n<meta property=\"og:description\" content=\"\u00bfBusca un servicio confiable de reparaci\u00f3n de puertas de garaje? \u00a1No busques m\u00e1s que la reparaci\u00f3n de puertas de garaje de Larry! Brindamos a nuestros clientes un excelente servicio al cliente y un trabajo de calidad en sus puertas de garaje, abridores y resortes. \u00a1Ponte en contacto para obtener m\u00e1s informaci\u00f3n!\" \/>\n<meta property=\"og:url\" content=\"https:\/\/larrysgaragedoorrepair.com\/es\/abridores-de-puertas-de-garaje\" \/>\n<meta property=\"og:site_name\" content=\"Larry&#039;s Garage Door Repair\" \/>\n<meta property=\"article:modified_time\" content=\"2023-09-01T17:28:12+00:00\" \/>\n<meta name=\"twitter:card\" content=\"summary_large_image\" \/>\n<meta name=\"twitter:label1\" content=\"Est. reading time\" \/>\n\t<meta name=\"twitter:data1\" content=\"2 minutes\" \/>\n<script type=\"application\/ld+json\" class=\"yoast-schema-graph\">{\"@context\":\"https:\\\/\\\/schema.org\",\"@graph\":[{\"@type\":\"WebPage\",\"@id\":\"https:\\\/\\\/larrysgaragedoorrepair.com\\\/es\\\/abridores-de-puertas-de-garaje\",\"url\":\"https:\\\/\\\/larrysgaragedoorrepair.com\\\/es\\\/abridores-de-puertas-de-garaje\",\"name\":\"Larry's Garage Door Repair | Servicio profesional para los resortes de su garaje\",\"isPartOf\":{\"@id\":\"https:\\\/\\\/larrysgaragedoorrepair.com\\\/es\\\/#website\"},\"datePublished\":\"2023-07-12T16:51:25+00:00\",\"dateModified\":\"2023-09-01T17:28:12+00:00\",\"description\":\"\u00bfBusca un servicio confiable de reparaci\u00f3n de puertas de garaje? \u00a1No busques m\u00e1s que la reparaci\u00f3n de puertas de garaje de Larry! Brindamos a nuestros clientes un excelente servicio al cliente y un trabajo de calidad en sus puertas de garaje, abridores y resortes. \u00a1Ponte en contacto para obtener m\u00e1s informaci\u00f3n!\",\"breadcrumb\":{\"@id\":\"https:\\\/\\\/larrysgaragedoorrepair.com\\\/es\\\/abridores-de-puertas-de-garaje#breadcrumb\"},\"inLanguage\":\"en-US\",\"potentialAction\":[{\"@type\":\"ReadAction\",\"target\":[\"https:\\\/\\\/larrysgaragedoorrepair.com\\\/es\\\/abridores-de-puertas-de-garaje\"]}]},{\"@type\":\"BreadcrumbList\",\"@id\":\"https:\\\/\\\/larrysgaragedoorrepair.com\\\/es\\\/abridores-de-puertas-de-garaje#breadcrumb\",\"itemListElement\":[{\"@type\":\"ListItem\",\"position\":1,\"name\":\"Home\",\"item\":\"https:\\\/\\\/larrysgaragedoorrepair.com\\\/es\\\/\"},{\"@type\":\"ListItem\",\"position\":2,\"name\":\"Abridores de puertas de garaje\"}]},{\"@type\":\"WebSite\",\"@id\":\"https:\\\/\\\/larrysgaragedoorrepair.com\\\/es\\\/#website\",\"url\":\"https:\\\/\\\/larrysgaragedoorrepair.com\\\/es\\\/\",\"name\":\"Larry&#039;s Garage Door Repair\",\"description\":\"\",\"potentialAction\":[{\"@type\":\"SearchAction\",\"target\":{\"@type\":\"EntryPoint\",\"urlTemplate\":\"https:\\\/\\\/larrysgaragedoorrepair.com\\\/es\\\/?s={search_term_string}\"},\"query-input\":{\"@type\":\"PropertyValueSpecification\",\"valueRequired\":true,\"valueName\":\"search_term_string\"}}],\"inLanguage\":\"en-US\"}]}<\/script>\n<!-- \/ Yoast SEO plugin. -->","yoast_head_json":{"title":"Larry's Garage Door Repair | Servicio profesional para los resortes de su garaje","description":"\u00bfBusca un servicio confiable de reparaci\u00f3n de puertas de garaje? \u00a1No busques m\u00e1s que la reparaci\u00f3n de puertas de garaje de Larry! Brindamos a nuestros clientes un excelente servicio al cliente y un trabajo de calidad en sus puertas de garaje, abridores y resortes. \u00a1Ponte en contacto para obtener m\u00e1s informaci\u00f3n!","robots":{"index":"index","follow":"follow","max-snippet":"max-snippet:-1","max-image-preview":"max-image-preview:large","max-video-preview":"max-video-preview:-1"},"canonical":"https:\/\/larrysgaragedoorrepair.com\/es\/abridores-de-puertas-de-garaje","og_locale":"en_US","og_type":"article","og_title":"Larry's Garage Door Repair | Servicio profesional para los resortes de su garaje","og_description":"\u00bfBusca un servicio confiable de reparaci\u00f3n de puertas de garaje? \u00a1No busques m\u00e1s que la reparaci\u00f3n de puertas de garaje de Larry! Brindamos a nuestros clientes un excelente servicio al cliente y un trabajo de calidad en sus puertas de garaje, abridores y resortes. \u00a1Ponte en contacto para obtener m\u00e1s informaci\u00f3n!","og_url":"https:\/\/larrysgaragedoorrepair.com\/es\/abridores-de-puertas-de-garaje","og_site_name":"Larry&#039;s Garage Door Repair","article_modified_time":"2023-09-01T17:28:12+00:00","twitter_card":"summary_large_image","twitter_misc":{"Est. reading time":"2 minutes"},"schema":{"@context":"https:\/\/schema.org","@graph":[{"@type":"WebPage","@id":"https:\/\/larrysgaragedoorrepair.com\/es\/abridores-de-puertas-de-garaje","url":"https:\/\/larrysgaragedoorrepair.com\/es\/abridores-de-puertas-de-garaje","name":"Larry's Garage Door Repair | Servicio profesional para los resortes de su garaje","isPartOf":{"@id":"https:\/\/larrysgaragedoorrepair.com\/es\/#website"},"datePublished":"2023-07-12T16:51:25+00:00","dateModified":"2023-09-01T17:28:12+00:00","description":"\u00bfBusca un servicio confiable de reparaci\u00f3n de puertas de garaje? \u00a1No busques m\u00e1s que la reparaci\u00f3n de puertas de garaje de Larry! Brindamos a nuestros clientes un excelente servicio al cliente y un trabajo de calidad en sus puertas de garaje, abridores y resortes. \u00a1Ponte en contacto para obtener m\u00e1s informaci\u00f3n!","breadcrumb":{"@id":"https:\/\/larrysgaragedoorrepair.com\/es\/abridores-de-puertas-de-garaje#breadcrumb"},"inLanguage":"en-US","potentialAction":[{"@type":"ReadAction","target":["https:\/\/larrysgaragedoorrepair.com\/es\/abridores-de-puertas-de-garaje"]}]},{"@type":"BreadcrumbList","@id":"https:\/\/larrysgaragedoorrepair.com\/es\/abridores-de-puertas-de-garaje#breadcrumb","itemListElement":[{"@type":"ListItem","position":1,"name":"Home","item":"https:\/\/larrysgaragedoorrepair.com\/es\/"},{"@type":"ListItem","position":2,"name":"Abridores de puertas de garaje"}]},{"@type":"WebSite","@id":"https:\/\/larrysgaragedoorrepair.com\/es\/#website","url":"https:\/\/larrysgaragedoorrepair.com\/es\/","name":"Larry&#039;s Garage Door Repair","description":"","potentialAction":[{"@type":"SearchAction","target":{"@type":"EntryPoint","urlTemplate":"https:\/\/larrysgaragedoorrepair.com\/es\/?s={search_term_string}"},"query-input":{"@type":"PropertyValueSpecification","valueRequired":true,"valueName":"search_term_string"}}],"inLanguage":"en-US"}]}},"_links":{"self":[{"href":"https:\/\/larrysgaragedoorrepair.com\/es\/wp-json\/wp\/v2\/pages\/327","targetHints":{"allow":["GET"]}}],"collection":[{"href":"https:\/\/larrysgaragedoorrepair.com\/es\/wp-json\/wp\/v2\/pages"}],"about":[{"href":"https:\/\/larrysgaragedoorrepair.com\/es\/wp-json\/wp\/v2\/types\/page"}],"author":[{"embeddable":true,"href":"https:\/\/larrysgaragedoorrepair.com\/es\/wp-json\/wp\/v2\/users\/1"}],"replies":[{"embeddable":true,"href":"https:\/\/larrysgaragedoorrepair.com\/es\/wp-json\/wp\/v2\/comments?post=327"}],"version-history":[{"count":12,"href":"https:\/\/larrysgaragedoorrepair.com\/es\/wp-json\/wp\/v2\/pages\/327\/revisions"}],"predecessor-version":[{"id":746,"href":"https:\/\/larrysgaragedoorrepair.com\/es\/wp-json\/wp\/v2\/pages\/327\/revisions\/746"}],"wp:attachment":[{"href":"https:\/\/larrysgaragedoorrepair.com\/es\/wp-json\/wp\/v2\/media?parent=327"}],"curies":[{"name":"wp","href":"https:\/\/api.w.org\/{rel}","templated":true}]}}