{"id":316,"date":"2023-07-12T16:44:06","date_gmt":"2023-07-12T16:44:06","guid":{"rendered":"https:\/\/larrysgaragedoorrepair.com\/es\/?page_id=316"},"modified":"2023-09-01T17:28:02","modified_gmt":"2023-09-01T17:28:02","slug":"muelles-de-garaje","status":"publish","type":"page","link":"https:\/\/larrysgaragedoorrepair.com\/es\/muelles-de-garaje","title":{"rendered":"Muelles de garaje"},"content":{"rendered":"<p>[et_pb_section fb_built=&#8221;1&#8243; fullwidth=&#8221;on&#8221; _builder_version=&#8221;4.21.0&#8243; _module_preset=&#8221;default&#8221; global_colors_info=&#8221;{}&#8221;][et_pb_fullwidth_image src=&#8221;https:\/\/larrysgaragedoorrepair.com\/es\/wp-content\/uploads\/2023\/09\/PRODUCTOS.jpg&#8221; alt=&#8221;PRODUCTOS&#8221; title_text=&#8221;PRODUCTOS&#8221; _builder_version=&#8221;4.22.1&#8243; _module_preset=&#8221;default&#8221; hover_enabled=&#8221;0&#8243; global_colors_info=&#8221;{}&#8221; sticky_enabled=&#8221;0&#8243;][\/et_pb_fullwidth_image][\/et_pb_section][et_pb_section fb_built=&#8221;1&#8243; _builder_version=&#8221;4.21.0&#8243; _module_preset=&#8221;default&#8221; background_image=&#8221;https:\/\/larrysgaragedoorrepair.com\/es\/wp-content\/uploads\/2023\/07\/shape-2.png&#8221; parallax=&#8221;on&#8221; parallax_method=&#8221;off&#8221; global_colors_info=&#8221;{}&#8221;][et_pb_row column_structure=&#8221;1_2,1_2&#8243; _builder_version=&#8221;4.21.0&#8243; _module_preset=&#8221;default&#8221; global_colors_info=&#8221;{}&#8221;][et_pb_column type=&#8221;1_2&#8243; _builder_version=&#8221;4.21.0&#8243; _module_preset=&#8221;default&#8221; global_colors_info=&#8221;{}&#8221;][et_pb_gallery gallery_ids=&#8221;318,319,320,321,322,323&#8243; fullwidth=&#8221;on&#8221; _builder_version=&#8221;4.21.0&#8243; _module_preset=&#8221;default&#8221; animation_style=&#8221;slide&#8221; animation_direction=&#8221;left&#8221; auto=&#8221;on&#8221; border_width_all=&#8221;10px&#8221; border_color_all=&#8221;#FFFFFF&#8221; box_shadow_style=&#8221;preset1&#8243; global_colors_info=&#8221;{}&#8221;][\/et_pb_gallery][\/et_pb_column][et_pb_column type=&#8221;1_2&#8243; _builder_version=&#8221;4.21.0&#8243; _module_preset=&#8221;default&#8221; global_colors_info=&#8221;{}&#8221;][et_pb_text _builder_version=&#8221;4.22.1&#8243; _module_preset=&#8221;default&#8221; header_2_font=&#8221;Merriweather|700|||||||&#8221; header_2_text_color=&#8221;#000000&#8243; header_2_line_height=&#8221;1.5em&#8221; custom_margin=&#8221;||16px|||&#8221; animation_style=&#8221;slide&#8221; global_colors_info=&#8221;{}&#8221;]<\/p>\n<h2>Instalamos o reparamos la mayor\u00eda de los tipos de resortes de garaje<\/h2>\n<p>[\/et_pb_text][et_pb_text _builder_version=&#8221;4.22.1&#8243; _module_preset=&#8221;default&#8221; text_font=&#8221;Poppins||||||||&#8221; text_text_color=&#8221;#000000&#8243; text_font_size=&#8221;16px&#8221; animation_style=&#8221;slide&#8221; global_colors_info=&#8221;{}&#8221;]Los resortes de garaje son mecanismos necesarios para el correcto funcionamiento de las puertas de garaje. Atr\u00e1s quedaron los d\u00edas en que las puertas de garaje eran simplemente enormes tablas de madera atornilladas y luego cerradas con una enorme cerradura que deb\u00eda abrirse y cerrarse manualmente. Hoy en d\u00eda, los garajes no s\u00f3lo sirven para guardar los veh\u00edculos, sino que tambi\u00e9n se convierten en una extensi\u00f3n de la casa y se utilizan para muchos otros fines. Las puertas del garaje tambi\u00e9n est\u00e1n automatizadas y ah\u00ed es donde radica la importancia de Garage Springs. Hay bastantes variedades de resortes disponibles en el mercado y lo ayudaremos a elegir el tipo correcto de resorte seg\u00fan la naturaleza de la puerta y su funcionalidad.[\/et_pb_text][\/et_pb_column][\/et_pb_row][et_pb_row _builder_version=&#8221;4.21.0&#8243; _module_preset=&#8221;default&#8221; global_colors_info=&#8221;{}&#8221;][et_pb_column type=&#8221;4_4&#8243; _builder_version=&#8221;4.21.0&#8243; _module_preset=&#8221;default&#8221; global_colors_info=&#8221;{}&#8221;][et_pb_text _builder_version=&#8221;4.22.1&#8243; _module_preset=&#8221;default&#8221; header_2_font=&#8221;Merriweather|700|||||||&#8221; header_2_text_color=&#8221;#000000&#8243; header_2_line_height=&#8221;1.5em&#8221; custom_margin=&#8221;||16px|||&#8221; animation_style=&#8221;slide&#8221; global_colors_info=&#8221;{}&#8221;]<\/p>\n<h2>Los tipos de resortes m\u00e1s comunes disponibles son:<\/h2>\n<p>[\/et_pb_text][et_pb_text _builder_version=&#8221;4.22.1&#8243; _module_preset=&#8221;default&#8221; text_font=&#8221;Poppins||||||||&#8221; text_text_color=&#8221;#000000&#8243; text_font_size=&#8221;16px&#8221; animation_style=&#8221;slide&#8221; global_colors_info=&#8221;{}&#8221;]<b>Resortes de torsi\u00f3n residenciales est\u00e1ndar<\/b>: estos son resortes est\u00e1ndar que se usan para la mayor\u00eda de los usuarios dom\u00e9sticos, ya que los tienen los garajes dom\u00e9sticos habituales. Combinan con la mayor\u00eda de los tipos de puertas de garaje y tambi\u00e9n son muy f\u00e1ciles de instalar y podr\u00edan repararse con la misma facilidad en caso de mal funcionamiento.<\/p>\n<p><b>Resorte maestro de torsi\u00f3n Wayne Dalton<\/b>: este tipo de resorte de garaje se usa principalmente cuando las puertas del garaje son particularmente grandes y pesadas y necesitan un torque sustancial para funcionar sin fallas.<\/p>\n<p><b>Resortes de extensi\u00f3n para puertas de garaje seccionales<\/b>: como su nombre indica, estos resortes est\u00e1n hechos para garajes seccionales y para aquellos que tienen compartimentos en sus garajes y quieren que funcionen independientemente unos de otros, los encontrar\u00e1n especialmente adecuados.<\/p>\n<p><b>Resortes de torsi\u00f3n para puertas enrollables de acero<\/b>: Estos resortes son m\u00e1s adecuados para puertas enrollables y los resortes facilitan un rodamiento suave durante el plegado y despliegue de la puerta del garaje.[\/et_pb_text][et_pb_text _builder_version=&#8221;4.22.1&#8243; _module_preset=&#8221;default&#8221; text_font=&#8221;Poppins||||||||&#8221; text_text_color=&#8221;#000000&#8243; text_font_size=&#8221;16px&#8221; animation_style=&#8221;slide&#8221; global_colors_info=&#8221;{}&#8221;]Aparte de estos, existen resortes de torsi\u00f3n est\u00e1ndar comerciales e industriales, resortes para puertas enrollables para almacenamiento y resortes de extensi\u00f3n para puertas de una pieza. En Larry Garage Doors te ayudamos a sacarles el m\u00e1ximo provecho y tambi\u00e9n te ayudamos a adquirirlas a precios razonables, con nuestros t\u00e9cnicos expertos ayud\u00e1ndote tambi\u00e9n con la instalaci\u00f3n. Ll\u00e1menos en cualquier momento y llegaremos para una consulta y una descripci\u00f3n general de su garaje.[\/et_pb_text][\/et_pb_column][\/et_pb_row][\/et_pb_section]<\/p>\n","protected":false},"excerpt":{"rendered":"<p>Instalamos o reparamos la mayor\u00eda de los tipos de resortes de garajeLos resortes de garaje son mecanismos necesarios para el correcto funcionamiento de las puertas de garaje. Atr\u00e1s quedaron los d\u00edas en que las puertas de garaje eran simplemente enormes tablas de madera atornilladas y luego cerradas con una enorme cerradura que deb\u00eda abrirse y [&hellip;]<\/p>\n","protected":false},"author":1,"featured_media":0,"parent":0,"menu_order":0,"comment_status":"closed","ping_status":"closed","template":"","meta":{"_et_pb_use_builder":"on","_et_pb_old_content":"<!-- wp:divi\/placeholder \/-->","_et_gb_content_width":"","footnotes":""},"class_list":["post-316","page","type-page","status-publish","hentry"],"yoast_head":"<!-- This site is optimized with the Yoast SEO plugin v27.4 - https:\/\/yoast.com\/product\/yoast-seo-wordpress\/ -->\n<title>Larry&#039;s Garage Door Repair | Resortes de garaje de la mejor calidad y excelente servicio al cliente!<\/title>\n<meta name=\"description\" content=\"Conf\u00ede en Larry&#039;s Garage Door Repair para todas sus necesidades de resortes de garaje. Instalamos o reparamos la mayor\u00eda de los tipos de resortes de garaje con un excelente servicio al cliente. Elija entre una amplia variedad de resortes y perm\u00edtanos ayudarlo a encontrar el adecuado para su puerta hoy.\" \/>\n<meta name=\"robots\" content=\"index, follow, max-snippet:-1, max-image-preview:large, max-video-preview:-1\" \/>\n<link rel=\"canonical\" href=\"https:\/\/larrysgaragedoorrepair.com\/es\/muelles-de-garaje\" \/>\n<meta property=\"og:locale\" content=\"en_US\" \/>\n<meta property=\"og:type\" content=\"article\" \/>\n<meta property=\"og:title\" content=\"Larry&#039;s Garage Door Repair | Resortes de garaje de la mejor calidad y excelente servicio al cliente!\" \/>\n<meta property=\"og:description\" content=\"Conf\u00ede en Larry&#039;s Garage Door Repair para todas sus necesidades de resortes de garaje. Instalamos o reparamos la mayor\u00eda de los tipos de resortes de garaje con un excelente servicio al cliente. Elija entre una amplia variedad de resortes y perm\u00edtanos ayudarlo a encontrar el adecuado para su puerta hoy.\" \/>\n<meta property=\"og:url\" content=\"https:\/\/larrysgaragedoorrepair.com\/es\/muelles-de-garaje\" \/>\n<meta property=\"og:site_name\" content=\"Larry&#039;s Garage Door Repair\" \/>\n<meta property=\"article:modified_time\" content=\"2023-09-01T17:28:02+00:00\" \/>\n<meta name=\"twitter:card\" content=\"summary_large_image\" \/>\n<meta name=\"twitter:label1\" content=\"Est. reading time\" \/>\n\t<meta name=\"twitter:data1\" content=\"3 minutes\" \/>\n<script type=\"application\/ld+json\" class=\"yoast-schema-graph\">{\"@context\":\"https:\\\/\\\/schema.org\",\"@graph\":[{\"@type\":\"WebPage\",\"@id\":\"https:\\\/\\\/larrysgaragedoorrepair.com\\\/es\\\/muelles-de-garaje\",\"url\":\"https:\\\/\\\/larrysgaragedoorrepair.com\\\/es\\\/muelles-de-garaje\",\"name\":\"Larry's Garage Door Repair | Resortes de garaje de la mejor calidad y excelente servicio al cliente!\",\"isPartOf\":{\"@id\":\"https:\\\/\\\/larrysgaragedoorrepair.com\\\/es\\\/#website\"},\"datePublished\":\"2023-07-12T16:44:06+00:00\",\"dateModified\":\"2023-09-01T17:28:02+00:00\",\"description\":\"Conf\u00ede en Larry's Garage Door Repair para todas sus necesidades de resortes de garaje. Instalamos o reparamos la mayor\u00eda de los tipos de resortes de garaje con un excelente servicio al cliente. Elija entre una amplia variedad de resortes y perm\u00edtanos ayudarlo a encontrar el adecuado para su puerta hoy.\",\"breadcrumb\":{\"@id\":\"https:\\\/\\\/larrysgaragedoorrepair.com\\\/es\\\/muelles-de-garaje#breadcrumb\"},\"inLanguage\":\"en-US\",\"potentialAction\":[{\"@type\":\"ReadAction\",\"target\":[\"https:\\\/\\\/larrysgaragedoorrepair.com\\\/es\\\/muelles-de-garaje\"]}]},{\"@type\":\"BreadcrumbList\",\"@id\":\"https:\\\/\\\/larrysgaragedoorrepair.com\\\/es\\\/muelles-de-garaje#breadcrumb\",\"itemListElement\":[{\"@type\":\"ListItem\",\"position\":1,\"name\":\"Home\",\"item\":\"https:\\\/\\\/larrysgaragedoorrepair.com\\\/es\\\/\"},{\"@type\":\"ListItem\",\"position\":2,\"name\":\"Muelles de garaje\"}]},{\"@type\":\"WebSite\",\"@id\":\"https:\\\/\\\/larrysgaragedoorrepair.com\\\/es\\\/#website\",\"url\":\"https:\\\/\\\/larrysgaragedoorrepair.com\\\/es\\\/\",\"name\":\"Larry&#039;s Garage Door Repair\",\"description\":\"\",\"potentialAction\":[{\"@type\":\"SearchAction\",\"target\":{\"@type\":\"EntryPoint\",\"urlTemplate\":\"https:\\\/\\\/larrysgaragedoorrepair.com\\\/es\\\/?s={search_term_string}\"},\"query-input\":{\"@type\":\"PropertyValueSpecification\",\"valueRequired\":true,\"valueName\":\"search_term_string\"}}],\"inLanguage\":\"en-US\"}]}<\/script>\n<!-- \/ Yoast SEO plugin. -->","yoast_head_json":{"title":"Larry's Garage Door Repair | Resortes de garaje de la mejor calidad y excelente servicio al cliente!","description":"Conf\u00ede en Larry's Garage Door Repair para todas sus necesidades de resortes de garaje. Instalamos o reparamos la mayor\u00eda de los tipos de resortes de garaje con un excelente servicio al cliente. Elija entre una amplia variedad de resortes y perm\u00edtanos ayudarlo a encontrar el adecuado para su puerta hoy.","robots":{"index":"index","follow":"follow","max-snippet":"max-snippet:-1","max-image-preview":"max-image-preview:large","max-video-preview":"max-video-preview:-1"},"canonical":"https:\/\/larrysgaragedoorrepair.com\/es\/muelles-de-garaje","og_locale":"en_US","og_type":"article","og_title":"Larry's Garage Door Repair | Resortes de garaje de la mejor calidad y excelente servicio al cliente!","og_description":"Conf\u00ede en Larry's Garage Door Repair para todas sus necesidades de resortes de garaje. Instalamos o reparamos la mayor\u00eda de los tipos de resortes de garaje con un excelente servicio al cliente. Elija entre una amplia variedad de resortes y perm\u00edtanos ayudarlo a encontrar el adecuado para su puerta hoy.","og_url":"https:\/\/larrysgaragedoorrepair.com\/es\/muelles-de-garaje","og_site_name":"Larry&#039;s Garage Door Repair","article_modified_time":"2023-09-01T17:28:02+00:00","twitter_card":"summary_large_image","twitter_misc":{"Est. reading time":"3 minutes"},"schema":{"@context":"https:\/\/schema.org","@graph":[{"@type":"WebPage","@id":"https:\/\/larrysgaragedoorrepair.com\/es\/muelles-de-garaje","url":"https:\/\/larrysgaragedoorrepair.com\/es\/muelles-de-garaje","name":"Larry's Garage Door Repair | Resortes de garaje de la mejor calidad y excelente servicio al cliente!","isPartOf":{"@id":"https:\/\/larrysgaragedoorrepair.com\/es\/#website"},"datePublished":"2023-07-12T16:44:06+00:00","dateModified":"2023-09-01T17:28:02+00:00","description":"Conf\u00ede en Larry's Garage Door Repair para todas sus necesidades de resortes de garaje. Instalamos o reparamos la mayor\u00eda de los tipos de resortes de garaje con un excelente servicio al cliente. Elija entre una amplia variedad de resortes y perm\u00edtanos ayudarlo a encontrar el adecuado para su puerta hoy.","breadcrumb":{"@id":"https:\/\/larrysgaragedoorrepair.com\/es\/muelles-de-garaje#breadcrumb"},"inLanguage":"en-US","potentialAction":[{"@type":"ReadAction","target":["https:\/\/larrysgaragedoorrepair.com\/es\/muelles-de-garaje"]}]},{"@type":"BreadcrumbList","@id":"https:\/\/larrysgaragedoorrepair.com\/es\/muelles-de-garaje#breadcrumb","itemListElement":[{"@type":"ListItem","position":1,"name":"Home","item":"https:\/\/larrysgaragedoorrepair.com\/es\/"},{"@type":"ListItem","position":2,"name":"Muelles de garaje"}]},{"@type":"WebSite","@id":"https:\/\/larrysgaragedoorrepair.com\/es\/#website","url":"https:\/\/larrysgaragedoorrepair.com\/es\/","name":"Larry&#039;s Garage Door Repair","description":"","potentialAction":[{"@type":"SearchAction","target":{"@type":"EntryPoint","urlTemplate":"https:\/\/larrysgaragedoorrepair.com\/es\/?s={search_term_string}"},"query-input":{"@type":"PropertyValueSpecification","valueRequired":true,"valueName":"search_term_string"}}],"inLanguage":"en-US"}]}},"_links":{"self":[{"href":"https:\/\/larrysgaragedoorrepair.com\/es\/wp-json\/wp\/v2\/pages\/316","targetHints":{"allow":["GET"]}}],"collection":[{"href":"https:\/\/larrysgaragedoorrepair.com\/es\/wp-json\/wp\/v2\/pages"}],"about":[{"href":"https:\/\/larrysgaragedoorrepair.com\/es\/wp-json\/wp\/v2\/types\/page"}],"author":[{"embeddable":true,"href":"https:\/\/larrysgaragedoorrepair.com\/es\/wp-json\/wp\/v2\/users\/1"}],"replies":[{"embeddable":true,"href":"https:\/\/larrysgaragedoorrepair.com\/es\/wp-json\/wp\/v2\/comments?post=316"}],"version-history":[{"count":11,"href":"https:\/\/larrysgaragedoorrepair.com\/es\/wp-json\/wp\/v2\/pages\/316\/revisions"}],"predecessor-version":[{"id":744,"href":"https:\/\/larrysgaragedoorrepair.com\/es\/wp-json\/wp\/v2\/pages\/316\/revisions\/744"}],"wp:attachment":[{"href":"https:\/\/larrysgaragedoorrepair.com\/es\/wp-json\/wp\/v2\/media?parent=316"}],"curies":[{"name":"wp","href":"https:\/\/api.w.org\/{rel}","templated":true}]}}