{"id":258,"date":"2023-07-12T15:54:31","date_gmt":"2023-07-12T15:54:31","guid":{"rendered":"https:\/\/larrysgaragedoorrepair.com\/es\/?page_id=258"},"modified":"2023-09-01T17:28:48","modified_gmt":"2023-09-01T17:28:48","slug":"reparacion-de-puertas-de-garaje-visalia","status":"publish","type":"page","link":"https:\/\/larrysgaragedoorrepair.com\/es\/reparacion-de-puertas-de-garaje-visalia","title":{"rendered":"Reparaci\u00f3n de puertas de garaje Visalia"},"content":{"rendered":"<p>[et_pb_section fb_built=&#8221;1&#8243; fullwidth=&#8221;on&#8221; _builder_version=&#8221;4.21.0&#8243; _module_preset=&#8221;default&#8221; global_colors_info=&#8221;{}&#8221;][et_pb_fullwidth_image src=&#8221;https:\/\/larrysgaragedoorrepair.com\/es\/wp-content\/uploads\/2023\/08\/444.jpg&#8221; alt=&#8221;Garage Door Repair Visalia&#8221; title_text=&#8221;444&#8243; _builder_version=&#8221;4.22.1&#8243; _module_preset=&#8221;default&#8221; hover_enabled=&#8221;0&#8243; global_colors_info=&#8221;{}&#8221; sticky_enabled=&#8221;0&#8243;][\/et_pb_fullwidth_image][\/et_pb_section][et_pb_section fb_built=&#8221;1&#8243; _builder_version=&#8221;4.21.0&#8243; _module_preset=&#8221;default&#8221; background_image=&#8221;https:\/\/larrysgaragedoorrepair.com\/es\/wp-content\/uploads\/2023\/07\/shape-2.png&#8221; parallax=&#8221;on&#8221; parallax_method=&#8221;off&#8221; global_colors_info=&#8221;{}&#8221;][et_pb_row column_structure=&#8221;1_2,1_2&#8243; _builder_version=&#8221;4.21.0&#8243; _module_preset=&#8221;default&#8221; global_colors_info=&#8221;{}&#8221;][et_pb_column type=&#8221;1_2&#8243; _builder_version=&#8221;4.21.0&#8243; _module_preset=&#8221;default&#8221; global_colors_info=&#8221;{}&#8221;][et_pb_gallery gallery_ids=&#8221;246,247,248,249,251&#8243; fullwidth=&#8221;on&#8221; _builder_version=&#8221;4.21.0&#8243; _module_preset=&#8221;default&#8221; animation_style=&#8221;slide&#8221; animation_direction=&#8221;left&#8221; border_width_all=&#8221;10px&#8221; border_color_all=&#8221;#FFFFFF&#8221; box_shadow_style=&#8221;preset1&#8243; global_colors_info=&#8221;{}&#8221;][\/et_pb_gallery][\/et_pb_column][et_pb_column type=&#8221;1_2&#8243; _builder_version=&#8221;4.21.0&#8243; _module_preset=&#8221;default&#8221; global_colors_info=&#8221;{}&#8221;][et_pb_text _builder_version=&#8221;4.22.1&#8243; _module_preset=&#8221;default&#8221; header_2_font=&#8221;Merriweather|700|||||||&#8221; header_2_text_color=&#8221;#000000&#8243; custom_margin=&#8221;||16px|||&#8221; animation_style=&#8221;slide&#8221; global_colors_info=&#8221;{}&#8221;]<\/p>\n<h2>Reparaci\u00f3n de puertas de garaje Visalia<\/h2>\n<p>[\/et_pb_text][et_pb_text _builder_version=&#8221;4.22.1&#8243; _module_preset=&#8221;default&#8221; text_font=&#8221;Poppins||||||||&#8221; text_text_color=&#8221;#000000&#8243; text_font_size=&#8221;16px&#8221; animation_style=&#8221;slide&#8221; global_colors_info=&#8221;{}&#8221;]Si la puerta de su garaje se rompi\u00f3 en Visalia, Ca, debe llamar a Larry&#8217;s. \u00c9l y su equipo de expertos son en quienes puede confiar para cualquier reparaci\u00f3n, mantenimiento o servicio que su puerta de garaje pueda necesitar. Cuando la puerta de su garaje se rompe, quiere a alguien que pueda darle respuestas sencillas. Larry puede darte respuestas, pero lo m\u00e1s importante: soluciona tu problema.<\/p>\n<p>Aqu\u00ed hay una lista r\u00e1pida que puede consultar para saber qu\u00e9 est\u00e1 sucediendo con la puerta de su garaje.[\/et_pb_text][et_pb_text _builder_version=&#8221;4.22.1&#8243; _module_preset=&#8221;default&#8221; header_2_font=&#8221;Merriweather|700|||||||&#8221; header_2_text_color=&#8221;#000000&#8243; header_2_font_size=&#8221;20px&#8221; custom_margin=&#8221;||16px|||&#8221; animation_style=&#8221;slide&#8221; global_colors_info=&#8221;{}&#8221;]<\/p>\n<h2>Compruebe los rodillos y las pistas<\/h2>\n<p>[\/et_pb_text][et_pb_text _builder_version=&#8221;4.22.1&#8243; _module_preset=&#8221;default&#8221; text_font=&#8221;Poppins||||||||&#8221; text_text_color=&#8221;#000000&#8243; text_font_size=&#8221;16px&#8221; animation_style=&#8221;slide&#8221; global_colors_info=&#8221;{}&#8221;]Si ha pasado un tiempo desde la \u00faltima vez que recibi\u00f3 mantenimiento la puerta de su garaje, es posible que necesite lubricaci\u00f3n o que los rodillos se hayan desgastado.[\/et_pb_text][et_pb_text _builder_version=&#8221;4.22.1&#8243; _module_preset=&#8221;default&#8221; header_2_font=&#8221;Merriweather|700|||||||&#8221; header_2_text_color=&#8221;#000000&#8243; header_2_font_size=&#8221;20px&#8221; custom_margin=&#8221;||16px|||&#8221; animation_style=&#8221;slide&#8221; global_colors_info=&#8221;{}&#8221;]<\/p>\n<h2>Verificaci\u00f3n de hardware<\/h2>\n<p>[\/et_pb_text][et_pb_text _builder_version=&#8221;4.22.1&#8243; _module_preset=&#8221;default&#8221; text_font=&#8221;Poppins||||||||&#8221; text_text_color=&#8221;#000000&#8243; text_font_size=&#8221;16px&#8221; animation_style=&#8221;slide&#8221; global_colors_info=&#8221;{}&#8221;]Los rieles de la puerta del garaje se ensamblan en secciones y esas secciones se mantienen en su lugar con soportes. Debido al uso constante, los tornillos y pernos de esos soportes pueden aflojarse y afectar el funcionamiento de la puerta.[\/et_pb_text][et_pb_text _builder_version=&#8221;4.22.1&#8243; _module_preset=&#8221;default&#8221; header_2_font=&#8221;Merriweather|700|||||||&#8221; header_2_text_color=&#8221;#000000&#8243; header_2_font_size=&#8221;20px&#8221; custom_margin=&#8221;||16px|||&#8221; animation_style=&#8221;slide&#8221; global_colors_info=&#8221;{}&#8221;]<\/p>\n<h2>Revisar cables y poleas<\/h2>\n<p>[\/et_pb_text][et_pb_text _builder_version=&#8221;4.22.1&#8243; _module_preset=&#8221;default&#8221; text_font=&#8221;Poppins||||||||&#8221; text_text_color=&#8221;#000000&#8243; text_font_size=&#8221;16px&#8221; animation_style=&#8221;slide&#8221; global_colors_info=&#8221;{}&#8221;]Si la puerta de su garaje funciona con resorte, existe la posibilidad de que los cables y poleas del mecanismo se desgasten con el tiempo. Si ese es el caso, deber\u00e1s reemplazar todos los cables deshilachados y las poleas da\u00f1adas. \u00a1Ll\u00e1manos y d\u00e9janos ayudarte con eso![\/et_pb_text][\/et_pb_column][\/et_pb_row][\/et_pb_section]<\/p>\n","protected":false},"excerpt":{"rendered":"<p>Reparaci\u00f3n de puertas de garaje VisaliaSi la puerta de su garaje se rompi\u00f3 en Visalia, Ca, debe llamar a Larry&#8217;s. \u00c9l y su equipo de expertos son en quienes puede confiar para cualquier reparaci\u00f3n, mantenimiento o servicio que su puerta de garaje pueda necesitar. Cuando la puerta de su garaje se rompe, quiere a alguien [&hellip;]<\/p>\n","protected":false},"author":1,"featured_media":0,"parent":0,"menu_order":0,"comment_status":"closed","ping_status":"closed","template":"","meta":{"_et_pb_use_builder":"on","_et_pb_old_content":"<!-- wp:divi\/placeholder \/-->","_et_gb_content_width":"","footnotes":""},"class_list":["post-258","page","type-page","status-publish","hentry"],"yoast_head":"<!-- This site is optimized with the Yoast SEO plugin v27.4 - https:\/\/yoast.com\/product\/yoast-seo-wordpress\/ -->\n<title>Reparaci\u00f3n de emergencia de puertas de garaje y servicio al cliente en Visalia, CA - Larry&#039;s Garage Door Repair<\/title>\n<meta name=\"description\" content=\"\u00bfNecesita arreglar la puerta de su garaje? No busque m\u00e1s, Larry&#039;s Garage Door Repair en Visalia, CA. Ofreciendo reparaciones de emergencia y excelente servicio al cliente: \u00a1p\u00f3ngase en contacto hoy!\" \/>\n<meta name=\"robots\" content=\"index, follow, max-snippet:-1, max-image-preview:large, max-video-preview:-1\" \/>\n<link rel=\"canonical\" href=\"https:\/\/larrysgaragedoorrepair.com\/es\/reparacion-de-puertas-de-garaje-visalia\" \/>\n<meta property=\"og:locale\" content=\"en_US\" \/>\n<meta property=\"og:type\" content=\"article\" \/>\n<meta property=\"og:title\" content=\"Reparaci\u00f3n de emergencia de puertas de garaje y servicio al cliente en Visalia, CA - Larry&#039;s Garage Door Repair\" \/>\n<meta property=\"og:description\" content=\"\u00bfNecesita arreglar la puerta de su garaje? No busque m\u00e1s, Larry&#039;s Garage Door Repair en Visalia, CA. Ofreciendo reparaciones de emergencia y excelente servicio al cliente: \u00a1p\u00f3ngase en contacto hoy!\" \/>\n<meta property=\"og:url\" content=\"https:\/\/larrysgaragedoorrepair.com\/es\/reparacion-de-puertas-de-garaje-visalia\" \/>\n<meta property=\"og:site_name\" content=\"Larry&#039;s Garage Door Repair\" \/>\n<meta property=\"article:modified_time\" content=\"2023-09-01T17:28:48+00:00\" \/>\n<meta name=\"twitter:card\" content=\"summary_large_image\" \/>\n<meta name=\"twitter:label1\" content=\"Est. reading time\" \/>\n\t<meta name=\"twitter:data1\" content=\"2 minutes\" \/>\n<script type=\"application\/ld+json\" class=\"yoast-schema-graph\">{\"@context\":\"https:\\\/\\\/schema.org\",\"@graph\":[{\"@type\":\"WebPage\",\"@id\":\"https:\\\/\\\/larrysgaragedoorrepair.com\\\/es\\\/reparacion-de-puertas-de-garaje-visalia\",\"url\":\"https:\\\/\\\/larrysgaragedoorrepair.com\\\/es\\\/reparacion-de-puertas-de-garaje-visalia\",\"name\":\"Reparaci\u00f3n de emergencia de puertas de garaje y servicio al cliente en Visalia, CA - Larry's Garage Door Repair\",\"isPartOf\":{\"@id\":\"https:\\\/\\\/larrysgaragedoorrepair.com\\\/es\\\/#website\"},\"datePublished\":\"2023-07-12T15:54:31+00:00\",\"dateModified\":\"2023-09-01T17:28:48+00:00\",\"description\":\"\u00bfNecesita arreglar la puerta de su garaje? No busque m\u00e1s, Larry's Garage Door Repair en Visalia, CA. Ofreciendo reparaciones de emergencia y excelente servicio al cliente: \u00a1p\u00f3ngase en contacto hoy!\",\"breadcrumb\":{\"@id\":\"https:\\\/\\\/larrysgaragedoorrepair.com\\\/es\\\/reparacion-de-puertas-de-garaje-visalia#breadcrumb\"},\"inLanguage\":\"en-US\",\"potentialAction\":[{\"@type\":\"ReadAction\",\"target\":[\"https:\\\/\\\/larrysgaragedoorrepair.com\\\/es\\\/reparacion-de-puertas-de-garaje-visalia\"]}]},{\"@type\":\"BreadcrumbList\",\"@id\":\"https:\\\/\\\/larrysgaragedoorrepair.com\\\/es\\\/reparacion-de-puertas-de-garaje-visalia#breadcrumb\",\"itemListElement\":[{\"@type\":\"ListItem\",\"position\":1,\"name\":\"Home\",\"item\":\"https:\\\/\\\/larrysgaragedoorrepair.com\\\/es\\\/\"},{\"@type\":\"ListItem\",\"position\":2,\"name\":\"Reparaci\u00f3n de puertas de garaje Visalia\"}]},{\"@type\":\"WebSite\",\"@id\":\"https:\\\/\\\/larrysgaragedoorrepair.com\\\/es\\\/#website\",\"url\":\"https:\\\/\\\/larrysgaragedoorrepair.com\\\/es\\\/\",\"name\":\"Larry&#039;s Garage Door Repair\",\"description\":\"\",\"potentialAction\":[{\"@type\":\"SearchAction\",\"target\":{\"@type\":\"EntryPoint\",\"urlTemplate\":\"https:\\\/\\\/larrysgaragedoorrepair.com\\\/es\\\/?s={search_term_string}\"},\"query-input\":{\"@type\":\"PropertyValueSpecification\",\"valueRequired\":true,\"valueName\":\"search_term_string\"}}],\"inLanguage\":\"en-US\"}]}<\/script>\n<!-- \/ Yoast SEO plugin. -->","yoast_head_json":{"title":"Reparaci\u00f3n de emergencia de puertas de garaje y servicio al cliente en Visalia, CA - Larry's Garage Door Repair","description":"\u00bfNecesita arreglar la puerta de su garaje? No busque m\u00e1s, Larry's Garage Door Repair en Visalia, CA. Ofreciendo reparaciones de emergencia y excelente servicio al cliente: \u00a1p\u00f3ngase en contacto hoy!","robots":{"index":"index","follow":"follow","max-snippet":"max-snippet:-1","max-image-preview":"max-image-preview:large","max-video-preview":"max-video-preview:-1"},"canonical":"https:\/\/larrysgaragedoorrepair.com\/es\/reparacion-de-puertas-de-garaje-visalia","og_locale":"en_US","og_type":"article","og_title":"Reparaci\u00f3n de emergencia de puertas de garaje y servicio al cliente en Visalia, CA - Larry's Garage Door Repair","og_description":"\u00bfNecesita arreglar la puerta de su garaje? No busque m\u00e1s, Larry's Garage Door Repair en Visalia, CA. Ofreciendo reparaciones de emergencia y excelente servicio al cliente: \u00a1p\u00f3ngase en contacto hoy!","og_url":"https:\/\/larrysgaragedoorrepair.com\/es\/reparacion-de-puertas-de-garaje-visalia","og_site_name":"Larry&#039;s Garage Door Repair","article_modified_time":"2023-09-01T17:28:48+00:00","twitter_card":"summary_large_image","twitter_misc":{"Est. reading time":"2 minutes"},"schema":{"@context":"https:\/\/schema.org","@graph":[{"@type":"WebPage","@id":"https:\/\/larrysgaragedoorrepair.com\/es\/reparacion-de-puertas-de-garaje-visalia","url":"https:\/\/larrysgaragedoorrepair.com\/es\/reparacion-de-puertas-de-garaje-visalia","name":"Reparaci\u00f3n de emergencia de puertas de garaje y servicio al cliente en Visalia, CA - Larry's Garage Door Repair","isPartOf":{"@id":"https:\/\/larrysgaragedoorrepair.com\/es\/#website"},"datePublished":"2023-07-12T15:54:31+00:00","dateModified":"2023-09-01T17:28:48+00:00","description":"\u00bfNecesita arreglar la puerta de su garaje? No busque m\u00e1s, Larry's Garage Door Repair en Visalia, CA. Ofreciendo reparaciones de emergencia y excelente servicio al cliente: \u00a1p\u00f3ngase en contacto hoy!","breadcrumb":{"@id":"https:\/\/larrysgaragedoorrepair.com\/es\/reparacion-de-puertas-de-garaje-visalia#breadcrumb"},"inLanguage":"en-US","potentialAction":[{"@type":"ReadAction","target":["https:\/\/larrysgaragedoorrepair.com\/es\/reparacion-de-puertas-de-garaje-visalia"]}]},{"@type":"BreadcrumbList","@id":"https:\/\/larrysgaragedoorrepair.com\/es\/reparacion-de-puertas-de-garaje-visalia#breadcrumb","itemListElement":[{"@type":"ListItem","position":1,"name":"Home","item":"https:\/\/larrysgaragedoorrepair.com\/es\/"},{"@type":"ListItem","position":2,"name":"Reparaci\u00f3n de puertas de garaje Visalia"}]},{"@type":"WebSite","@id":"https:\/\/larrysgaragedoorrepair.com\/es\/#website","url":"https:\/\/larrysgaragedoorrepair.com\/es\/","name":"Larry&#039;s Garage Door Repair","description":"","potentialAction":[{"@type":"SearchAction","target":{"@type":"EntryPoint","urlTemplate":"https:\/\/larrysgaragedoorrepair.com\/es\/?s={search_term_string}"},"query-input":{"@type":"PropertyValueSpecification","valueRequired":true,"valueName":"search_term_string"}}],"inLanguage":"en-US"}]}},"_links":{"self":[{"href":"https:\/\/larrysgaragedoorrepair.com\/es\/wp-json\/wp\/v2\/pages\/258","targetHints":{"allow":["GET"]}}],"collection":[{"href":"https:\/\/larrysgaragedoorrepair.com\/es\/wp-json\/wp\/v2\/pages"}],"about":[{"href":"https:\/\/larrysgaragedoorrepair.com\/es\/wp-json\/wp\/v2\/types\/page"}],"author":[{"embeddable":true,"href":"https:\/\/larrysgaragedoorrepair.com\/es\/wp-json\/wp\/v2\/users\/1"}],"replies":[{"embeddable":true,"href":"https:\/\/larrysgaragedoorrepair.com\/es\/wp-json\/wp\/v2\/comments?post=258"}],"version-history":[{"count":11,"href":"https:\/\/larrysgaragedoorrepair.com\/es\/wp-json\/wp\/v2\/pages\/258\/revisions"}],"predecessor-version":[{"id":750,"href":"https:\/\/larrysgaragedoorrepair.com\/es\/wp-json\/wp\/v2\/pages\/258\/revisions\/750"}],"wp:attachment":[{"href":"https:\/\/larrysgaragedoorrepair.com\/es\/wp-json\/wp\/v2\/media?parent=258"}],"curies":[{"name":"wp","href":"https:\/\/api.w.org\/{rel}","templated":true}]}}