{"id":254,"date":"2023-07-12T15:50:41","date_gmt":"2023-07-12T15:50:41","guid":{"rendered":"https:\/\/larrysgaragedoorrepair.com\/es\/?page_id=254"},"modified":"2023-09-01T14:54:08","modified_gmt":"2023-09-01T14:54:08","slug":"reparacion-de-puertas-de-garaje-madera","status":"publish","type":"page","link":"https:\/\/larrysgaragedoorrepair.com\/es\/reparacion-de-puertas-de-garaje-madera","title":{"rendered":"Reparaci\u00f3n de puertas de garaje Madera"},"content":{"rendered":"\n[et_pb_section fb_built=&#8221;1&#8243; fullwidth=&#8221;on&#8221; _builder_version=&#8221;4.21.0&#8243; _module_preset=&#8221;default&#8221; global_colors_info=&#8221;{}&#8221;][et_pb_fullwidth_image src=&#8221;https:\/\/larrysgaragedoorrepair.com\/es\/wp-content\/uploads\/2023\/08\/444.jpg&#8221; alt=&#8221;Garage Door Repair Madera&#8221; title_text=&#8221;444&#8243; _builder_version=&#8221;4.22.1&#8243; _module_preset=&#8221;default&#8221; global_colors_info=&#8221;{}&#8221;][\/et_pb_fullwidth_image][\/et_pb_section][et_pb_section fb_built=&#8221;1&#8243; _builder_version=&#8221;4.21.0&#8243; _module_preset=&#8221;default&#8221; background_image=&#8221;https:\/\/larrysgaragedoorrepair.com\/es\/wp-content\/uploads\/2023\/07\/shape-2.png&#8221; parallax=&#8221;on&#8221; parallax_method=&#8221;off&#8221; global_colors_info=&#8221;{}&#8221;][et_pb_row column_structure=&#8221;1_2,1_2&#8243; _builder_version=&#8221;4.21.0&#8243; _module_preset=&#8221;default&#8221; global_colors_info=&#8221;{}&#8221;][et_pb_column type=&#8221;1_2&#8243; _builder_version=&#8221;4.21.0&#8243; _module_preset=&#8221;default&#8221; global_colors_info=&#8221;{}&#8221;][et_pb_gallery gallery_ids=&#8221;246,247,248,249,251&#8243; fullwidth=&#8221;on&#8221; _builder_version=&#8221;4.21.0&#8243; _module_preset=&#8221;default&#8221; animation_style=&#8221;slide&#8221; animation_direction=&#8221;left&#8221; border_width_all=&#8221;10px&#8221; border_color_all=&#8221;#FFFFFF&#8221; box_shadow_style=&#8221;preset1&#8243; global_colors_info=&#8221;{}&#8221;][\/et_pb_gallery][\/et_pb_column][et_pb_column type=&#8221;1_2&#8243; _builder_version=&#8221;4.21.0&#8243; _module_preset=&#8221;default&#8221; global_colors_info=&#8221;{}&#8221;][et_pb_text _builder_version=&#8221;4.22.1&#8243; _module_preset=&#8221;default&#8221; header_2_font=&#8221;Merriweather|700|||||||&#8221; header_2_text_color=&#8221;#000000&#8243; custom_margin=&#8221;||16px|||&#8221; animation_style=&#8221;slide&#8221; hover_enabled=&#8221;0&#8243; global_colors_info=&#8221;{}&#8221; sticky_enabled=&#8221;0&#8243; header_2_line_height=&#8221;1.5em&#8221;]<h2>Reparaci\u00f3n de puertas de garaje Madera<\/h2>[\/et_pb_text][et_pb_text _builder_version=&#8221;4.22.1&#8243; _module_preset=&#8221;default&#8221; text_font=&#8221;Poppins||||||||&#8221; text_text_color=&#8221;#000000&#8243; text_font_size=&#8221;16px&#8221; animation_style=&#8221;slide&#8221; hover_enabled=&#8221;0&#8243; global_colors_info=&#8221;{}&#8221; sticky_enabled=&#8221;0&#8243;]\u00a1Mantener la puerta de su garaje funcionando correctamente en Madera, Ca, es nuestra prioridad! Nuestro equipo de expertos puede echar un vistazo a la puerta de su garaje da\u00f1ada y darle un presupuesto antes de comprometerse. Tener una puerta de garaje rota puede ralentizar su negocio o a\u00f1adir estr\u00e9s innecesario a su casa. \u00a1Deje que nuestros expertos se encarguen de ello!\n\nA la puerta de su garaje le pueden pasar muchas cosas. Muchos de ellos pueden no parecer tan importantes porque la puerta a\u00fan funciona, pero si detectas algo mal al abrirla o cerrarla. Le recomendamos encarecidamente que llame a un experto. Cuanto antes lo arregles, menos te costar\u00e1.[\/et_pb_text][et_pb_text _builder_version=&#8221;4.22.1&#8243; _module_preset=&#8221;default&#8221; header_2_font=&#8221;Merriweather|700|||||||&#8221; header_2_text_color=&#8221;#000000&#8243; header_2_font_size=&#8221;20px&#8221; header_2_line_height=&#8221;1.5em&#8221; custom_margin=&#8221;||16px|||&#8221; animation_style=&#8221;slide&#8221; hover_enabled=&#8221;0&#8243; global_colors_info=&#8221;{}&#8221; sticky_enabled=&#8221;0&#8243;]<h2>Nuestro equipo de expertos puede ofrecerle una soluci\u00f3n a su problema de puertas de garaje<\/h2>[\/et_pb_text][et_pb_text _builder_version=&#8221;4.22.1&#8243; _module_preset=&#8221;default&#8221; text_font=&#8221;Poppins||||||||&#8221; text_text_color=&#8221;#000000&#8243; text_font_size=&#8221;16px&#8221; animation_style=&#8221;slide&#8221; hover_enabled=&#8221;0&#8243; global_colors_info=&#8221;{}&#8221; sticky_enabled=&#8221;0&#8243;]- Puerta de garaje ruidosa\n&#8211; Puerta de garaje congelada\n&#8211; Vidrio roto\n&#8211; Mantenimiento\n&#8211; Temas de seguridad\n&#8211; Resortes desgastados\n&#8211; Puerta de garaje desgastada[\/et_pb_text][et_pb_text _builder_version=&#8221;4.22.1&#8243; _module_preset=&#8221;default&#8221; text_font=&#8221;Poppins||||||||&#8221; text_text_color=&#8221;#000000&#8243; text_font_size=&#8221;16px&#8221; animation_style=&#8221;slide&#8221; hover_enabled=&#8221;0&#8243; global_colors_info=&#8221;{}&#8221; sticky_enabled=&#8221;0&#8243;]\u00a1Ll\u00e1manos y obt\u00e9n una cotizaci\u00f3n hoy![\/et_pb_text][\/et_pb_column][\/et_pb_row][\/et_pb_section]\n","protected":false},"excerpt":{"rendered":"<p>Reparaci\u00f3n de puertas de garaje Madera\u00a1Mantener la puerta de su garaje funcionando correctamente en Madera, Ca, es nuestra prioridad! Nuestro equipo de expertos puede echar un vistazo a la puerta de su garaje da\u00f1ada y darle un presupuesto antes de comprometerse. Tener una puerta de garaje rota puede ralentizar su negocio o a\u00f1adir estr\u00e9s innecesario [&hellip;]<\/p>\n","protected":false},"author":1,"featured_media":0,"parent":0,"menu_order":0,"comment_status":"closed","ping_status":"closed","template":"","meta":{"_et_pb_use_builder":"on","_et_pb_old_content":"<!-- wp:divi\/placeholder \/-->","_et_gb_content_width":"","footnotes":""},"class_list":["post-254","page","type-page","status-publish","hentry"],"yoast_head":"<!-- This site is optimized with the Yoast SEO plugin v27.4 - https:\/\/yoast.com\/product\/yoast-seo-wordpress\/ -->\n<title>Larry&#039;s Garage Door Repair | Excelente servicio al cliente y reparaciones de emergencia<\/title>\n<meta name=\"description\" content=\"\u00a1Mantenga la puerta de su garaje funcionando correctamente con Larry&#039;s Garage Door Repair en Madera! Nuestros expertos brindan un excelente servicio al cliente, reparaciones de emergencia de puertas de garaje y m\u00e1s. Obtenga la ayuda que necesita hoy para una experiencia confiable y sin estr\u00e9s.\" \/>\n<meta name=\"robots\" content=\"index, follow, max-snippet:-1, max-image-preview:large, max-video-preview:-1\" \/>\n<link rel=\"canonical\" href=\"https:\/\/larrysgaragedoorrepair.com\/es\/reparacion-de-puertas-de-garaje-madera\" \/>\n<meta property=\"og:locale\" content=\"en_US\" \/>\n<meta property=\"og:type\" content=\"article\" \/>\n<meta property=\"og:title\" content=\"Larry&#039;s Garage Door Repair | Excelente servicio al cliente y reparaciones de emergencia\" \/>\n<meta property=\"og:description\" content=\"\u00a1Mantenga la puerta de su garaje funcionando correctamente con Larry&#039;s Garage Door Repair en Madera! Nuestros expertos brindan un excelente servicio al cliente, reparaciones de emergencia de puertas de garaje y m\u00e1s. Obtenga la ayuda que necesita hoy para una experiencia confiable y sin estr\u00e9s.\" \/>\n<meta property=\"og:url\" content=\"https:\/\/larrysgaragedoorrepair.com\/es\/reparacion-de-puertas-de-garaje-madera\" \/>\n<meta property=\"og:site_name\" content=\"Larry&#039;s Garage Door Repair\" \/>\n<meta property=\"article:modified_time\" content=\"2023-09-01T14:54:08+00:00\" \/>\n<meta name=\"twitter:card\" content=\"summary_large_image\" \/>\n<meta name=\"twitter:label1\" content=\"Est. reading time\" \/>\n\t<meta name=\"twitter:data1\" content=\"2 minutes\" \/>\n<script type=\"application\/ld+json\" class=\"yoast-schema-graph\">{\"@context\":\"https:\\\/\\\/schema.org\",\"@graph\":[{\"@type\":\"WebPage\",\"@id\":\"https:\\\/\\\/larrysgaragedoorrepair.com\\\/es\\\/reparacion-de-puertas-de-garaje-madera\",\"url\":\"https:\\\/\\\/larrysgaragedoorrepair.com\\\/es\\\/reparacion-de-puertas-de-garaje-madera\",\"name\":\"Larry's Garage Door Repair | Excelente servicio al cliente y reparaciones de emergencia\",\"isPartOf\":{\"@id\":\"https:\\\/\\\/larrysgaragedoorrepair.com\\\/es\\\/#website\"},\"datePublished\":\"2023-07-12T15:50:41+00:00\",\"dateModified\":\"2023-09-01T14:54:08+00:00\",\"description\":\"\u00a1Mantenga la puerta de su garaje funcionando correctamente con Larry's Garage Door Repair en Madera! Nuestros expertos brindan un excelente servicio al cliente, reparaciones de emergencia de puertas de garaje y m\u00e1s. Obtenga la ayuda que necesita hoy para una experiencia confiable y sin estr\u00e9s.\",\"breadcrumb\":{\"@id\":\"https:\\\/\\\/larrysgaragedoorrepair.com\\\/es\\\/reparacion-de-puertas-de-garaje-madera#breadcrumb\"},\"inLanguage\":\"en-US\",\"potentialAction\":[{\"@type\":\"ReadAction\",\"target\":[\"https:\\\/\\\/larrysgaragedoorrepair.com\\\/es\\\/reparacion-de-puertas-de-garaje-madera\"]}]},{\"@type\":\"BreadcrumbList\",\"@id\":\"https:\\\/\\\/larrysgaragedoorrepair.com\\\/es\\\/reparacion-de-puertas-de-garaje-madera#breadcrumb\",\"itemListElement\":[{\"@type\":\"ListItem\",\"position\":1,\"name\":\"Home\",\"item\":\"https:\\\/\\\/larrysgaragedoorrepair.com\\\/es\\\/\"},{\"@type\":\"ListItem\",\"position\":2,\"name\":\"Reparaci\u00f3n de puertas de garaje Madera\"}]},{\"@type\":\"WebSite\",\"@id\":\"https:\\\/\\\/larrysgaragedoorrepair.com\\\/es\\\/#website\",\"url\":\"https:\\\/\\\/larrysgaragedoorrepair.com\\\/es\\\/\",\"name\":\"Larry&#039;s Garage Door Repair\",\"description\":\"\",\"potentialAction\":[{\"@type\":\"SearchAction\",\"target\":{\"@type\":\"EntryPoint\",\"urlTemplate\":\"https:\\\/\\\/larrysgaragedoorrepair.com\\\/es\\\/?s={search_term_string}\"},\"query-input\":{\"@type\":\"PropertyValueSpecification\",\"valueRequired\":true,\"valueName\":\"search_term_string\"}}],\"inLanguage\":\"en-US\"}]}<\/script>\n<!-- \/ Yoast SEO plugin. -->","yoast_head_json":{"title":"Larry's Garage Door Repair | Excelente servicio al cliente y reparaciones de emergencia","description":"\u00a1Mantenga la puerta de su garaje funcionando correctamente con Larry's Garage Door Repair en Madera! Nuestros expertos brindan un excelente servicio al cliente, reparaciones de emergencia de puertas de garaje y m\u00e1s. Obtenga la ayuda que necesita hoy para una experiencia confiable y sin estr\u00e9s.","robots":{"index":"index","follow":"follow","max-snippet":"max-snippet:-1","max-image-preview":"max-image-preview:large","max-video-preview":"max-video-preview:-1"},"canonical":"https:\/\/larrysgaragedoorrepair.com\/es\/reparacion-de-puertas-de-garaje-madera","og_locale":"en_US","og_type":"article","og_title":"Larry's Garage Door Repair | Excelente servicio al cliente y reparaciones de emergencia","og_description":"\u00a1Mantenga la puerta de su garaje funcionando correctamente con Larry's Garage Door Repair en Madera! Nuestros expertos brindan un excelente servicio al cliente, reparaciones de emergencia de puertas de garaje y m\u00e1s. Obtenga la ayuda que necesita hoy para una experiencia confiable y sin estr\u00e9s.","og_url":"https:\/\/larrysgaragedoorrepair.com\/es\/reparacion-de-puertas-de-garaje-madera","og_site_name":"Larry&#039;s Garage Door Repair","article_modified_time":"2023-09-01T14:54:08+00:00","twitter_card":"summary_large_image","twitter_misc":{"Est. reading time":"2 minutes"},"schema":{"@context":"https:\/\/schema.org","@graph":[{"@type":"WebPage","@id":"https:\/\/larrysgaragedoorrepair.com\/es\/reparacion-de-puertas-de-garaje-madera","url":"https:\/\/larrysgaragedoorrepair.com\/es\/reparacion-de-puertas-de-garaje-madera","name":"Larry's Garage Door Repair | Excelente servicio al cliente y reparaciones de emergencia","isPartOf":{"@id":"https:\/\/larrysgaragedoorrepair.com\/es\/#website"},"datePublished":"2023-07-12T15:50:41+00:00","dateModified":"2023-09-01T14:54:08+00:00","description":"\u00a1Mantenga la puerta de su garaje funcionando correctamente con Larry's Garage Door Repair en Madera! Nuestros expertos brindan un excelente servicio al cliente, reparaciones de emergencia de puertas de garaje y m\u00e1s. Obtenga la ayuda que necesita hoy para una experiencia confiable y sin estr\u00e9s.","breadcrumb":{"@id":"https:\/\/larrysgaragedoorrepair.com\/es\/reparacion-de-puertas-de-garaje-madera#breadcrumb"},"inLanguage":"en-US","potentialAction":[{"@type":"ReadAction","target":["https:\/\/larrysgaragedoorrepair.com\/es\/reparacion-de-puertas-de-garaje-madera"]}]},{"@type":"BreadcrumbList","@id":"https:\/\/larrysgaragedoorrepair.com\/es\/reparacion-de-puertas-de-garaje-madera#breadcrumb","itemListElement":[{"@type":"ListItem","position":1,"name":"Home","item":"https:\/\/larrysgaragedoorrepair.com\/es\/"},{"@type":"ListItem","position":2,"name":"Reparaci\u00f3n de puertas de garaje Madera"}]},{"@type":"WebSite","@id":"https:\/\/larrysgaragedoorrepair.com\/es\/#website","url":"https:\/\/larrysgaragedoorrepair.com\/es\/","name":"Larry&#039;s Garage Door Repair","description":"","potentialAction":[{"@type":"SearchAction","target":{"@type":"EntryPoint","urlTemplate":"https:\/\/larrysgaragedoorrepair.com\/es\/?s={search_term_string}"},"query-input":{"@type":"PropertyValueSpecification","valueRequired":true,"valueName":"search_term_string"}}],"inLanguage":"en-US"}]}},"_links":{"self":[{"href":"https:\/\/larrysgaragedoorrepair.com\/es\/wp-json\/wp\/v2\/pages\/254","targetHints":{"allow":["GET"]}}],"collection":[{"href":"https:\/\/larrysgaragedoorrepair.com\/es\/wp-json\/wp\/v2\/pages"}],"about":[{"href":"https:\/\/larrysgaragedoorrepair.com\/es\/wp-json\/wp\/v2\/types\/page"}],"author":[{"embeddable":true,"href":"https:\/\/larrysgaragedoorrepair.com\/es\/wp-json\/wp\/v2\/users\/1"}],"replies":[{"embeddable":true,"href":"https:\/\/larrysgaragedoorrepair.com\/es\/wp-json\/wp\/v2\/comments?post=254"}],"version-history":[{"count":10,"href":"https:\/\/larrysgaragedoorrepair.com\/es\/wp-json\/wp\/v2\/pages\/254\/revisions"}],"predecessor-version":[{"id":706,"href":"https:\/\/larrysgaragedoorrepair.com\/es\/wp-json\/wp\/v2\/pages\/254\/revisions\/706"}],"wp:attachment":[{"href":"https:\/\/larrysgaragedoorrepair.com\/es\/wp-json\/wp\/v2\/media?parent=254"}],"curies":[{"name":"wp","href":"https:\/\/api.w.org\/{rel}","templated":true}]}}