{"id":244,"date":"2023-07-12T15:43:14","date_gmt":"2023-07-12T15:43:14","guid":{"rendered":"https:\/\/larrysgaragedoorrepair.com\/es\/?page_id=244"},"modified":"2023-09-01T14:53:22","modified_gmt":"2023-09-01T14:53:22","slug":"reparacion-de-puertas-de-garaje-clovis","status":"publish","type":"page","link":"https:\/\/larrysgaragedoorrepair.com\/es\/reparacion-de-puertas-de-garaje-clovis","title":{"rendered":"Reparaci\u00f3n de puertas de garaje Clovis"},"content":{"rendered":"\n[et_pb_section fb_built=&#8221;1&#8243; fullwidth=&#8221;on&#8221; _builder_version=&#8221;4.21.0&#8243; _module_preset=&#8221;default&#8221; global_colors_info=&#8221;{}&#8221;][et_pb_fullwidth_image src=&#8221;https:\/\/larrysgaragedoorrepair.com\/es\/wp-content\/uploads\/2023\/08\/444.jpg&#8221; alt=&#8221;Garage Door Repair Clovis&#8221; title_text=&#8221;444&#8243; _builder_version=&#8221;4.22.1&#8243; _module_preset=&#8221;default&#8221; global_colors_info=&#8221;{}&#8221;][\/et_pb_fullwidth_image][\/et_pb_section][et_pb_section fb_built=&#8221;1&#8243; _builder_version=&#8221;4.21.0&#8243; _module_preset=&#8221;default&#8221; background_image=&#8221;https:\/\/larrysgaragedoorrepair.com\/es\/wp-content\/uploads\/2023\/07\/shape-2.png&#8221; parallax=&#8221;on&#8221; parallax_method=&#8221;off&#8221; global_colors_info=&#8221;{}&#8221;][et_pb_row column_structure=&#8221;1_2,1_2&#8243; _builder_version=&#8221;4.21.0&#8243; _module_preset=&#8221;default&#8221; global_colors_info=&#8221;{}&#8221;][et_pb_column type=&#8221;1_2&#8243; _builder_version=&#8221;4.21.0&#8243; _module_preset=&#8221;default&#8221; global_colors_info=&#8221;{}&#8221;][et_pb_gallery gallery_ids=&#8221;246,247,248,249,251&#8243; fullwidth=&#8221;on&#8221; _builder_version=&#8221;4.21.0&#8243; _module_preset=&#8221;default&#8221; animation_style=&#8221;slide&#8221; animation_direction=&#8221;left&#8221; border_width_all=&#8221;10px&#8221; border_color_all=&#8221;#FFFFFF&#8221; box_shadow_style=&#8221;preset1&#8243; global_colors_info=&#8221;{}&#8221;][\/et_pb_gallery][\/et_pb_column][et_pb_column type=&#8221;1_2&#8243; _builder_version=&#8221;4.21.0&#8243; _module_preset=&#8221;default&#8221; global_colors_info=&#8221;{}&#8221;][et_pb_text _builder_version=&#8221;4.22.1&#8243; _module_preset=&#8221;default&#8221; header_2_font=&#8221;Merriweather|700|||||||&#8221; header_2_text_color=&#8221;#000000&#8243; custom_margin=&#8221;||16px|||&#8221; animation_style=&#8221;slide&#8221; hover_enabled=&#8221;0&#8243; global_colors_info=&#8221;{}&#8221; sticky_enabled=&#8221;0&#8243;]<h2>Reparaci\u00f3n de puertas de garaje Clovis<\/h2>[\/et_pb_text][et_pb_text _builder_version=&#8221;4.22.1&#8243; _module_preset=&#8221;default&#8221; text_font=&#8221;Poppins||||||||&#8221; text_text_color=&#8221;#000000&#8243; text_font_size=&#8221;16px&#8221; animation_style=&#8221;slide&#8221; hover_enabled=&#8221;0&#8243; global_colors_info=&#8221;{}&#8221; sticky_enabled=&#8221;0&#8243;]La puerta de su garaje es una de esas cosas que tiene que estar bien y funcionando las 24 horas del d\u00eda, los 7 d\u00edas de la semana. Es por eso que en Larry&#8217;s ofrecemos el mejor servicio de reparaci\u00f3n de puertas de garaje en el \u00e1rea de Clovis, Ca. Ya sea que la puerta de su casa o negocio requiera reparaci\u00f3n o cualquier tipo de mantenimiento, \u00a1nuestro equipo de expertos se encargar\u00e1 de la tarea![\/et_pb_text][et_pb_text _builder_version=&#8221;4.22.1&#8243; _module_preset=&#8221;default&#8221; header_2_font=&#8221;Merriweather|700|||||||&#8221; header_2_text_color=&#8221;#000000&#8243; header_2_font_size=&#8221;20px&#8221; custom_margin=&#8221;||16px|||&#8221; animation_style=&#8221;slide&#8221; hover_enabled=&#8221;0&#8243; global_colors_info=&#8221;{}&#8221; sticky_enabled=&#8221;0&#8243;]<h2>\u00bfPuerta de garaje congelada?<\/h2>[\/et_pb_text][et_pb_text _builder_version=&#8221;4.22.1&#8243; _module_preset=&#8221;default&#8221; text_font=&#8221;Poppins||||||||&#8221; text_text_color=&#8221;#000000&#8243; text_font_size=&#8221;16px&#8221; animation_style=&#8221;slide&#8221; hover_enabled=&#8221;0&#8243; global_colors_info=&#8221;{}&#8221; sticky_enabled=&#8221;0&#8243;]\u00a1No hay nada peor en un d\u00eda fr\u00edo en Clovis que descubrir que la puerta de su garaje se congel\u00f3! La mezcla de humedad y fr\u00edo puede convertirse en tu peor enemigo. Las puertas de garaje se congelan en esas circunstancias, aunque a veces es solo un poco de hielo que se desprende al abrir la puerta, \u00a1otras veces eso puede convertirse en un aut\u00e9ntico problema! Si esto te acaba de suceder, te recomendamos encarecidamente que evites presionar el bot\u00f3n de apertura una y otra vez, ya que eso puede causar a\u00fan m\u00e1s problemas, como engranajes pelados, resortes rotos o motor quemado.\n\nEn cambio, hay muchas cosas que puedes intentar para arreglar tu puerta congelada. Por ejemplo, puedes utilizar una pistola de calor para derretir el hielo alrededor del tablero y los componentes mec\u00e1nicos. Usar un producto descongelador normal tambi\u00e9n puede funcionar. Si tienes grandes trozos de hielo, tambi\u00e9n puedes intentar quitarlos primero con una pala.\n\nY si nada parece funcionar, \u00a1no te preocupes! \u00a1Llama a Larry y estaremos encantados de ayudarte![\/et_pb_text][\/et_pb_column][\/et_pb_row][\/et_pb_section]\n","protected":false},"excerpt":{"rendered":"<p>Reparaci\u00f3n de puertas de garaje ClovisLa puerta de su garaje es una de esas cosas que tiene que estar bien y funcionando las 24 horas del d\u00eda, los 7 d\u00edas de la semana. Es por eso que en Larry&#8217;s ofrecemos el mejor servicio de reparaci\u00f3n de puertas de garaje en el \u00e1rea de Clovis, Ca. [&hellip;]<\/p>\n","protected":false},"author":1,"featured_media":0,"parent":0,"menu_order":0,"comment_status":"closed","ping_status":"closed","template":"","meta":{"_et_pb_use_builder":"on","_et_pb_old_content":"<!-- wp:divi\/placeholder \/-->","_et_gb_content_width":"","footnotes":""},"class_list":["post-244","page","type-page","status-publish","hentry"],"yoast_head":"<!-- This site is optimized with the Yoast SEO plugin v27.4 - https:\/\/yoast.com\/product\/yoast-seo-wordpress\/ -->\n<title>Larry\u2019s Garage Door Repair - Servicio profesional y reparaciones de emergencia en Clovis, CA<\/title>\n<meta name=\"description\" content=\"Obtenga los servicios de reparaci\u00f3n de puertas de garaje m\u00e1s r\u00e1pidos, confiables y de mayor calidad de Larry&#039;s Garage Door Repair en Clovis, CA. Nuestro equipo est\u00e1 disponible 24 horas al d\u00eda, 7 d\u00edas a la semana para cualquier tipo de reparaci\u00f3n que necesite. \u00a1Excelente servicio al cliente!\" \/>\n<meta name=\"robots\" content=\"index, follow, max-snippet:-1, max-image-preview:large, max-video-preview:-1\" \/>\n<link rel=\"canonical\" href=\"https:\/\/larrysgaragedoorrepair.com\/es\/reparacion-de-puertas-de-garaje-clovis\" \/>\n<meta property=\"og:locale\" content=\"en_US\" \/>\n<meta property=\"og:type\" content=\"article\" \/>\n<meta property=\"og:title\" content=\"Larry\u2019s Garage Door Repair - Servicio profesional y reparaciones de emergencia en Clovis, CA\" \/>\n<meta property=\"og:description\" content=\"Obtenga los servicios de reparaci\u00f3n de puertas de garaje m\u00e1s r\u00e1pidos, confiables y de mayor calidad de Larry&#039;s Garage Door Repair en Clovis, CA. Nuestro equipo est\u00e1 disponible 24 horas al d\u00eda, 7 d\u00edas a la semana para cualquier tipo de reparaci\u00f3n que necesite. \u00a1Excelente servicio al cliente!\" \/>\n<meta property=\"og:url\" content=\"https:\/\/larrysgaragedoorrepair.com\/es\/reparacion-de-puertas-de-garaje-clovis\" \/>\n<meta property=\"og:site_name\" content=\"Larry&#039;s Garage Door Repair\" \/>\n<meta property=\"article:modified_time\" content=\"2023-09-01T14:53:22+00:00\" \/>\n<meta name=\"twitter:card\" content=\"summary_large_image\" \/>\n<meta name=\"twitter:label1\" content=\"Est. reading time\" \/>\n\t<meta name=\"twitter:data1\" content=\"2 minutes\" \/>\n<script type=\"application\/ld+json\" class=\"yoast-schema-graph\">{\"@context\":\"https:\\\/\\\/schema.org\",\"@graph\":[{\"@type\":\"WebPage\",\"@id\":\"https:\\\/\\\/larrysgaragedoorrepair.com\\\/es\\\/reparacion-de-puertas-de-garaje-clovis\",\"url\":\"https:\\\/\\\/larrysgaragedoorrepair.com\\\/es\\\/reparacion-de-puertas-de-garaje-clovis\",\"name\":\"Larry\u2019s Garage Door Repair - Servicio profesional y reparaciones de emergencia en Clovis, CA\",\"isPartOf\":{\"@id\":\"https:\\\/\\\/larrysgaragedoorrepair.com\\\/es\\\/#website\"},\"datePublished\":\"2023-07-12T15:43:14+00:00\",\"dateModified\":\"2023-09-01T14:53:22+00:00\",\"description\":\"Obtenga los servicios de reparaci\u00f3n de puertas de garaje m\u00e1s r\u00e1pidos, confiables y de mayor calidad de Larry's Garage Door Repair en Clovis, CA. Nuestro equipo est\u00e1 disponible 24 horas al d\u00eda, 7 d\u00edas a la semana para cualquier tipo de reparaci\u00f3n que necesite. \u00a1Excelente servicio al cliente!\",\"breadcrumb\":{\"@id\":\"https:\\\/\\\/larrysgaragedoorrepair.com\\\/es\\\/reparacion-de-puertas-de-garaje-clovis#breadcrumb\"},\"inLanguage\":\"en-US\",\"potentialAction\":[{\"@type\":\"ReadAction\",\"target\":[\"https:\\\/\\\/larrysgaragedoorrepair.com\\\/es\\\/reparacion-de-puertas-de-garaje-clovis\"]}]},{\"@type\":\"BreadcrumbList\",\"@id\":\"https:\\\/\\\/larrysgaragedoorrepair.com\\\/es\\\/reparacion-de-puertas-de-garaje-clovis#breadcrumb\",\"itemListElement\":[{\"@type\":\"ListItem\",\"position\":1,\"name\":\"Home\",\"item\":\"https:\\\/\\\/larrysgaragedoorrepair.com\\\/es\\\/\"},{\"@type\":\"ListItem\",\"position\":2,\"name\":\"Reparaci\u00f3n de puertas de garaje Clovis\"}]},{\"@type\":\"WebSite\",\"@id\":\"https:\\\/\\\/larrysgaragedoorrepair.com\\\/es\\\/#website\",\"url\":\"https:\\\/\\\/larrysgaragedoorrepair.com\\\/es\\\/\",\"name\":\"Larry&#039;s Garage Door Repair\",\"description\":\"\",\"potentialAction\":[{\"@type\":\"SearchAction\",\"target\":{\"@type\":\"EntryPoint\",\"urlTemplate\":\"https:\\\/\\\/larrysgaragedoorrepair.com\\\/es\\\/?s={search_term_string}\"},\"query-input\":{\"@type\":\"PropertyValueSpecification\",\"valueRequired\":true,\"valueName\":\"search_term_string\"}}],\"inLanguage\":\"en-US\"}]}<\/script>\n<!-- \/ Yoast SEO plugin. -->","yoast_head_json":{"title":"Larry\u2019s Garage Door Repair - Servicio profesional y reparaciones de emergencia en Clovis, CA","description":"Obtenga los servicios de reparaci\u00f3n de puertas de garaje m\u00e1s r\u00e1pidos, confiables y de mayor calidad de Larry's Garage Door Repair en Clovis, CA. Nuestro equipo est\u00e1 disponible 24 horas al d\u00eda, 7 d\u00edas a la semana para cualquier tipo de reparaci\u00f3n que necesite. \u00a1Excelente servicio al cliente!","robots":{"index":"index","follow":"follow","max-snippet":"max-snippet:-1","max-image-preview":"max-image-preview:large","max-video-preview":"max-video-preview:-1"},"canonical":"https:\/\/larrysgaragedoorrepair.com\/es\/reparacion-de-puertas-de-garaje-clovis","og_locale":"en_US","og_type":"article","og_title":"Larry\u2019s Garage Door Repair - Servicio profesional y reparaciones de emergencia en Clovis, CA","og_description":"Obtenga los servicios de reparaci\u00f3n de puertas de garaje m\u00e1s r\u00e1pidos, confiables y de mayor calidad de Larry's Garage Door Repair en Clovis, CA. Nuestro equipo est\u00e1 disponible 24 horas al d\u00eda, 7 d\u00edas a la semana para cualquier tipo de reparaci\u00f3n que necesite. \u00a1Excelente servicio al cliente!","og_url":"https:\/\/larrysgaragedoorrepair.com\/es\/reparacion-de-puertas-de-garaje-clovis","og_site_name":"Larry&#039;s Garage Door Repair","article_modified_time":"2023-09-01T14:53:22+00:00","twitter_card":"summary_large_image","twitter_misc":{"Est. reading time":"2 minutes"},"schema":{"@context":"https:\/\/schema.org","@graph":[{"@type":"WebPage","@id":"https:\/\/larrysgaragedoorrepair.com\/es\/reparacion-de-puertas-de-garaje-clovis","url":"https:\/\/larrysgaragedoorrepair.com\/es\/reparacion-de-puertas-de-garaje-clovis","name":"Larry\u2019s Garage Door Repair - Servicio profesional y reparaciones de emergencia en Clovis, CA","isPartOf":{"@id":"https:\/\/larrysgaragedoorrepair.com\/es\/#website"},"datePublished":"2023-07-12T15:43:14+00:00","dateModified":"2023-09-01T14:53:22+00:00","description":"Obtenga los servicios de reparaci\u00f3n de puertas de garaje m\u00e1s r\u00e1pidos, confiables y de mayor calidad de Larry's Garage Door Repair en Clovis, CA. Nuestro equipo est\u00e1 disponible 24 horas al d\u00eda, 7 d\u00edas a la semana para cualquier tipo de reparaci\u00f3n que necesite. \u00a1Excelente servicio al cliente!","breadcrumb":{"@id":"https:\/\/larrysgaragedoorrepair.com\/es\/reparacion-de-puertas-de-garaje-clovis#breadcrumb"},"inLanguage":"en-US","potentialAction":[{"@type":"ReadAction","target":["https:\/\/larrysgaragedoorrepair.com\/es\/reparacion-de-puertas-de-garaje-clovis"]}]},{"@type":"BreadcrumbList","@id":"https:\/\/larrysgaragedoorrepair.com\/es\/reparacion-de-puertas-de-garaje-clovis#breadcrumb","itemListElement":[{"@type":"ListItem","position":1,"name":"Home","item":"https:\/\/larrysgaragedoorrepair.com\/es\/"},{"@type":"ListItem","position":2,"name":"Reparaci\u00f3n de puertas de garaje Clovis"}]},{"@type":"WebSite","@id":"https:\/\/larrysgaragedoorrepair.com\/es\/#website","url":"https:\/\/larrysgaragedoorrepair.com\/es\/","name":"Larry&#039;s Garage Door Repair","description":"","potentialAction":[{"@type":"SearchAction","target":{"@type":"EntryPoint","urlTemplate":"https:\/\/larrysgaragedoorrepair.com\/es\/?s={search_term_string}"},"query-input":{"@type":"PropertyValueSpecification","valueRequired":true,"valueName":"search_term_string"}}],"inLanguage":"en-US"}]}},"_links":{"self":[{"href":"https:\/\/larrysgaragedoorrepair.com\/es\/wp-json\/wp\/v2\/pages\/244","targetHints":{"allow":["GET"]}}],"collection":[{"href":"https:\/\/larrysgaragedoorrepair.com\/es\/wp-json\/wp\/v2\/pages"}],"about":[{"href":"https:\/\/larrysgaragedoorrepair.com\/es\/wp-json\/wp\/v2\/types\/page"}],"author":[{"embeddable":true,"href":"https:\/\/larrysgaragedoorrepair.com\/es\/wp-json\/wp\/v2\/users\/1"}],"replies":[{"embeddable":true,"href":"https:\/\/larrysgaragedoorrepair.com\/es\/wp-json\/wp\/v2\/comments?post=244"}],"version-history":[{"count":10,"href":"https:\/\/larrysgaragedoorrepair.com\/es\/wp-json\/wp\/v2\/pages\/244\/revisions"}],"predecessor-version":[{"id":705,"href":"https:\/\/larrysgaragedoorrepair.com\/es\/wp-json\/wp\/v2\/pages\/244\/revisions\/705"}],"wp:attachment":[{"href":"https:\/\/larrysgaragedoorrepair.com\/es\/wp-json\/wp\/v2\/media?parent=244"}],"curies":[{"name":"wp","href":"https:\/\/api.w.org\/{rel}","templated":true}]}}